{"id":1546,"date":"2018-10-03T12:08:23","date_gmt":"2018-10-03T10:08:23","guid":{"rendered":"http:\/\/inderen.es\/?page_id=1546\/"},"modified":"2020-12-17T14:30:59","modified_gmt":"2020-12-17T13:30:59","slug":"inicio-nueva","status":"publish","type":"page","link":"https:\/\/inderen.es\/es\/","title":{"rendered":"Inicio"},"content":{"rendered":"<div class=\"wpb-content-wrapper\"><p>[vc_row css=\u00bb.vc_custom_1538561328109{margin-top: 0px !important;border-top-width: 0px !important;padding-top: 0px !important;}\u00bb][vc_column css=\u00bb.vc_custom_1538556888683{margin-top: 0px !important;border-top-width: 0px !important;padding-top: 0px !important;}\u00bb][rev_slider_vc alias=\u00bbSlider-Principal\u00bb][\/vc_column][\/vc_row][vc_row has_content=\u00bbinside\u00bb el_class=\u00bbcontactfront\u00bb][vc_column width=\u00bb1\/2&#8243;][vc_column_text css=\u00bb.vc_custom_1538654313861{padding-bottom: 10px !important;}\u00bb]<\/p>\n<h2 style=\"text-align: center;\">\u00bfQuienes somos?<\/h2>\n<p>[\/vc_column_text][vc_column_text css=\u00bb.vc_custom_1546601926737{margin-top: 2% !important;}\u00bb]<strong>INDEREN<\/strong>\u00a0es una empresa con una importante capacidad t\u00e9cnica y con una amplia experiencia en el campo de las instalaciones industriales, dedicada a la promoci\u00f3n y desarrollo de energ\u00edas renovables, especialmente sensibilizada con el medio ambiente.<\/p>\n<p>Ofrecemos un modelo energ\u00e9tico competitivo que proporcione rentabilidad econ\u00f3mica y valores sociales a nuestros clientes, tanto dom\u00e9sticos como industriales.[\/vc_column_text][\/vc_column][vc_column width=\u00bb1\/2&#8243;][vc_column_text css=\u00bb.vc_custom_1538566385620{margin-top: 2% !important;padding-bottom: 10px !important;}\u00bb]<\/p>\n<h2 style=\"text-align: center;\">\u00bfA qu\u00e9 nos dedicamos?<\/h2>\n<p>[\/vc_column_text][vc_column_text css=\u00bb.vc_custom_1538566402854{margin-top: 2% !important;}\u00bb]<strong>Servicios de instalaci\u00f3n en plantas de biog\u00e1s<\/strong><\/p>\n<p>Aunque hemos realizado instalaciones de energ\u00edas renovables de diferentes tipos, nos hemos ido especializando en la ejecuci\u00f3n de instalaciones en planta de biog\u00e1s para valorizaci\u00f3n agroindustrial y generaci\u00f3n el\u00e9ctrica.[\/vc_column_text][\/vc_column][\/vc_row][vc_row css=\u00bb.vc_custom_1538726702130{margin-top: 5% !important;margin-bottom: 5% !important;}\u00bb][vc_column width=\u00bb1\/3&#8243;][vc_column_text]<\/p>\n<div class=\"flip-container\">\n<div class=\"flipper\">\n<div class=\"front\" style=\"background-color: #809ba7;\">\n<div class=\"flipcontent\">\n<div class=\"dashicons dashicons-trash\" style=\"color: white; font-size: 2em; margin-left: 45%; margin-top: 3%; margin-bottom: 5%;\"><\/div>\n<h4 style=\"color: #fff; text-align: center; font-weight: 500; padding-top: 3%;\">VALORIZACI\u00d3N DE RESIDUOS<\/h4>\n<\/div>\n<\/div>\n<div class=\"back\">\n<div class=\"flipcontentback\">\n<p style=\"font-size: 90%; padding: 5%; color: white; margin-top: 5%;\">La valorizaci\u00f3n agroindustrial es la mejor soluci\u00f3n para el problema que suponen las deyecciones ganaderas y purines en granjas.<br \/>\nCon las plantas de biog\u00e1s solucionamos este problema convirti\u00e9ndolo en energ\u00eda y abono, con tasas de producci\u00f3n el\u00e9ctrica por cogeneraci\u00f3n de 365 d\u00edas al a\u00f1o.<\/p>\n<\/div>\n<\/div>\n<\/div>\n<\/div>\n<p>[\/vc_column_text][\/vc_column][vc_column width=\u00bb1\/3&#8243;][vc_column_text]<\/p>\n<div class=\"flip-container\">\n<div class=\"flipper\">\n<div class=\"front\" style=\"background-color: #809ba7;\">\n<div class=\"flipcontent\">\n<div class=\"vc_icon_element-icon fa fa-industry\" style=\"color: white; font-size: 2em; margin-left: 45%; margin-top: 5%;\"><\/div>\n<h4 style=\"color: #fff; text-align: center; font-weight: 500; padding-top: 3%;\">INSTALADORES EN PLANTAS DE BIOG\u00c1S<\/h4>\n<\/div>\n<\/div>\n<div class=\"back\">\n<div class=\"flipcontentback\">\n<p style=\"font-size: 90%; padding: 5%; color: white;\">El tipo de instalaci\u00f3n en plantas de biometanizaci\u00f3n agroindustrial para generaci\u00f3n el\u00e9ctrica es el m\u00e1s completo t\u00e9cnicamente dentro del sector del biog\u00e1s.<br \/>\nCon m\u00e1s de 20 instalaciones realizadas en plantas de biog\u00e1s nacionales e internacionales (Holanda, B\u00e9lgica, Francia, Costa Rica), somos una empresa bien posicionada y valorada en este sector.<\/p>\n<\/div>\n<\/div>\n<\/div>\n<\/div>\n<p>[\/vc_column_text][\/vc_column][vc_column width=\u00bb1\/3&#8243;][vc_column_text]<\/p>\n<div class=\"flip-container\">\n<div class=\"flipper\">\n<div class=\"front\" style=\"background-color: #809ba7;\">\n<div class=\"flipcontent\">\n<div class=\"dashicons dashicons-admin-site\" style=\"color: white; font-size: 2em; margin-left: 45%; margin-top: 3%; margin-bottom: 5%;\"><\/div>\n<h4 style=\"color: #fff; text-align: center; font-weight: 500; padding-top: 3%;\">INSTALADORES A NIVEL MUNDIAL<\/h4>\n<\/div>\n<\/div>\n<div class=\"back\">\n<div class=\"flipcontentback\">\n<p style=\"font-size: 90%; padding: 5%; color: white; margin-top: -10%;\">Nacional e internacional, Holanda, B\u00e9lgica, Francia, Costa Rica, somos una empresa bien posicionada y valorada en este sector. Realizamos la fabricaci\u00f3n, montaje, puesta en marcha y mantenimiento de instalaciones necesarias en una planta de biog\u00e1s. Nuestros instaladores poseen las certificaciones necesarias en Electricidad, Fontaner\u00eda, Gas, Sistemas de Control, Instalaciones t\u00e9rmicas, climatizaci\u00f3n y PCI (contra incendios).<\/p>\n<\/div>\n<\/div>\n<\/div>\n<\/div>\n<p>[\/vc_column_text][\/vc_column][\/vc_row][vc_row full_width=\u00bbstretch_row\u00bb css=\u00bb.vc_custom_1538654363502{padding-bottom: 2% !important;background-color: #dbe7ed !important;}\u00bb][vc_column][vc_custom_heading text=\u00bbCompetencias como instaladores\u00bb font_container=\u00bbtag:h1|text_align:center|color:%2302070a\u00bb use_theme_fonts=\u00bbyes\u00bb][\/vc_column][\/vc_row][vc_row css=\u00bb.vc_custom_1538653336185{padding-top: 60px !important;}\u00bb id=\u00bbIcons\u00bb][vc_column width=\u00bb1\/4&#8243;]<div class=\"icon style-2 icon-left\">\n            <span>\n                <i class=\"fa fa-thumbs-o-up\"><\/i>\n                <h2>Valoraci\u00f3n del dise\u00f1o<\/h2>\n                <h3 class=\"style-2\"><\/h3>\n            <\/span>\n            <p>Estudiamos la propuesta de la ingenier\u00eda y valoramos precios y alternativas.<\/p>\n    <\/div>[\/vc_column][vc_column width=\u00bb1\/4&#8243;]<div class=\"icon style-2 icon-left\">\n            <span>\n                <i class=\"fa fa-wrench\"><\/i>\n                <h2>Montaje de componentes<\/h2>\n                <h3 class=\"style-2\"><\/h3>\n            <\/span>\n            <p>In situ en obra, atendiendo a la direcci\u00f3n facultativa procedemos a la instalaci\u00f3n integral de componentes fabricados y suministrados.<\/p>\n    <\/div>[\/vc_column][vc_column width=\u00bb1\/4&#8243;]<div class=\"icon style-2 icon-left\">\n            <span>\n                <i class=\"fa fa-tachometer\"><\/i>\n                <h2>Control absoluto<\/h2>\n                <h3 class=\"style-2\"><\/h3>\n            <\/span>\n            <p>Implementamos el control y el cuadro el\u00e9ctrico de la planta de biog\u00e1s.<\/p>\n    <\/div>[\/vc_column][vc_column width=\u00bb1\/4&#8243;]<div class=\"icon style-2 icon-left\">\n            <span>\n                <i class=\"fa fa-filter\"><\/i>\n                <h2>Servicio de mantenimiento y correcci\u00f3n<\/h2>\n                <h3 class=\"style-2\"><\/h3>\n            <\/span>\n            <p>Garantizando el funcionamiento de la instalaci\u00f3n.<\/p>\n    <\/div>[\/vc_column][\/vc_row][vc_row css=\u00bb.vc_custom_1538564188014{padding-top: 60px !important;padding-bottom: 5% !important;}\u00bb has_content=\u00bbtrue\u00bb][vc_column width=\u00bb1\/4&#8243;]<div class=\"icon style-2 icon-left\">\n            <span>\n                <i class=\"fa fa-stack-overflow\"><\/i>\n                <h2>Puesta en marcha<\/h2>\n                <h3 class=\"style-2\"><\/h3>\n            <\/span>\n            <p>Comprobaci\u00f3n y verificaci\u00f3n del correcto funcionamiento de la instalaci\u00f3n por sistemas. Calefacci\u00f3n, bombeo, compresi\u00f3n neum\u00e1tica, tratamientos (filtrado, desulfurado y secado del biog\u00e1s, etc.).<\/p>\n    <\/div>[\/vc_column][vc_column width=\u00bb1\/4&#8243;]<div class=\"icon style-2 icon-left\">\n            <span>\n                <i class=\"fa fa-steam\"><\/i>\n                <h2>Fabricaci\u00f3n<\/h2>\n                <h3 class=\"style-2\"><\/h3>\n            <\/span>\n            <p>Seg\u00fan los requerimientos de cliente realizamos la fabricaci\u00f3n de componentes, colectores, tuber\u00edas (piping), estructuras, escaleras, calorifugados.<\/p>\n    <\/div>[\/vc_column][vc_column width=\u00bb1\/4&#8243;]<div class=\"icon style-2 icon-left\">\n            <span>\n                <i class=\"fa fa-adjust\"><\/i>\n                <h2>Instalaci\u00f3n de los diferentes sistemas<\/h2>\n                <h3 class=\"style-2\"><\/h3>\n            <\/span>\n            <p>De acuerdo con los diagramas PID, ejecutamos el montaje de los diferentes sistemas atendiendo a requisitos de CONTROL, ELECTRICOS, NEUMATICOS, en actuadores y automatismos.<\/p>\n    <\/div>[\/vc_column][vc_column width=\u00bb1\/4&#8243;]<div class=\"icon style-2 icon-left\">\n            <span>\n                <i class=\"fa fa-tasks\"><\/i>\n                <h2>Suministro de componentes<\/h2>\n                <h3 class=\"style-2\"><\/h3>\n            <\/span>\n            <p>Somos distribuidores de las principales marcas dando un servicio de los diferentes productos que se usan, tuber\u00edas, valvuler\u00eda, actuadores,, compresores, filtros, etc.<\/p>\n    <\/div>[\/vc_column][\/vc_row][vc_row full_width=\u00bbstretch_row\u00bb css=\u00bb.vc_custom_1538654482607{margin-top: 5% !important;padding-bottom: 30px !important;}\u00bb][vc_column][vc_custom_heading text=\u00bbPrincipales clientes\u00bb font_container=\u00bbtag:h1|text_align:center|color:%232575ba\u00bb use_theme_fonts=\u00bbyes\u00bb][\/vc_column][\/vc_row][vc_row full_width=\u00bbstretch_row\u00bb][vc_column][vc_single_image image=\u00bb1563&#8243; img_size=\u00bbfull\u00bb alignment=\u00bbcenter\u00bb css_animation=\u00bbbottom-to-top\u00bb][\/vc_column][\/vc_row][vc_row full_width=\u00bbstretch_row\u00bb css=\u00bb.vc_custom_1538655047324{margin-top: 8% !important;padding-bottom: 30px !important;background-color: #DBE7ED !important;}\u00bb][vc_column][vc_custom_heading text=\u00bbTel\u00e9fonos y Correo Electr\u00f3nico de atenci\u00f3n\u00bb font_container=\u00bbtag:h1|text_align:center|color:%2306060a\u00bb use_theme_fonts=\u00bbyes\u00bb][vc_row_inner][vc_column_inner width=\u00bb1\/2&#8243;][vc_icon icon_fontawesome=\u00bbfa fa-phone\u00bb color=\u00bbcustom\u00bb align=\u00bbcenter\u00bb custom_color=\u00bb#0a0907&#8243; css=\u00bb.vc_custom_1538654585198{margin-bottom: 0px !important;}\u00bb][vc_column_text]<\/p>\n<h3 style=\"text-align: center;\"><span style=\"color: #000000;\"><strong><a style=\"color: #000000;\" href=\"tel:+34961242232\">+34 961 24 22 32<\/a><\/strong><\/span><\/h3>\n<p>[\/vc_column_text][\/vc_column_inner][vc_column_inner width=\u00bb1\/2&#8243;][vc_icon icon_fontawesome=\u00bbfa fa-envelope\u00bb color=\u00bbcustom\u00bb align=\u00bbcenter\u00bb custom_color=\u00bb#060a06&#8243; css=\u00bb.vc_custom_1538654595045{margin-bottom: 0px !important;}\u00bb][vc_column_text]<\/p>\n<h3 style=\"text-align: center;\"><span style=\"color: #000000;\"><strong><a style=\"color: #000000;\" href=\"mailto:web@inderen.es\">web@inderen.es<\/a><\/strong><\/span><\/h3>\n<p>[\/vc_column_text][\/vc_column_inner][\/vc_row_inner][\/vc_column][\/vc_row]<\/p>\n<\/div>","protected":false},"excerpt":{"rendered":"<p>[vc_row css=\u00bb.vc_custom_1538561328109{margin-top: 0px !important;border-top-width: 0px !important;padding-top: 0px !important;}\u00bb][vc_column css=\u00bb.vc_custom_1538556888683{margin-top: 0px !important;border-top-width: 0px !important;padding-top: 0px !important;}\u00bb][rev_slider_vc alias=\u00bbSlider-Principal\u00bb][\/vc_column][\/vc_row][vc_row has_content=\u00bbinside\u00bb el_class=\u00bbcontactfront\u00bb][vc_column width=\u00bb1\/2&#8243;][vc_column_text css=\u00bb.vc_custom_1538654313861{padding-bottom: 10px !important;}\u00bb] \u00bfQuienes somos? [\/vc_column_text][vc_column_text css=\u00bb.vc_custom_1546601926737{margin-top: 2% !important;}\u00bb]INDEREN\u00a0es una empresa con una importante capacidad t\u00e9cnica y con una amplia experiencia&#8230;<\/p>\n","protected":false},"author":1,"featured_media":0,"parent":0,"menu_order":0,"comment_status":"closed","ping_status":"closed","template":"","meta":{"_monsterinsights_skip_tracking":false,"_monsterinsights_sitenote_active":false,"_monsterinsights_sitenote_note":"","_monsterinsights_sitenote_category":0,"footnotes":""},"class_list":["post-1546","page","type-page","status-publish","hentry"],"yoast_head":"<!-- This site is optimized with the Yoast SEO plugin v27.3 - https:\/\/yoast.com\/product\/yoast-seo-wordpress\/ -->\n<title>Inicio - INDEREN (Ingenier\u00eda y desarrollos renovables, S.L.)<\/title>\n<meta name=\"description\" content=\"Instaladores de energ\u00edas renovables. Ofrecemos un modelo energ\u00e9tico competitivo que proporcione rentabilidad econ\u00f3mica y valores sociales a nuestros clientes, tanto dom\u00e9sticos como industriales.\" \/>\n<meta name=\"robots\" content=\"index, follow, max-snippet:-1, max-image-preview:large, max-video-preview:-1\" \/>\n<link rel=\"canonical\" href=\"https:\/\/inderen.es\/es\/\" \/>\n<meta property=\"og:locale\" content=\"es_ES\" \/>\n<meta property=\"og:type\" content=\"article\" \/>\n<meta property=\"og:title\" content=\"Inicio - INDEREN (Ingenier\u00eda y desarrollos renovables, S.L.)\" \/>\n<meta property=\"og:description\" content=\"Instaladores de energ\u00edas renovables. Ofrecemos un modelo energ\u00e9tico competitivo que proporcione rentabilidad econ\u00f3mica y valores sociales a nuestros clientes, tanto dom\u00e9sticos como industriales.\" \/>\n<meta property=\"og:url\" content=\"https:\/\/inderen.es\/es\/\" \/>\n<meta property=\"og:site_name\" content=\"INDEREN (Ingenier\u00eda y desarrollos renovables, S.L.)\" \/>\n<meta property=\"article:publisher\" content=\"https:\/\/www.facebook.com\/INDEREN.ENERGIA\/\" \/>\n<meta property=\"article:modified_time\" content=\"2020-12-17T13:30:59+00:00\" \/>\n<meta name=\"twitter:card\" content=\"summary_large_image\" \/>\n<meta name=\"twitter:site\" content=\"@INDEREN_ENERGIA\" \/>\n<meta name=\"twitter:label1\" content=\"Tiempo de lectura\" \/>\n\t<meta name=\"twitter:data1\" content=\"5 minutos\" \/>\n<script type=\"application\/ld+json\" class=\"yoast-schema-graph\">{\"@context\":\"https:\\\/\\\/schema.org\",\"@graph\":[{\"@type\":\"WebPage\",\"@id\":\"https:\\\/\\\/inderen.es\\\/es\\\/\",\"url\":\"https:\\\/\\\/inderen.es\\\/es\\\/\",\"name\":\"Inicio - INDEREN (Ingenier\u00eda y desarrollos renovables, S.L.)\",\"isPartOf\":{\"@id\":\"https:\\\/\\\/inderen.es\\\/es\\\/#website\"},\"datePublished\":\"2018-10-03T10:08:23+00:00\",\"dateModified\":\"2020-12-17T13:30:59+00:00\",\"description\":\"Instaladores de energ\u00edas renovables. Ofrecemos un modelo energ\u00e9tico competitivo que proporcione rentabilidad econ\u00f3mica y valores sociales a nuestros clientes, tanto dom\u00e9sticos como industriales.\",\"breadcrumb\":{\"@id\":\"https:\\\/\\\/inderen.es\\\/es\\\/#breadcrumb\"},\"inLanguage\":\"es\",\"potentialAction\":[{\"@type\":\"ReadAction\",\"target\":[\"https:\\\/\\\/inderen.es\\\/es\\\/\"]}]},{\"@type\":\"BreadcrumbList\",\"@id\":\"https:\\\/\\\/inderen.es\\\/es\\\/#breadcrumb\",\"itemListElement\":[{\"@type\":\"ListItem\",\"position\":1,\"name\":\"Home\",\"item\":\"https:\\\/\\\/inderen.es\\\/es\\\/\"},{\"@type\":\"ListItem\",\"position\":2,\"name\":\"Inicio\"}]},{\"@type\":\"WebSite\",\"@id\":\"https:\\\/\\\/inderen.es\\\/es\\\/#website\",\"url\":\"https:\\\/\\\/inderen.es\\\/es\\\/\",\"name\":\"INDEREN - Ingenier\u00eda y desarrollos renovables\",\"description\":\"Instaladores de energ\u00edas renovables. Ofrecemos un modelo energ\u00e9tico competitivo que proporcione rentabilidad econ\u00f3mica y valores sociales a nuestros clientes, tanto dom\u00e9sticos como industriales.\",\"publisher\":{\"@id\":\"https:\\\/\\\/inderen.es\\\/es\\\/#organization\"},\"potentialAction\":[{\"@type\":\"SearchAction\",\"target\":{\"@type\":\"EntryPoint\",\"urlTemplate\":\"https:\\\/\\\/inderen.es\\\/es\\\/?s={search_term_string}\"},\"query-input\":{\"@type\":\"PropertyValueSpecification\",\"valueRequired\":true,\"valueName\":\"search_term_string\"}}],\"inLanguage\":\"es\"},{\"@type\":\"Organization\",\"@id\":\"https:\\\/\\\/inderen.es\\\/es\\\/#organization\",\"name\":\"INDEREN (Ingenier\u00eda y desarrollos renovables, S.L.)\",\"url\":\"https:\\\/\\\/inderen.es\\\/es\\\/\",\"logo\":{\"@type\":\"ImageObject\",\"inLanguage\":\"es\",\"@id\":\"https:\\\/\\\/inderen.es\\\/es\\\/#\\\/schema\\\/logo\\\/image\\\/\",\"url\":\"https:\\\/\\\/inderen.es\\\/wp-content\\\/uploads\\\/2019\\\/04\\\/logo-inderen.jpg\",\"contentUrl\":\"https:\\\/\\\/inderen.es\\\/wp-content\\\/uploads\\\/2019\\\/04\\\/logo-inderen.jpg\",\"width\":591,\"height\":591,\"caption\":\"INDEREN (Ingenier\u00eda y desarrollos renovables, S.L.)\"},\"image\":{\"@id\":\"https:\\\/\\\/inderen.es\\\/es\\\/#\\\/schema\\\/logo\\\/image\\\/\"},\"sameAs\":[\"https:\\\/\\\/www.facebook.com\\\/INDEREN.ENERGIA\\\/\",\"https:\\\/\\\/x.com\\\/INDEREN_ENERGIA\",\"https:\\\/\\\/www.linkedin.com\\\/company\\\/inderen\\\/\"]}]}<\/script>\n<!-- \/ Yoast SEO plugin. -->","yoast_head_json":{"title":"Inicio - INDEREN (Ingenier\u00eda y desarrollos renovables, S.L.)","description":"Instaladores de energ\u00edas renovables. Ofrecemos un modelo energ\u00e9tico competitivo que proporcione rentabilidad econ\u00f3mica y valores sociales a nuestros clientes, tanto dom\u00e9sticos como industriales.","robots":{"index":"index","follow":"follow","max-snippet":"max-snippet:-1","max-image-preview":"max-image-preview:large","max-video-preview":"max-video-preview:-1"},"canonical":"https:\/\/inderen.es\/es\/","og_locale":"es_ES","og_type":"article","og_title":"Inicio - INDEREN (Ingenier\u00eda y desarrollos renovables, S.L.)","og_description":"Instaladores de energ\u00edas renovables. Ofrecemos un modelo energ\u00e9tico competitivo que proporcione rentabilidad econ\u00f3mica y valores sociales a nuestros clientes, tanto dom\u00e9sticos como industriales.","og_url":"https:\/\/inderen.es\/es\/","og_site_name":"INDEREN (Ingenier\u00eda y desarrollos renovables, S.L.)","article_publisher":"https:\/\/www.facebook.com\/INDEREN.ENERGIA\/","article_modified_time":"2020-12-17T13:30:59+00:00","twitter_card":"summary_large_image","twitter_site":"@INDEREN_ENERGIA","twitter_misc":{"Tiempo de lectura":"5 minutos"},"schema":{"@context":"https:\/\/schema.org","@graph":[{"@type":"WebPage","@id":"https:\/\/inderen.es\/es\/","url":"https:\/\/inderen.es\/es\/","name":"Inicio - INDEREN (Ingenier\u00eda y desarrollos renovables, S.L.)","isPartOf":{"@id":"https:\/\/inderen.es\/es\/#website"},"datePublished":"2018-10-03T10:08:23+00:00","dateModified":"2020-12-17T13:30:59+00:00","description":"Instaladores de energ\u00edas renovables. Ofrecemos un modelo energ\u00e9tico competitivo que proporcione rentabilidad econ\u00f3mica y valores sociales a nuestros clientes, tanto dom\u00e9sticos como industriales.","breadcrumb":{"@id":"https:\/\/inderen.es\/es\/#breadcrumb"},"inLanguage":"es","potentialAction":[{"@type":"ReadAction","target":["https:\/\/inderen.es\/es\/"]}]},{"@type":"BreadcrumbList","@id":"https:\/\/inderen.es\/es\/#breadcrumb","itemListElement":[{"@type":"ListItem","position":1,"name":"Home","item":"https:\/\/inderen.es\/es\/"},{"@type":"ListItem","position":2,"name":"Inicio"}]},{"@type":"WebSite","@id":"https:\/\/inderen.es\/es\/#website","url":"https:\/\/inderen.es\/es\/","name":"INDEREN - Ingenier\u00eda y desarrollos renovables","description":"Instaladores de energ\u00edas renovables. Ofrecemos un modelo energ\u00e9tico competitivo que proporcione rentabilidad econ\u00f3mica y valores sociales a nuestros clientes, tanto dom\u00e9sticos como industriales.","publisher":{"@id":"https:\/\/inderen.es\/es\/#organization"},"potentialAction":[{"@type":"SearchAction","target":{"@type":"EntryPoint","urlTemplate":"https:\/\/inderen.es\/es\/?s={search_term_string}"},"query-input":{"@type":"PropertyValueSpecification","valueRequired":true,"valueName":"search_term_string"}}],"inLanguage":"es"},{"@type":"Organization","@id":"https:\/\/inderen.es\/es\/#organization","name":"INDEREN (Ingenier\u00eda y desarrollos renovables, S.L.)","url":"https:\/\/inderen.es\/es\/","logo":{"@type":"ImageObject","inLanguage":"es","@id":"https:\/\/inderen.es\/es\/#\/schema\/logo\/image\/","url":"https:\/\/inderen.es\/wp-content\/uploads\/2019\/04\/logo-inderen.jpg","contentUrl":"https:\/\/inderen.es\/wp-content\/uploads\/2019\/04\/logo-inderen.jpg","width":591,"height":591,"caption":"INDEREN (Ingenier\u00eda y desarrollos renovables, S.L.)"},"image":{"@id":"https:\/\/inderen.es\/es\/#\/schema\/logo\/image\/"},"sameAs":["https:\/\/www.facebook.com\/INDEREN.ENERGIA\/","https:\/\/x.com\/INDEREN_ENERGIA","https:\/\/www.linkedin.com\/company\/inderen\/"]}]}},"_links":{"self":[{"href":"https:\/\/inderen.es\/es\/wp-json\/wp\/v2\/pages\/1546","targetHints":{"allow":["GET"]}}],"collection":[{"href":"https:\/\/inderen.es\/es\/wp-json\/wp\/v2\/pages"}],"about":[{"href":"https:\/\/inderen.es\/es\/wp-json\/wp\/v2\/types\/page"}],"author":[{"embeddable":true,"href":"https:\/\/inderen.es\/es\/wp-json\/wp\/v2\/users\/1"}],"replies":[{"embeddable":true,"href":"https:\/\/inderen.es\/es\/wp-json\/wp\/v2\/comments?post=1546"}],"version-history":[{"count":63,"href":"https:\/\/inderen.es\/es\/wp-json\/wp\/v2\/pages\/1546\/revisions"}],"predecessor-version":[{"id":8754,"href":"https:\/\/inderen.es\/es\/wp-json\/wp\/v2\/pages\/1546\/revisions\/8754"}],"wp:attachment":[{"href":"https:\/\/inderen.es\/es\/wp-json\/wp\/v2\/media?parent=1546"}],"curies":[{"name":"wp","href":"https:\/\/api.w.org\/{rel}","templated":true}]}}