{"id":2735,"date":"2018-12-21T10:42:31","date_gmt":"2018-12-21T09:42:31","guid":{"rendered":"https:\/\/inderen.es\/compania-nueva\/"},"modified":"2019-04-11T09:04:18","modified_gmt":"2019-04-11T07:04:18","slug":"compania","status":"publish","type":"page","link":"https:\/\/inderen.es\/es\/compania\/","title":{"rendered":"Compa\u00f1\u00eda"},"content":{"rendered":"<div class=\"wpb-content-wrapper\"><p>[vc_row css=\u00bb.vc_custom_1542370101652{padding-bottom: 2% !important;}\u00bb][vc_column width=\u00bb1\/2&#8243; css=\u00bb.vc_custom_1543238060167{padding-top: 1% !important;padding-right: 3% !important;padding-bottom: 1% !important;padding-left: 1% !important;}\u00bb offset=\u00bbvc_hidden-xs\u00bb][vc_column_text]<\/p>\n<h1 style=\"text-align: center;\">Misi\u00f3n<\/h1>\n<p>&nbsp;[\/vc_column_text][vc_empty_space height=\u00bb16px\u00bb][vc_column_text]Servir como suministrador de instalaciones a peque\u00f1as y grandes clientes en todo el mundo ofreciendo soluciones multidisciplinares \u00f3ptimas, competitivas y duraderas con los mejores productos y un equipo humano motivado.[\/vc_column_text][\/vc_column][vc_column width=\u00bb1\/2&#8243; css=\u00bb.vc_custom_1543238005929{padding-top: 1% !important;padding-right: 1% !important;padding-bottom: 1% !important;padding-left: 1% !important;}\u00bb offset=\u00bbvc_hidden-xs\u00bb][vc_column_text]<\/p>\n<h1 style=\"text-align: center;\">Visi\u00f3n<\/h1>\n<p>&nbsp;[\/vc_column_text][vc_empty_space height=\u00bb16px\u00bb][vc_column_text]Ser un referente en instalaciones Industriales y de Energ\u00edas Renovables, que da a sus clientes servicios de calidad orientados a ofrecer un alto grado de satisfacci\u00f3n.[\/vc_column_text][\/vc_column][\/vc_row][vc_row full_width=\u00bbstretch_row\u00bb css=\u00bb.vc_custom_1542618368025{padding-top: 1% !important;padding-bottom: 1% !important;background-color: #dbe7ed !important;}\u00bb][vc_column css=\u00bb.vc_custom_1543238011885{padding-top: 2% !important;padding-right: 2% !important;padding-bottom: 2% !important;padding-left: 2% !important;}\u00bb offset=\u00bbvc_hidden-xs\u00bb][vc_column_text]<\/p>\n<h1 style=\"text-align: center;\">Valores<\/h1>\n<p>&nbsp;[\/vc_column_text][vc_empty_space height=\u00bb16px\u00bb][vc_column_text]<\/p>\n<ul>\n<li>Cultura de servicio orientada a la satisfacci\u00f3n del cliente para construir relaciones s\u00f3lidas y de confianza con nuestros clientes a largo plazo.<\/li>\n<li>Vocaci\u00f3n por la innovaci\u00f3n gracias a un sistema de gesti\u00f3n de I+D+i que hace part\u00edcipe a todos los miembros de la organizaci\u00f3n.<\/li>\n<li>Motivaci\u00f3n y esp\u00edritu de superaci\u00f3n de nuestros empleados, gracias a una organizaci\u00f3n flexible que prioriza al equipo y las relaciones personales<br \/>\npara lograr el \u00e9xito del proyecto\u00a0<strong>EQUIPO MULTIDISCIPLINAR<\/strong>.<\/li>\n<li>Favorecer el desarrollo econ\u00f3mico y social de nuestro entorno cumpliendo con las obligaciones adquiridas con empleados, clientes, proveedores, administraciones, ciudadan\u00eda y medio ambiente.<\/li>\n<\/ul>\n<p>[\/vc_column_text][\/vc_column][\/vc_row][vc_row css=\u00bb.vc_custom_1542370101652{padding-bottom: 2% !important;}\u00bb][vc_column width=\u00bb1\/2&#8243; css=\u00bb.vc_custom_1543237986622{padding-top: 1% !important;padding-right: 3% !important;padding-bottom: 1% !important;padding-left: 1% !important;}\u00bb offset=\u00bbvc_hidden-lg vc_hidden-md vc_hidden-sm\u00bb][vc_column_text]<\/p>\n<h1 style=\"text-align: center;\">Misi\u00f3n<\/h1>\n<p>&nbsp;[\/vc_column_text][vc_empty_space height=\u00bb16px\u00bb][vc_column_text]<\/p>\n<ul>\n<li>Servir como suministrador de instalaciones a peque\u00f1as y grandes clientes en todo el mundo ofreciendo soluciones multidisciplinares \u00f3ptimas, competitivas y duraderas con los mejores productos y un equipo humano motivado.<\/li>\n<\/ul>\n<p>&nbsp;[\/vc_column_text][\/vc_column][vc_column width=\u00bb1\/2&#8243; css=\u00bb.vc_custom_1543238018383{padding-top: 1% !important;padding-right: 1% !important;padding-bottom: 1% !important;padding-left: 1% !important;}\u00bb offset=\u00bbvc_hidden-lg vc_hidden-md vc_hidden-sm\u00bb][vc_column_text]<\/p>\n<h1 style=\"text-align: center;\">Visi\u00f3n<\/h1>\n<p>&nbsp;[\/vc_column_text][vc_empty_space height=\u00bb16px\u00bb][vc_column_text]<\/p>\n<ul>\n<li>Ser un referente en instalaciones Industriales y de Energ\u00edas Renovables, que da a sus clientes servicios de calidad orientados a ofrecer un alto grado de\u00a0 satisfacci\u00f3n.<\/li>\n<\/ul>\n<p>&nbsp;[\/vc_column_text][\/vc_column][\/vc_row][vc_row full_width=\u00bbstretch_row\u00bb css=\u00bb.vc_custom_1543403909217{padding-top: 2% !important;padding-bottom: 2% !important;background-color: #dbe7ed !important;}\u00bb][vc_column css=\u00bb.vc_custom_1543238049164{padding-top: 2% !important;padding-right: 2% !important;padding-bottom: 2% !important;padding-left: 2% !important;}\u00bb offset=\u00bbvc_hidden-lg vc_hidden-md vc_hidden-sm\u00bb][vc_column_text]<\/p>\n<h1 style=\"text-align: center;\">Valores<\/h1>\n<p>&nbsp;[\/vc_column_text][vc_empty_space height=\u00bb16px\u00bb][vc_column_text]<\/p>\n<ul>\n<li>Cultura de servicio orientada a la satisfacci\u00f3n del cliente para construir relaciones s\u00f3lidas y de confianza con nuestros clientes a largo plazo.<\/li>\n<\/ul>\n<ul>\n<li>Vocaci\u00f3n por la innovaci\u00f3n gracias a un sistema de gesti\u00f3n de I+D+i que hace part\u00edcipe a todos los miembros de la organizaci\u00f3n.<\/li>\n<\/ul>\n<ul>\n<li>Motivaci\u00f3n y esp\u00edritu de superaci\u00f3n de nuestros empleados, gracias a una organizaci\u00f3n flexible que prioriza al equipo y las relaciones personales<br \/>\npara lograr el \u00e9xito del proyecto\u00a0<strong>EQUIPO MULTIDISCIPLINAR<\/strong>.<\/li>\n<\/ul>\n<ul>\n<li>Favorecer el desarrollo econ\u00f3mico y social de nuestro entorno cumpliendo con las obligaciones adquiridas con empleados, clientes, proveedores, administraciones, ciudadan\u00eda y medio ambiente.<\/li>\n<\/ul>\n<p>[\/vc_column_text][\/vc_column][\/vc_row][vc_row][vc_column width=\u00bb7\/12&#8243;][vc_custom_heading text=\u00bbNuestras instalaciones\u00bb font_container=\u00bbtag:h1|text_align:left\u00bb use_theme_fonts=\u00bbyes\u00bb][vc_column_text]Tenemos una superficie total de <strong>2.800 m\u00b2<\/strong> en Silla, Pou de Godofredo Industrial Estate (Valencia, Espa\u00f1a) y nuestras instalaciones se distribuyen de la siguiente manera:<\/p>\n<ul>\n<li>Nuevas\u00a0<strong>oficinas<\/strong>, con una superficie de <strong>300 m\u00b2<\/strong><\/li>\n<li>Sectorizaci\u00f3n <strong>contenedores<\/strong><\/li>\n<li>Sectorizaci\u00f3n <b>soldadores<\/b><\/li>\n<li>Sectorizaci\u00f3n\u00a0<strong>almac\u00e9n y estocaje<\/strong><\/li>\n<li>Sectorizaci\u00f3n\u00a0<strong>Dpto electromec\u00e1nica<\/strong><\/li>\n<\/ul>\n<p>&nbsp;[\/vc_column_text][\/vc_column][vc_column width=\u00bb5\/12&#8243;][vc_gallery interval=\u00bb5&#8243; images=\u00bb3635,3633,3631,3629,3627,3625,3623&#8243; img_size=\u00bbfull\u00bb onclick=\u00bb\u00bb][\/vc_column][\/vc_row]<\/p>\n<\/div>","protected":false},"excerpt":{"rendered":"<p>[vc_row css=\u00bb.vc_custom_1542370101652{padding-bottom: 2% !important;}\u00bb][vc_column width=\u00bb1\/2&#8243; css=\u00bb.vc_custom_1543238060167{padding-top: 1% !important;padding-right: 3% !important;padding-bottom: 1% !important;padding-left: 1% !important;}\u00bb offset=\u00bbvc_hidden-xs\u00bb][vc_column_text] Misi\u00f3n &nbsp;[\/vc_column_text][vc_empty_space height=\u00bb16px\u00bb][vc_column_text]Servir como suministrador de instalaciones a peque\u00f1as y grandes clientes en todo el mundo ofreciendo soluciones multidisciplinares \u00f3ptimas, competitivas y duraderas con los&#8230;<\/p>\n","protected":false},"author":1,"featured_media":0,"parent":0,"menu_order":0,"comment_status":"closed","ping_status":"closed","template":"","meta":{"_monsterinsights_skip_tracking":false,"_monsterinsights_sitenote_active":false,"_monsterinsights_sitenote_note":"","_monsterinsights_sitenote_category":0,"footnotes":""},"class_list":["post-2735","page","type-page","status-publish","hentry"],"yoast_head":"<!-- This site is optimized with the Yoast SEO plugin v27.3 - https:\/\/yoast.com\/product\/yoast-seo-wordpress\/ -->\n<title>Compa\u00f1\u00eda - INDEREN (Ingenier\u00eda y desarrollos renovables, S.L.)<\/title>\n<meta name=\"robots\" content=\"index, follow, max-snippet:-1, max-image-preview:large, max-video-preview:-1\" \/>\n<link rel=\"canonical\" href=\"https:\/\/inderen.es\/es\/compania\/\" \/>\n<meta property=\"og:locale\" content=\"es_ES\" \/>\n<meta property=\"og:type\" content=\"article\" \/>\n<meta property=\"og:title\" content=\"Compa\u00f1\u00eda - INDEREN (Ingenier\u00eda y desarrollos renovables, S.L.)\" \/>\n<meta property=\"og:description\" content=\"[vc_row css=\u00bb.vc_custom_1542370101652{padding-bottom: 2% !important;}\u00bb][vc_column width=\u00bb1\/2&#8243; css=\u00bb.vc_custom_1543238060167{padding-top: 1% !important;padding-right: 3% !important;padding-bottom: 1% !important;padding-left: 1% !important;}\u00bb offset=\u00bbvc_hidden-xs\u00bb][vc_column_text] Misi\u00f3n &nbsp;[\/vc_column_text][vc_empty_space height=\u00bb16px\u00bb][vc_column_text]Servir como suministrador de instalaciones a peque\u00f1as y grandes clientes en todo el mundo ofreciendo soluciones multidisciplinares \u00f3ptimas, competitivas y duraderas con los...\" \/>\n<meta property=\"og:url\" content=\"https:\/\/inderen.es\/es\/compania\/\" \/>\n<meta property=\"og:site_name\" content=\"INDEREN (Ingenier\u00eda y desarrollos renovables, S.L.)\" \/>\n<meta property=\"article:publisher\" content=\"https:\/\/www.facebook.com\/INDEREN.ENERGIA\/\" \/>\n<meta property=\"article:modified_time\" content=\"2019-04-11T07:04:18+00:00\" \/>\n<meta name=\"twitter:card\" content=\"summary_large_image\" \/>\n<meta name=\"twitter:site\" content=\"@INDEREN_ENERGIA\" \/>\n<meta name=\"twitter:label1\" content=\"Tiempo de lectura\" \/>\n\t<meta name=\"twitter:data1\" content=\"4 minutos\" \/>\n<script type=\"application\/ld+json\" class=\"yoast-schema-graph\">{\"@context\":\"https:\\\/\\\/schema.org\",\"@graph\":[{\"@type\":\"WebPage\",\"@id\":\"https:\\\/\\\/inderen.es\\\/es\\\/compania\\\/\",\"url\":\"https:\\\/\\\/inderen.es\\\/es\\\/compania\\\/\",\"name\":\"Compa\u00f1\u00eda - INDEREN (Ingenier\u00eda y desarrollos renovables, S.L.)\",\"isPartOf\":{\"@id\":\"https:\\\/\\\/inderen.es\\\/es\\\/#website\"},\"datePublished\":\"2018-12-21T09:42:31+00:00\",\"dateModified\":\"2019-04-11T07:04:18+00:00\",\"breadcrumb\":{\"@id\":\"https:\\\/\\\/inderen.es\\\/es\\\/compania\\\/#breadcrumb\"},\"inLanguage\":\"es\",\"potentialAction\":[{\"@type\":\"ReadAction\",\"target\":[\"https:\\\/\\\/inderen.es\\\/es\\\/compania\\\/\"]}]},{\"@type\":\"BreadcrumbList\",\"@id\":\"https:\\\/\\\/inderen.es\\\/es\\\/compania\\\/#breadcrumb\",\"itemListElement\":[{\"@type\":\"ListItem\",\"position\":1,\"name\":\"Home\",\"item\":\"https:\\\/\\\/inderen.es\\\/es\\\/\"},{\"@type\":\"ListItem\",\"position\":2,\"name\":\"Compa\u00f1\u00eda\"}]},{\"@type\":\"WebSite\",\"@id\":\"https:\\\/\\\/inderen.es\\\/es\\\/#website\",\"url\":\"https:\\\/\\\/inderen.es\\\/es\\\/\",\"name\":\"INDEREN - Ingenier\u00eda y desarrollos renovables\",\"description\":\"Instaladores de energ\u00edas renovables. Ofrecemos un modelo energ\u00e9tico competitivo que proporcione rentabilidad econ\u00f3mica y valores sociales a nuestros clientes, tanto dom\u00e9sticos como industriales.\",\"publisher\":{\"@id\":\"https:\\\/\\\/inderen.es\\\/es\\\/#organization\"},\"potentialAction\":[{\"@type\":\"SearchAction\",\"target\":{\"@type\":\"EntryPoint\",\"urlTemplate\":\"https:\\\/\\\/inderen.es\\\/es\\\/?s={search_term_string}\"},\"query-input\":{\"@type\":\"PropertyValueSpecification\",\"valueRequired\":true,\"valueName\":\"search_term_string\"}}],\"inLanguage\":\"es\"},{\"@type\":\"Organization\",\"@id\":\"https:\\\/\\\/inderen.es\\\/es\\\/#organization\",\"name\":\"INDEREN (Ingenier\u00eda y desarrollos renovables, S.L.)\",\"url\":\"https:\\\/\\\/inderen.es\\\/es\\\/\",\"logo\":{\"@type\":\"ImageObject\",\"inLanguage\":\"es\",\"@id\":\"https:\\\/\\\/inderen.es\\\/es\\\/#\\\/schema\\\/logo\\\/image\\\/\",\"url\":\"https:\\\/\\\/inderen.es\\\/wp-content\\\/uploads\\\/2019\\\/04\\\/logo-inderen.jpg\",\"contentUrl\":\"https:\\\/\\\/inderen.es\\\/wp-content\\\/uploads\\\/2019\\\/04\\\/logo-inderen.jpg\",\"width\":591,\"height\":591,\"caption\":\"INDEREN (Ingenier\u00eda y desarrollos renovables, S.L.)\"},\"image\":{\"@id\":\"https:\\\/\\\/inderen.es\\\/es\\\/#\\\/schema\\\/logo\\\/image\\\/\"},\"sameAs\":[\"https:\\\/\\\/www.facebook.com\\\/INDEREN.ENERGIA\\\/\",\"https:\\\/\\\/x.com\\\/INDEREN_ENERGIA\",\"https:\\\/\\\/www.linkedin.com\\\/company\\\/inderen\\\/\"]}]}<\/script>\n<!-- \/ Yoast SEO plugin. -->","yoast_head_json":{"title":"Compa\u00f1\u00eda - INDEREN (Ingenier\u00eda y desarrollos renovables, S.L.)","robots":{"index":"index","follow":"follow","max-snippet":"max-snippet:-1","max-image-preview":"max-image-preview:large","max-video-preview":"max-video-preview:-1"},"canonical":"https:\/\/inderen.es\/es\/compania\/","og_locale":"es_ES","og_type":"article","og_title":"Compa\u00f1\u00eda - INDEREN (Ingenier\u00eda y desarrollos renovables, S.L.)","og_description":"[vc_row css=\u00bb.vc_custom_1542370101652{padding-bottom: 2% !important;}\u00bb][vc_column width=\u00bb1\/2&#8243; css=\u00bb.vc_custom_1543238060167{padding-top: 1% !important;padding-right: 3% !important;padding-bottom: 1% !important;padding-left: 1% !important;}\u00bb offset=\u00bbvc_hidden-xs\u00bb][vc_column_text] Misi\u00f3n &nbsp;[\/vc_column_text][vc_empty_space height=\u00bb16px\u00bb][vc_column_text]Servir como suministrador de instalaciones a peque\u00f1as y grandes clientes en todo el mundo ofreciendo soluciones multidisciplinares \u00f3ptimas, competitivas y duraderas con los...","og_url":"https:\/\/inderen.es\/es\/compania\/","og_site_name":"INDEREN (Ingenier\u00eda y desarrollos renovables, S.L.)","article_publisher":"https:\/\/www.facebook.com\/INDEREN.ENERGIA\/","article_modified_time":"2019-04-11T07:04:18+00:00","twitter_card":"summary_large_image","twitter_site":"@INDEREN_ENERGIA","twitter_misc":{"Tiempo de lectura":"4 minutos"},"schema":{"@context":"https:\/\/schema.org","@graph":[{"@type":"WebPage","@id":"https:\/\/inderen.es\/es\/compania\/","url":"https:\/\/inderen.es\/es\/compania\/","name":"Compa\u00f1\u00eda - INDEREN (Ingenier\u00eda y desarrollos renovables, S.L.)","isPartOf":{"@id":"https:\/\/inderen.es\/es\/#website"},"datePublished":"2018-12-21T09:42:31+00:00","dateModified":"2019-04-11T07:04:18+00:00","breadcrumb":{"@id":"https:\/\/inderen.es\/es\/compania\/#breadcrumb"},"inLanguage":"es","potentialAction":[{"@type":"ReadAction","target":["https:\/\/inderen.es\/es\/compania\/"]}]},{"@type":"BreadcrumbList","@id":"https:\/\/inderen.es\/es\/compania\/#breadcrumb","itemListElement":[{"@type":"ListItem","position":1,"name":"Home","item":"https:\/\/inderen.es\/es\/"},{"@type":"ListItem","position":2,"name":"Compa\u00f1\u00eda"}]},{"@type":"WebSite","@id":"https:\/\/inderen.es\/es\/#website","url":"https:\/\/inderen.es\/es\/","name":"INDEREN - Ingenier\u00eda y desarrollos renovables","description":"Instaladores de energ\u00edas renovables. Ofrecemos un modelo energ\u00e9tico competitivo que proporcione rentabilidad econ\u00f3mica y valores sociales a nuestros clientes, tanto dom\u00e9sticos como industriales.","publisher":{"@id":"https:\/\/inderen.es\/es\/#organization"},"potentialAction":[{"@type":"SearchAction","target":{"@type":"EntryPoint","urlTemplate":"https:\/\/inderen.es\/es\/?s={search_term_string}"},"query-input":{"@type":"PropertyValueSpecification","valueRequired":true,"valueName":"search_term_string"}}],"inLanguage":"es"},{"@type":"Organization","@id":"https:\/\/inderen.es\/es\/#organization","name":"INDEREN (Ingenier\u00eda y desarrollos renovables, S.L.)","url":"https:\/\/inderen.es\/es\/","logo":{"@type":"ImageObject","inLanguage":"es","@id":"https:\/\/inderen.es\/es\/#\/schema\/logo\/image\/","url":"https:\/\/inderen.es\/wp-content\/uploads\/2019\/04\/logo-inderen.jpg","contentUrl":"https:\/\/inderen.es\/wp-content\/uploads\/2019\/04\/logo-inderen.jpg","width":591,"height":591,"caption":"INDEREN (Ingenier\u00eda y desarrollos renovables, S.L.)"},"image":{"@id":"https:\/\/inderen.es\/es\/#\/schema\/logo\/image\/"},"sameAs":["https:\/\/www.facebook.com\/INDEREN.ENERGIA\/","https:\/\/x.com\/INDEREN_ENERGIA","https:\/\/www.linkedin.com\/company\/inderen\/"]}]}},"_links":{"self":[{"href":"https:\/\/inderen.es\/es\/wp-json\/wp\/v2\/pages\/2735","targetHints":{"allow":["GET"]}}],"collection":[{"href":"https:\/\/inderen.es\/es\/wp-json\/wp\/v2\/pages"}],"about":[{"href":"https:\/\/inderen.es\/es\/wp-json\/wp\/v2\/types\/page"}],"author":[{"embeddable":true,"href":"https:\/\/inderen.es\/es\/wp-json\/wp\/v2\/users\/1"}],"replies":[{"embeddable":true,"href":"https:\/\/inderen.es\/es\/wp-json\/wp\/v2\/comments?post=2735"}],"version-history":[{"count":45,"href":"https:\/\/inderen.es\/es\/wp-json\/wp\/v2\/pages\/2735\/revisions"}],"predecessor-version":[{"id":3643,"href":"https:\/\/inderen.es\/es\/wp-json\/wp\/v2\/pages\/2735\/revisions\/3643"}],"wp:attachment":[{"href":"https:\/\/inderen.es\/es\/wp-json\/wp\/v2\/media?parent=2735"}],"curies":[{"name":"wp","href":"https:\/\/api.w.org\/{rel}","templated":true}]}}