{"id":2806,"date":"2018-10-03T14:50:37","date_gmt":"2018-10-03T12:50:37","guid":{"rendered":"https:\/\/inderen.es\/compania-nueva\/our-facilities-nueva\/"},"modified":"2019-05-24T09:07:30","modified_gmt":"2019-05-24T07:07:30","slug":"nuestras-instalaciones","status":"publish","type":"page","link":"https:\/\/inderen.es\/es\/compania\/nuestras-instalaciones\/","title":{"rendered":"Nuestras instalaciones"},"content":{"rendered":"<div class=\"wpb-content-wrapper\"><p>[vc_row][vc_column][vc_column_text css=\u00bb.vc_custom_1558681636689{margin-bottom: 5% !important;}\u00bb]<\/p>\n<p>Tenemos una superficie total de <strong>2.800 m\u00b2<\/strong> en Silla, Pou de Godofredo Industrial Estate (Valencia, Espa\u00f1a) y nuestras instalaciones se distribuyen de la siguiente manera:<\/p>\n<ul>\n<li>Nuevas\u00a0<strong>oficinas<\/strong>, con una superficie de <strong>300 m\u00b2<\/strong><\/li>\n<li>Sectorizaci\u00f3n <strong>contenedores<\/strong><\/li>\n<li>Sectorizaci\u00f3n <b>soldadores<\/b><\/li>\n<li>Sectorizaci\u00f3n\u00a0<strong>almac\u00e9n y estocaje<\/strong><\/li>\n<li>Sectorizaci\u00f3n\u00a0<strong>Dpto electromec\u00e1nica<\/strong><\/li>\n<\/ul>\n<p>[\/vc_column_text][\/vc_column][\/vc_row][vc_row][vc_column width=\u00bb1\/6&#8243;][\/vc_column][vc_column width=\u00bb4\/6&#8243;][vc_gallery interval=\u00bb3&#8243; images=\u00bb3635,3633,3631,3629,3627,3625,3623&#8243; img_size=\u00bblarge\u00bb onclick=\u00bb\u00bb][\/vc_column][vc_column width=\u00bb1\/6&#8243;][\/vc_column][\/vc_row]<\/p>\n<\/div>","protected":false},"excerpt":{"rendered":"<p>[vc_row][vc_column][vc_column_text css=\u00bb.vc_custom_1558681636689{margin-bottom: 5% !important;}\u00bb] Tenemos una superficie total de 2.800 m\u00b2 en Silla, Pou de Godofredo Industrial Estate (Valencia, Espa\u00f1a) y nuestras instalaciones se distribuyen de la siguiente manera: Nuevas\u00a0oficinas, con una superficie de 300 m\u00b2 Sectorizaci\u00f3n contenedores Sectorizaci\u00f3n soldadores&#8230;<\/p>\n","protected":false},"author":1,"featured_media":0,"parent":2735,"menu_order":0,"comment_status":"closed","ping_status":"closed","template":"","meta":{"_monsterinsights_skip_tracking":false,"_monsterinsights_sitenote_active":false,"_monsterinsights_sitenote_note":"","_monsterinsights_sitenote_category":0,"footnotes":""},"class_list":["post-2806","page","type-page","status-publish","hentry"],"yoast_head":"<!-- This site is optimized with the Yoast SEO plugin v27.5 - https:\/\/yoast.com\/product\/yoast-seo-wordpress\/ -->\n<title>Nuestras instalaciones - INDEREN (Ingenier\u00eda y desarrollos renovables, S.L.)<\/title>\n<meta name=\"robots\" content=\"index, follow, max-snippet:-1, max-image-preview:large, max-video-preview:-1\" \/>\n<link rel=\"canonical\" href=\"https:\/\/inderen.es\/es\/compania\/nuestras-instalaciones\/\" \/>\n<meta property=\"og:locale\" content=\"es_ES\" \/>\n<meta property=\"og:type\" content=\"article\" \/>\n<meta property=\"og:title\" content=\"Nuestras instalaciones - INDEREN (Ingenier\u00eda y desarrollos renovables, S.L.)\" \/>\n<meta property=\"og:description\" content=\"[vc_row][vc_column][vc_column_text css=\u00bb.vc_custom_1558681636689{margin-bottom: 5% !important;}\u00bb] Tenemos una superficie total de 2.800 m\u00b2 en Silla, Pou de Godofredo Industrial Estate (Valencia, Espa\u00f1a) y nuestras instalaciones se distribuyen de la siguiente manera: Nuevas\u00a0oficinas, con una superficie de 300 m\u00b2 Sectorizaci\u00f3n contenedores Sectorizaci\u00f3n soldadores...\" \/>\n<meta property=\"og:url\" content=\"https:\/\/inderen.es\/es\/compania\/nuestras-instalaciones\/\" \/>\n<meta property=\"og:site_name\" content=\"INDEREN (Ingenier\u00eda y desarrollos renovables, S.L.)\" \/>\n<meta property=\"article:publisher\" content=\"https:\/\/www.facebook.com\/INDEREN.ENERGIA\/\" \/>\n<meta property=\"article:modified_time\" content=\"2019-05-24T07:07:30+00:00\" \/>\n<meta name=\"twitter:card\" content=\"summary_large_image\" \/>\n<meta name=\"twitter:site\" content=\"@INDEREN_ENERGIA\" \/>\n<script type=\"application\/ld+json\" class=\"yoast-schema-graph\">{\"@context\":\"https:\\\/\\\/schema.org\",\"@graph\":[{\"@type\":\"WebPage\",\"@id\":\"https:\\\/\\\/inderen.es\\\/es\\\/compania\\\/nuestras-instalaciones\\\/\",\"url\":\"https:\\\/\\\/inderen.es\\\/es\\\/compania\\\/nuestras-instalaciones\\\/\",\"name\":\"Nuestras instalaciones - INDEREN (Ingenier\u00eda y desarrollos renovables, S.L.)\",\"isPartOf\":{\"@id\":\"https:\\\/\\\/inderen.es\\\/es\\\/#website\"},\"datePublished\":\"2018-10-03T12:50:37+00:00\",\"dateModified\":\"2019-05-24T07:07:30+00:00\",\"breadcrumb\":{\"@id\":\"https:\\\/\\\/inderen.es\\\/es\\\/compania\\\/nuestras-instalaciones\\\/#breadcrumb\"},\"inLanguage\":\"es\",\"potentialAction\":[{\"@type\":\"ReadAction\",\"target\":[\"https:\\\/\\\/inderen.es\\\/es\\\/compania\\\/nuestras-instalaciones\\\/\"]}]},{\"@type\":\"BreadcrumbList\",\"@id\":\"https:\\\/\\\/inderen.es\\\/es\\\/compania\\\/nuestras-instalaciones\\\/#breadcrumb\",\"itemListElement\":[{\"@type\":\"ListItem\",\"position\":1,\"name\":\"Home\",\"item\":\"https:\\\/\\\/inderen.es\\\/es\\\/\"},{\"@type\":\"ListItem\",\"position\":2,\"name\":\"Compa\u00f1\u00eda\",\"item\":\"https:\\\/\\\/inderen.es\\\/es\\\/compania\\\/\"},{\"@type\":\"ListItem\",\"position\":3,\"name\":\"Nuestras instalaciones\"}]},{\"@type\":\"WebSite\",\"@id\":\"https:\\\/\\\/inderen.es\\\/es\\\/#website\",\"url\":\"https:\\\/\\\/inderen.es\\\/es\\\/\",\"name\":\"INDEREN - Ingenier\u00eda y desarrollos renovables\",\"description\":\"Instaladores de energ\u00edas renovables. Ofrecemos un modelo energ\u00e9tico competitivo que proporcione rentabilidad econ\u00f3mica y valores sociales a nuestros clientes, tanto dom\u00e9sticos como industriales.\",\"publisher\":{\"@id\":\"https:\\\/\\\/inderen.es\\\/es\\\/#organization\"},\"potentialAction\":[{\"@type\":\"SearchAction\",\"target\":{\"@type\":\"EntryPoint\",\"urlTemplate\":\"https:\\\/\\\/inderen.es\\\/es\\\/?s={search_term_string}\"},\"query-input\":{\"@type\":\"PropertyValueSpecification\",\"valueRequired\":true,\"valueName\":\"search_term_string\"}}],\"inLanguage\":\"es\"},{\"@type\":\"Organization\",\"@id\":\"https:\\\/\\\/inderen.es\\\/es\\\/#organization\",\"name\":\"INDEREN (Ingenier\u00eda y desarrollos renovables, S.L.)\",\"url\":\"https:\\\/\\\/inderen.es\\\/es\\\/\",\"logo\":{\"@type\":\"ImageObject\",\"inLanguage\":\"es\",\"@id\":\"https:\\\/\\\/inderen.es\\\/es\\\/#\\\/schema\\\/logo\\\/image\\\/\",\"url\":\"https:\\\/\\\/inderen.es\\\/wp-content\\\/uploads\\\/2019\\\/04\\\/logo-inderen.jpg\",\"contentUrl\":\"https:\\\/\\\/inderen.es\\\/wp-content\\\/uploads\\\/2019\\\/04\\\/logo-inderen.jpg\",\"width\":591,\"height\":591,\"caption\":\"INDEREN (Ingenier\u00eda y desarrollos renovables, S.L.)\"},\"image\":{\"@id\":\"https:\\\/\\\/inderen.es\\\/es\\\/#\\\/schema\\\/logo\\\/image\\\/\"},\"sameAs\":[\"https:\\\/\\\/www.facebook.com\\\/INDEREN.ENERGIA\\\/\",\"https:\\\/\\\/x.com\\\/INDEREN_ENERGIA\",\"https:\\\/\\\/www.linkedin.com\\\/company\\\/inderen\\\/\"]}]}<\/script>\n<!-- \/ Yoast SEO plugin. -->","yoast_head_json":{"title":"Nuestras instalaciones - INDEREN (Ingenier\u00eda y desarrollos renovables, S.L.)","robots":{"index":"index","follow":"follow","max-snippet":"max-snippet:-1","max-image-preview":"max-image-preview:large","max-video-preview":"max-video-preview:-1"},"canonical":"https:\/\/inderen.es\/es\/compania\/nuestras-instalaciones\/","og_locale":"es_ES","og_type":"article","og_title":"Nuestras instalaciones - INDEREN (Ingenier\u00eda y desarrollos renovables, S.L.)","og_description":"[vc_row][vc_column][vc_column_text css=\u00bb.vc_custom_1558681636689{margin-bottom: 5% !important;}\u00bb] Tenemos una superficie total de 2.800 m\u00b2 en Silla, Pou de Godofredo Industrial Estate (Valencia, Espa\u00f1a) y nuestras instalaciones se distribuyen de la siguiente manera: Nuevas\u00a0oficinas, con una superficie de 300 m\u00b2 Sectorizaci\u00f3n contenedores Sectorizaci\u00f3n soldadores...","og_url":"https:\/\/inderen.es\/es\/compania\/nuestras-instalaciones\/","og_site_name":"INDEREN (Ingenier\u00eda y desarrollos renovables, S.L.)","article_publisher":"https:\/\/www.facebook.com\/INDEREN.ENERGIA\/","article_modified_time":"2019-05-24T07:07:30+00:00","twitter_card":"summary_large_image","twitter_site":"@INDEREN_ENERGIA","schema":{"@context":"https:\/\/schema.org","@graph":[{"@type":"WebPage","@id":"https:\/\/inderen.es\/es\/compania\/nuestras-instalaciones\/","url":"https:\/\/inderen.es\/es\/compania\/nuestras-instalaciones\/","name":"Nuestras instalaciones - INDEREN (Ingenier\u00eda y desarrollos renovables, S.L.)","isPartOf":{"@id":"https:\/\/inderen.es\/es\/#website"},"datePublished":"2018-10-03T12:50:37+00:00","dateModified":"2019-05-24T07:07:30+00:00","breadcrumb":{"@id":"https:\/\/inderen.es\/es\/compania\/nuestras-instalaciones\/#breadcrumb"},"inLanguage":"es","potentialAction":[{"@type":"ReadAction","target":["https:\/\/inderen.es\/es\/compania\/nuestras-instalaciones\/"]}]},{"@type":"BreadcrumbList","@id":"https:\/\/inderen.es\/es\/compania\/nuestras-instalaciones\/#breadcrumb","itemListElement":[{"@type":"ListItem","position":1,"name":"Home","item":"https:\/\/inderen.es\/es\/"},{"@type":"ListItem","position":2,"name":"Compa\u00f1\u00eda","item":"https:\/\/inderen.es\/es\/compania\/"},{"@type":"ListItem","position":3,"name":"Nuestras instalaciones"}]},{"@type":"WebSite","@id":"https:\/\/inderen.es\/es\/#website","url":"https:\/\/inderen.es\/es\/","name":"INDEREN - Ingenier\u00eda y desarrollos renovables","description":"Instaladores de energ\u00edas renovables. Ofrecemos un modelo energ\u00e9tico competitivo que proporcione rentabilidad econ\u00f3mica y valores sociales a nuestros clientes, tanto dom\u00e9sticos como industriales.","publisher":{"@id":"https:\/\/inderen.es\/es\/#organization"},"potentialAction":[{"@type":"SearchAction","target":{"@type":"EntryPoint","urlTemplate":"https:\/\/inderen.es\/es\/?s={search_term_string}"},"query-input":{"@type":"PropertyValueSpecification","valueRequired":true,"valueName":"search_term_string"}}],"inLanguage":"es"},{"@type":"Organization","@id":"https:\/\/inderen.es\/es\/#organization","name":"INDEREN (Ingenier\u00eda y desarrollos renovables, S.L.)","url":"https:\/\/inderen.es\/es\/","logo":{"@type":"ImageObject","inLanguage":"es","@id":"https:\/\/inderen.es\/es\/#\/schema\/logo\/image\/","url":"https:\/\/inderen.es\/wp-content\/uploads\/2019\/04\/logo-inderen.jpg","contentUrl":"https:\/\/inderen.es\/wp-content\/uploads\/2019\/04\/logo-inderen.jpg","width":591,"height":591,"caption":"INDEREN (Ingenier\u00eda y desarrollos renovables, S.L.)"},"image":{"@id":"https:\/\/inderen.es\/es\/#\/schema\/logo\/image\/"},"sameAs":["https:\/\/www.facebook.com\/INDEREN.ENERGIA\/","https:\/\/x.com\/INDEREN_ENERGIA","https:\/\/www.linkedin.com\/company\/inderen\/"]}]}},"_links":{"self":[{"href":"https:\/\/inderen.es\/es\/wp-json\/wp\/v2\/pages\/2806","targetHints":{"allow":["GET"]}}],"collection":[{"href":"https:\/\/inderen.es\/es\/wp-json\/wp\/v2\/pages"}],"about":[{"href":"https:\/\/inderen.es\/es\/wp-json\/wp\/v2\/types\/page"}],"author":[{"embeddable":true,"href":"https:\/\/inderen.es\/es\/wp-json\/wp\/v2\/users\/1"}],"replies":[{"embeddable":true,"href":"https:\/\/inderen.es\/es\/wp-json\/wp\/v2\/comments?post=2806"}],"version-history":[{"count":20,"href":"https:\/\/inderen.es\/es\/wp-json\/wp\/v2\/pages\/2806\/revisions"}],"predecessor-version":[{"id":4885,"href":"https:\/\/inderen.es\/es\/wp-json\/wp\/v2\/pages\/2806\/revisions\/4885"}],"up":[{"embeddable":true,"href":"https:\/\/inderen.es\/es\/wp-json\/wp\/v2\/pages\/2735"}],"wp:attachment":[{"href":"https:\/\/inderen.es\/es\/wp-json\/wp\/v2\/media?parent=2806"}],"curies":[{"name":"wp","href":"https:\/\/api.w.org\/{rel}","templated":true}]}}