{"id":2826,"date":"2018-10-04T11:04:34","date_gmt":"2018-10-04T09:04:34","guid":{"rendered":"https:\/\/inderen.es\/business-area-nueva\/"},"modified":"2019-05-22T10:48:39","modified_gmt":"2019-05-22T08:48:39","slug":"area-negocios","status":"publish","type":"page","link":"https:\/\/inderen.es\/es\/area-negocios\/","title":{"rendered":"\u00c1rea negocios"},"content":{"rendered":"<div class=\"wpb-content-wrapper\"><p>[vc_row][vc_column offset=\u00bbvc_hidden-xs\u00bb][vc_column_text]<\/p>\n<p><strong>INDEREN<\/strong>\u00a0es una empresa instaladora, su car\u00e1cter es b\u00e1sicamente innovador, gracias a un equipo multidisciplinar con m\u00e1s de 20 a\u00f1os de experiencia.<\/p>\n<p>Nuestra capacitaci\u00f3n es la adaptabilidad a las necesidades de nuestros clientes, generalmente grandes ingenier\u00edas con altos niveles de exigencia t\u00e9cnica, a los que asesoramos desde el enfoque pr\u00e1ctico del instalador.<\/p>\n<p>Nuestra especializaci\u00f3n se desarrolla en el sector de las instalaciones principalmente en el piping de plantas de biog\u00e1s y depuradoras.<\/p>\n<p>Somos empresa de distribuci\u00f3n exclusiva a nivel nacional de motores para cogeneraci\u00f3n R SCHMITT ENERTEC. Estamos capacitados para la reparaci\u00f3n y mantenimiento de motores para cogeneraci\u00f3n multimarca.<\/p>\n<p>Adem\u00e1s tenemos el desarrollo y capacitaci\u00f3n para la integraci\u00f3n de SISTEMAS de bombeo, compresi\u00f3n, PLC y protecciones el\u00e9ctricas, calefacci\u00f3n e intercambio, todo ello con la posibilidad de integrarlo en el interior de contenedores t\u00e9cnicos mar\u00edtimos de 20 y 40 pies.<\/p>\n<p><strong>INDEREN<\/strong>\u00a0ha participado en una gran cantidad de proyectos de Huertos solares de fotovoltaica, instalaciones para polideportivos en solar t\u00e9rmica y un largo etc\u00e9tera de tipos diferentes de instalaciones que tienen que ver con el sector energ\u00e9tico.<\/p>\n<p>[\/vc_column_text][\/vc_column][\/vc_row][vc_row][vc_column offset=\u00bbvc_hidden-lg vc_hidden-md vc_hidden-sm\u00bb][vc_column_text]<strong>Inderen<\/strong>\u00a0es una empresa instaladora, su caracter es b\u00e1sicamente innovador, gracias a un equipo multidisciplinar con m\u00e1s de 20 a\u00f1os de experiencia.<\/p>\n<p>Nuestra capacitaci\u00f3n es la adaptabilidad a las necesidades de nuestros clientes, generalmente grandes ingenier\u00edas con altos niveles de exigencia t\u00e9cnica, a los que asesoramos desde el enfoque pr\u00e1ctico del instalador.<\/p>\n<p>Nuestra especializaci\u00f3n se desarrolla en el sector de las instalaciones principalmente en el piping de plantas de biog\u00e1s y depuradoras.<\/p>\n<p>Somos empresa de distribuci\u00f3n exclusiva a nivel nacional de motores para cogeneraci\u00f3n R SCHMITT ENERTEC. Estamos capacitados para la reparaci\u00f3n y mantenimiento de motores para cogeneraci\u00f3n multimarca.<\/p>\n<p>Adem\u00e1s tenemos el desarrollo y capacitaci\u00f3n para la integraci\u00f3n de SISTEMAS de bombeo, compresi\u00f3n, PLC y protecciones el\u00e9ctricas, calefacci\u00f3n e intercambio, todo ello con la posibilidad de intregarlo en el interior de contenedores t\u00e9cnicos maritimos de 20 y 40 pies.[\/vc_column_text][\/vc_column][\/vc_row][vc_row full_width=\u00bbstretch_row\u00bb css=\u00bb.vc_custom_1538739527550{margin-top: 4% !important;margin-bottom: 4% !important;}\u00bb][vc_column][vc_custom_heading text=\u00bbNuestros servicios\u00bb font_container=\u00bbtag:h1|text_align:center|color:%232575ba\u00bb use_theme_fonts=\u00bbyes\u00bb][\/vc_column][\/vc_row][vc_row disable_element=\u00bbyes\u00bb][vc_column width=\u00bb1\/2&#8243; offset=\u00bbvc_col-xs-6 vc_hidden-xs\u00bb][vc_single_image image=\u00bb1122&#8243; img_size=\u00bbfull\u00bb onclick=\u00bbcustom_link\u00bb link=\u00bbhttps:\/\/inderen.es\/business-area\/biogas-nueva\/\u00bb][vc_column_text]El Biog\u00e1s tiene aprovechamientos t\u00e9rmicos y el\u00e9ctricos a partir del tratamiento de aguas residuales, restos s\u00f3lidos urbanos, residuos industriales, ganaderos, agr\u00edcolas y de la industria agroalimentaria.[\/vc_column_text][vc_btn title=\u00bbBIOG\u00c1S\u00bb color=\u00bbinfo\u00bb align=\u00bbcenter\u00bb link=\u00bburl:https%3A%2F%2Finderen.es%2Fes%2Farea-negocios%2Fbiogas%2F|\u00bb css=\u00bb.vc_custom_1546514893140{margin-top: 3% !important;}\u00bb][\/vc_column][vc_column width=\u00bb1\/2&#8243; offset=\u00bbvc_col-xs-6 vc_hidden-xs\u00bb][vc_single_image image=\u00bb1795&#8243; img_size=\u00bbfull\u00bb onclick=\u00bbcustom_link\u00bb link=\u00bbhttps:\/\/inderen.es\/business-area\/cogeneration-nueva\/\u00bb][vc_column_text]<strong>INDEREN<\/strong>\u00a0se dedica a la integraci\u00f3n, instalaci\u00f3n y mantenimiento de motores CHP de cogeneraci\u00f3n el\u00e9ctrica con recuperaci\u00f3n de calor.<\/p>\n<p>Ya sea en un contenedor mar\u00edtimo como en una sala, dise\u00f1amos, ejecutamos y hacemos la puesta en marcha del sistema de cogeneraci\u00f3n, seg\u00fan los requisitos de nuestro cliente.[\/vc_column_text][vc_btn title=\u00bbCOGENERACI\u00d3N\u00bb color=\u00bbinfo\u00bb align=\u00bbcenter\u00bb link=\u00bburl:https%3A%2F%2Finderen.es%2Fes%2Farea-negocios%2Fcogeneracion%2F|\u00bb css=\u00bb.vc_custom_1546514867280{margin-top: 3% !important;}\u00bb][\/vc_column][\/vc_row][vc_row css=\u00bb.vc_custom_1538642739730{margin-top: 6% !important;}\u00bb][vc_column width=\u00bb1\/3&#8243; offset=\u00bbvc_col-xs-6 vc_hidden-xs\u00bb][vc_single_image image=\u00bb1122&#8243; img_size=\u00bbfull\u00bb onclick=\u00bbcustom_link\u00bb link=\u00bbhttps:\/\/inderen.es\/business-area\/biogas-nueva\/\u00bb][vc_column_text]El Biog\u00e1s tiene aprovechamientos t\u00e9rmicos y el\u00e9ctricos a partir del tratamiento de aguas residuales, restos s\u00f3lidos urbanos, residuos industriales, ganaderos, agr\u00edcolas y de la industria agroalimentaria.[\/vc_column_text][vc_btn title=\u00bbBIOG\u00c1S\u00bb color=\u00bbinfo\u00bb align=\u00bbcenter\u00bb link=\u00bburl:https%3A%2F%2Finderen.es%2Fes%2Farea-negocios%2Fbiogas%2F|\u00bb css=\u00bb.vc_custom_1546514893140{margin-top: 3% !important;}\u00bb][\/vc_column][vc_column width=\u00bb1\/3&#8243; offset=\u00bbvc_col-xs-6 vc_hidden-xs\u00bb][vc_single_image image=\u00bb1793&#8243; img_size=\u00bbfull\u00bb onclick=\u00bbcustom_link\u00bb link=\u00bbhttps:\/\/inderen.es\/business-area\/pilot-plants-nueva\/\u00bb][vc_column_text]Una planta piloto, se construye para demostrar un proceso productivo o tecnolog\u00eda, siempre basado en un dise\u00f1o previo de la ingenier\u00eda y una necesidades concretas de cada proceso.[\/vc_column_text][vc_btn title=\u00bbPLANTAS PILOTO\u00bb color=\u00bbinfo\u00bb align=\u00bbcenter\u00bb link=\u00bburl:https%3A%2F%2Finderen.es%2Fes%2Farea-negocios%2Fplantas-piloto%2F|\u00bb css=\u00bb.vc_custom_1546514909202{margin-top: 3% !important;}\u00bb][\/vc_column][vc_column width=\u00bb1\/3&#8243;][vc_single_image image=\u00bb1641&#8243; img_size=\u00bbfull\u00bb onclick=\u00bbcustom_link\u00bb link=\u00bbhttps:\/\/inderen.es\/business-area\/besides-nueva\/\u00bb][vc_column_text]<strong>INDEREN<\/strong>\u00a0ofrece diferentes tecnolog\u00edas para aprovechar la energia solar fotovoltaica para obtener electricidad, sea para conectar en red el\u00e9ctrica general o bien para sistemas aislados donde no llega la red el\u00e9ctrica.[\/vc_column_text][vc_btn title=\u00bbFOTOVOLTAICA\u00bb color=\u00bbinfo\u00bb align=\u00bbcenter\u00bb link=\u00bburl:https%3A%2F%2Finderen.es%2Fes%2Farea-negocios%2Ffotovoltaica%2F|\u00bb css=\u00bb.vc_custom_1546514931591{margin-top: 3% !important;}\u00bb][\/vc_column][\/vc_row][vc_row][vc_column][vc_row_inner][vc_column_inner width=\u00bb1\/2&#8243; offset=\u00bbvc_hidden-lg vc_hidden-md vc_hidden-sm\u00bb][vc_column_text]<\/p>\n<p style=\"text-align: center;\"><strong>BIOG\u00c1S<\/strong><\/p>\n<p>[\/vc_column_text][vc_single_image image=\u00bb1122&#8243; img_size=\u00bbfull\u00bb onclick=\u00bbcustom_link\u00bb link=\u00bbhttps:\/\/inderen.es\/business-area\/biogas-nueva\/\u00bb css=\u00bb.vc_custom_1542974188303{margin-bottom: 0px !important;padding-top: 0px !important;padding-bottom: 0px !important;}\u00bb][vc_btn title=\u00bbM\u00c1S INFORMACI\u00d3N\u00bb color=\u00bbinfo\u00bb align=\u00bbcenter\u00bb link=\u00bburl:https%3A%2F%2Finderen.es%2Fes%2Farea-negocios%2Fbiogas%2F|\u00bb css=\u00bb.vc_custom_1542973700405{margin-top: 2% !important;}\u00bb][\/vc_column_inner][vc_column_inner width=\u00bb1\/2&#8243; offset=\u00bbvc_hidden-lg vc_hidden-md vc_hidden-sm\u00bb][vc_column_text]<\/p>\n<p style=\"text-align: center;\"><strong>COGENERACI\u00d3N<\/strong><\/p>\n<p>[\/vc_column_text][vc_single_image image=\u00bb1795&#8243; img_size=\u00bbfull\u00bb onclick=\u00bbcustom_link\u00bb link=\u00bbhttps:\/\/inderen.es\/business-area\/cogeneration-nueva\/\u00bb css=\u00bb.vc_custom_1542974195369{margin-bottom: 0px !important;padding-top: 0px !important;padding-bottom: 0px !important;}\u00bb][vc_btn title=\u00bbM\u00c1S INFORMACI\u00d3N\u00bb color=\u00bbinfo\u00bb align=\u00bbcenter\u00bb link=\u00bburl:https%3A%2F%2Finderen.es%2Fes%2Farea-negocios%2Fcogeneracion%2F|\u00bb css=\u00bb.vc_custom_1542973707515{margin-top: 2% !important;}\u00bb][\/vc_column_inner][\/vc_row_inner][\/vc_column][\/vc_row][vc_row][vc_column][vc_row_inner][vc_column_inner width=\u00bb1\/2&#8243; offset=\u00bbvc_hidden-lg vc_hidden-md vc_hidden-sm\u00bb][vc_column_text]<\/p>\n<p style=\"text-align: center;\"><strong>PLANTAS PILOTO<\/strong><\/p>\n<p>[\/vc_column_text][vc_single_image image=\u00bb1793&#8243; img_size=\u00bbfull\u00bb onclick=\u00bbcustom_link\u00bb link=\u00bbhttps:\/\/inderen.es\/business-area\/pilot-plants-nueva\/\u00bb css=\u00bb.vc_custom_1542974201050{margin-bottom: 0px !important;padding-top: 0px !important;padding-bottom: 0px !important;}\u00bb][vc_btn title=\u00bbM\u00c1S INFORMACI\u00d3N\u00bb color=\u00bbinfo\u00bb align=\u00bbcenter\u00bb link=\u00bburl:https%3A%2F%2Finderen.es%2Fes%2Farea-negocios%2Fplantas-piloto%2F|\u00bb css=\u00bb.vc_custom_1542973720973{margin-top: 2% !important;}\u00bb][\/vc_column_inner][vc_column_inner width=\u00bb1\/2&#8243; offset=\u00bbvc_hidden-lg vc_hidden-md vc_hidden-sm\u00bb][vc_column_text]<\/p>\n<p style=\"text-align: center;\"><strong>FOTOVOLTAICA<\/strong><\/p>\n<p>[\/vc_column_text][vc_single_image image=\u00bb1641&#8243; img_size=\u00bbfull\u00bb onclick=\u00bbcustom_link\u00bb link=\u00bbhttps:\/\/inderen.es\/business-area\/besides-nueva\/\u00bb css=\u00bb.vc_custom_1542974206250{margin-bottom: 0px !important;padding-top: 0px !important;padding-bottom: 0px !important;}\u00bb][vc_btn title=\u00bbM\u00c1S INFORMACI\u00d3N\u00bb color=\u00bbinfo\u00bb align=\u00bbcenter\u00bb link=\u00bburl:https%3A%2F%2Finderen.es%2Fes%2Farea-negocios%2Ffotovoltaica%2F|\u00bb css=\u00bb.vc_custom_1542973727010{margin-top: 2% !important;}\u00bb][\/vc_column_inner][\/vc_row_inner][\/vc_column][\/vc_row][vc_row full_width=\u00bbstretch_row\u00bb css=\u00bb.vc_custom_1542972551008{margin-top: 2% !important;background-color: #dbe7ed !important;}\u00bb][vc_column][vc_custom_heading text=\u00bbContacta con nosotros\u00bb font_container=\u00bbtag:h1|text_align:center|color:%23000000&#8243; use_theme_fonts=\u00bbyes\u00bb][\/vc_column][\/vc_row][vc_row full_width=\u00bbstretch_row\u00bb css=\u00bb.vc_custom_1542367562475{padding-bottom: 2% !important;background-color: #dbe7ed !important;}\u00bb][vc_column width=\u00bb1\/6&#8243;][\/vc_column][vc_column width=\u00bb4\/6&#8243;][vc_column_text][contact-form-7 id=\u00bb3540&#8243; title=\u00bbFormulario &#8211; Spanish 2019&#8243;][\/vc_column_text][\/vc_column][vc_column width=\u00bb1\/6&#8243;][\/vc_column][\/vc_row]<\/p>\n<\/div>","protected":false},"excerpt":{"rendered":"<p>[vc_row][vc_column offset=\u00bbvc_hidden-xs\u00bb][vc_column_text] INDEREN\u00a0es una empresa instaladora, su car\u00e1cter es b\u00e1sicamente innovador, gracias a un equipo multidisciplinar con m\u00e1s de 20 a\u00f1os de experiencia. Nuestra capacitaci\u00f3n es la adaptabilidad a las necesidades de nuestros clientes, generalmente grandes ingenier\u00edas con altos niveles&#8230;<\/p>\n","protected":false},"author":1,"featured_media":0,"parent":0,"menu_order":0,"comment_status":"closed","ping_status":"closed","template":"","meta":{"_monsterinsights_skip_tracking":false,"_monsterinsights_sitenote_active":false,"_monsterinsights_sitenote_note":"","_monsterinsights_sitenote_category":0,"footnotes":""},"class_list":["post-2826","page","type-page","status-publish","hentry"],"yoast_head":"<!-- This site is optimized with the Yoast SEO plugin v27.3 - https:\/\/yoast.com\/product\/yoast-seo-wordpress\/ -->\n<title>\u00c1rea negocios - INDEREN (Ingenier\u00eda y desarrollos renovables, S.L.)<\/title>\n<meta name=\"robots\" content=\"index, follow, max-snippet:-1, max-image-preview:large, max-video-preview:-1\" \/>\n<link rel=\"canonical\" href=\"https:\/\/inderen.es\/es\/area-negocios\/\" \/>\n<meta property=\"og:locale\" content=\"es_ES\" \/>\n<meta property=\"og:type\" content=\"article\" \/>\n<meta property=\"og:title\" content=\"\u00c1rea negocios - INDEREN (Ingenier\u00eda y desarrollos renovables, S.L.)\" \/>\n<meta property=\"og:description\" content=\"[vc_row][vc_column offset=\u00bbvc_hidden-xs\u00bb][vc_column_text] INDEREN\u00a0es una empresa instaladora, su car\u00e1cter es b\u00e1sicamente innovador, gracias a un equipo multidisciplinar con m\u00e1s de 20 a\u00f1os de experiencia. Nuestra capacitaci\u00f3n es la adaptabilidad a las necesidades de nuestros clientes, generalmente grandes ingenier\u00edas con altos niveles...\" \/>\n<meta property=\"og:url\" content=\"https:\/\/inderen.es\/es\/area-negocios\/\" \/>\n<meta property=\"og:site_name\" content=\"INDEREN (Ingenier\u00eda y desarrollos renovables, S.L.)\" \/>\n<meta property=\"article:publisher\" content=\"https:\/\/www.facebook.com\/INDEREN.ENERGIA\/\" \/>\n<meta property=\"article:modified_time\" content=\"2019-05-22T08:48:39+00:00\" \/>\n<meta name=\"twitter:card\" content=\"summary_large_image\" \/>\n<meta name=\"twitter:site\" content=\"@INDEREN_ENERGIA\" \/>\n<meta name=\"twitter:label1\" content=\"Tiempo de lectura\" \/>\n\t<meta name=\"twitter:data1\" content=\"7 minutos\" \/>\n<script type=\"application\/ld+json\" class=\"yoast-schema-graph\">{\"@context\":\"https:\\\/\\\/schema.org\",\"@graph\":[{\"@type\":\"WebPage\",\"@id\":\"https:\\\/\\\/inderen.es\\\/es\\\/area-negocios\\\/\",\"url\":\"https:\\\/\\\/inderen.es\\\/es\\\/area-negocios\\\/\",\"name\":\"\u00c1rea negocios - INDEREN (Ingenier\u00eda y desarrollos renovables, S.L.)\",\"isPartOf\":{\"@id\":\"https:\\\/\\\/inderen.es\\\/es\\\/#website\"},\"datePublished\":\"2018-10-04T09:04:34+00:00\",\"dateModified\":\"2019-05-22T08:48:39+00:00\",\"breadcrumb\":{\"@id\":\"https:\\\/\\\/inderen.es\\\/es\\\/area-negocios\\\/#breadcrumb\"},\"inLanguage\":\"es\",\"potentialAction\":[{\"@type\":\"ReadAction\",\"target\":[\"https:\\\/\\\/inderen.es\\\/es\\\/area-negocios\\\/\"]}]},{\"@type\":\"BreadcrumbList\",\"@id\":\"https:\\\/\\\/inderen.es\\\/es\\\/area-negocios\\\/#breadcrumb\",\"itemListElement\":[{\"@type\":\"ListItem\",\"position\":1,\"name\":\"Home\",\"item\":\"https:\\\/\\\/inderen.es\\\/es\\\/\"},{\"@type\":\"ListItem\",\"position\":2,\"name\":\"\u00c1rea negocios\"}]},{\"@type\":\"WebSite\",\"@id\":\"https:\\\/\\\/inderen.es\\\/es\\\/#website\",\"url\":\"https:\\\/\\\/inderen.es\\\/es\\\/\",\"name\":\"INDEREN - Ingenier\u00eda y desarrollos renovables\",\"description\":\"Instaladores de energ\u00edas renovables. Ofrecemos un modelo energ\u00e9tico competitivo que proporcione rentabilidad econ\u00f3mica y valores sociales a nuestros clientes, tanto dom\u00e9sticos como industriales.\",\"publisher\":{\"@id\":\"https:\\\/\\\/inderen.es\\\/es\\\/#organization\"},\"potentialAction\":[{\"@type\":\"SearchAction\",\"target\":{\"@type\":\"EntryPoint\",\"urlTemplate\":\"https:\\\/\\\/inderen.es\\\/es\\\/?s={search_term_string}\"},\"query-input\":{\"@type\":\"PropertyValueSpecification\",\"valueRequired\":true,\"valueName\":\"search_term_string\"}}],\"inLanguage\":\"es\"},{\"@type\":\"Organization\",\"@id\":\"https:\\\/\\\/inderen.es\\\/es\\\/#organization\",\"name\":\"INDEREN (Ingenier\u00eda y desarrollos renovables, S.L.)\",\"url\":\"https:\\\/\\\/inderen.es\\\/es\\\/\",\"logo\":{\"@type\":\"ImageObject\",\"inLanguage\":\"es\",\"@id\":\"https:\\\/\\\/inderen.es\\\/es\\\/#\\\/schema\\\/logo\\\/image\\\/\",\"url\":\"https:\\\/\\\/inderen.es\\\/wp-content\\\/uploads\\\/2019\\\/04\\\/logo-inderen.jpg\",\"contentUrl\":\"https:\\\/\\\/inderen.es\\\/wp-content\\\/uploads\\\/2019\\\/04\\\/logo-inderen.jpg\",\"width\":591,\"height\":591,\"caption\":\"INDEREN (Ingenier\u00eda y desarrollos renovables, S.L.)\"},\"image\":{\"@id\":\"https:\\\/\\\/inderen.es\\\/es\\\/#\\\/schema\\\/logo\\\/image\\\/\"},\"sameAs\":[\"https:\\\/\\\/www.facebook.com\\\/INDEREN.ENERGIA\\\/\",\"https:\\\/\\\/x.com\\\/INDEREN_ENERGIA\",\"https:\\\/\\\/www.linkedin.com\\\/company\\\/inderen\\\/\"]}]}<\/script>\n<!-- \/ Yoast SEO plugin. -->","yoast_head_json":{"title":"\u00c1rea negocios - INDEREN (Ingenier\u00eda y desarrollos renovables, S.L.)","robots":{"index":"index","follow":"follow","max-snippet":"max-snippet:-1","max-image-preview":"max-image-preview:large","max-video-preview":"max-video-preview:-1"},"canonical":"https:\/\/inderen.es\/es\/area-negocios\/","og_locale":"es_ES","og_type":"article","og_title":"\u00c1rea negocios - INDEREN (Ingenier\u00eda y desarrollos renovables, S.L.)","og_description":"[vc_row][vc_column offset=\u00bbvc_hidden-xs\u00bb][vc_column_text] INDEREN\u00a0es una empresa instaladora, su car\u00e1cter es b\u00e1sicamente innovador, gracias a un equipo multidisciplinar con m\u00e1s de 20 a\u00f1os de experiencia. Nuestra capacitaci\u00f3n es la adaptabilidad a las necesidades de nuestros clientes, generalmente grandes ingenier\u00edas con altos niveles...","og_url":"https:\/\/inderen.es\/es\/area-negocios\/","og_site_name":"INDEREN (Ingenier\u00eda y desarrollos renovables, S.L.)","article_publisher":"https:\/\/www.facebook.com\/INDEREN.ENERGIA\/","article_modified_time":"2019-05-22T08:48:39+00:00","twitter_card":"summary_large_image","twitter_site":"@INDEREN_ENERGIA","twitter_misc":{"Tiempo de lectura":"7 minutos"},"schema":{"@context":"https:\/\/schema.org","@graph":[{"@type":"WebPage","@id":"https:\/\/inderen.es\/es\/area-negocios\/","url":"https:\/\/inderen.es\/es\/area-negocios\/","name":"\u00c1rea negocios - INDEREN (Ingenier\u00eda y desarrollos renovables, S.L.)","isPartOf":{"@id":"https:\/\/inderen.es\/es\/#website"},"datePublished":"2018-10-04T09:04:34+00:00","dateModified":"2019-05-22T08:48:39+00:00","breadcrumb":{"@id":"https:\/\/inderen.es\/es\/area-negocios\/#breadcrumb"},"inLanguage":"es","potentialAction":[{"@type":"ReadAction","target":["https:\/\/inderen.es\/es\/area-negocios\/"]}]},{"@type":"BreadcrumbList","@id":"https:\/\/inderen.es\/es\/area-negocios\/#breadcrumb","itemListElement":[{"@type":"ListItem","position":1,"name":"Home","item":"https:\/\/inderen.es\/es\/"},{"@type":"ListItem","position":2,"name":"\u00c1rea negocios"}]},{"@type":"WebSite","@id":"https:\/\/inderen.es\/es\/#website","url":"https:\/\/inderen.es\/es\/","name":"INDEREN - Ingenier\u00eda y desarrollos renovables","description":"Instaladores de energ\u00edas renovables. Ofrecemos un modelo energ\u00e9tico competitivo que proporcione rentabilidad econ\u00f3mica y valores sociales a nuestros clientes, tanto dom\u00e9sticos como industriales.","publisher":{"@id":"https:\/\/inderen.es\/es\/#organization"},"potentialAction":[{"@type":"SearchAction","target":{"@type":"EntryPoint","urlTemplate":"https:\/\/inderen.es\/es\/?s={search_term_string}"},"query-input":{"@type":"PropertyValueSpecification","valueRequired":true,"valueName":"search_term_string"}}],"inLanguage":"es"},{"@type":"Organization","@id":"https:\/\/inderen.es\/es\/#organization","name":"INDEREN (Ingenier\u00eda y desarrollos renovables, S.L.)","url":"https:\/\/inderen.es\/es\/","logo":{"@type":"ImageObject","inLanguage":"es","@id":"https:\/\/inderen.es\/es\/#\/schema\/logo\/image\/","url":"https:\/\/inderen.es\/wp-content\/uploads\/2019\/04\/logo-inderen.jpg","contentUrl":"https:\/\/inderen.es\/wp-content\/uploads\/2019\/04\/logo-inderen.jpg","width":591,"height":591,"caption":"INDEREN (Ingenier\u00eda y desarrollos renovables, S.L.)"},"image":{"@id":"https:\/\/inderen.es\/es\/#\/schema\/logo\/image\/"},"sameAs":["https:\/\/www.facebook.com\/INDEREN.ENERGIA\/","https:\/\/x.com\/INDEREN_ENERGIA","https:\/\/www.linkedin.com\/company\/inderen\/"]}]}},"_links":{"self":[{"href":"https:\/\/inderen.es\/es\/wp-json\/wp\/v2\/pages\/2826","targetHints":{"allow":["GET"]}}],"collection":[{"href":"https:\/\/inderen.es\/es\/wp-json\/wp\/v2\/pages"}],"about":[{"href":"https:\/\/inderen.es\/es\/wp-json\/wp\/v2\/types\/page"}],"author":[{"embeddable":true,"href":"https:\/\/inderen.es\/es\/wp-json\/wp\/v2\/users\/1"}],"replies":[{"embeddable":true,"href":"https:\/\/inderen.es\/es\/wp-json\/wp\/v2\/comments?post=2826"}],"version-history":[{"count":42,"href":"https:\/\/inderen.es\/es\/wp-json\/wp\/v2\/pages\/2826\/revisions"}],"predecessor-version":[{"id":4831,"href":"https:\/\/inderen.es\/es\/wp-json\/wp\/v2\/pages\/2826\/revisions\/4831"}],"wp:attachment":[{"href":"https:\/\/inderen.es\/es\/wp-json\/wp\/v2\/media?parent=2826"}],"curies":[{"name":"wp","href":"https:\/\/api.w.org\/{rel}","templated":true}]}}