{"id":2845,"date":"2018-10-04T11:40:42","date_gmt":"2018-10-04T09:40:42","guid":{"rendered":"https:\/\/inderen.es\/area-negocios-nueva\/biogas-nueva\/"},"modified":"2019-05-24T09:20:23","modified_gmt":"2019-05-24T07:20:23","slug":"biogas","status":"publish","type":"page","link":"https:\/\/inderen.es\/es\/area-negocios\/biogas\/","title":{"rendered":"Biog\u00e1s"},"content":{"rendered":"<div class=\"wpb-content-wrapper\"><p>[vc_row full_width=\u00bbstretch_row_content\u00bb css=\u00bb.vc_custom_1541504489776{background-position: center !important;background-repeat: no-repeat !important;background-size: cover !important;}\u00bb][vc_column][vc_custom_heading text=\u00bbSomos instaladores de Biog\u00e1s\u00bb font_container=\u00bbtag:h2|text_align:center\u00bb use_theme_fonts=\u00bbyes\u00bb][\/vc_column][\/vc_row][vc_row][vc_column][vc_column_text]El sector del Biog\u00e1s en Espa\u00f1a se est\u00e1 moviendo y en Europa se est\u00e1 consolidando, el potencial de este Recurso Renovable es muy alto.<br \/>\n<strong>INDEREN,<\/strong>\u00a0empresa de instalaciones generales con amplios conocimientos en Instalaciones El\u00e9ctricas, Sistemas de Bombeo, Redes de distribuci\u00f3n e Instalaciones de Gas y en colaboraci\u00f3n con empresas explotadoras de Biog\u00e1s de \u00e1mbito nacional y europeo, ofrece sus servicios para la realizaci\u00f3n, ejecuci\u00f3n y mantenimiento de\u00a0 instalaciones de plantas de Biog\u00e1s.[\/vc_column_text][\/vc_column][\/vc_row][vc_row css=\u00bb.vc_custom_1541504194012{margin-top: 1% !important;}\u00bb][vc_column width=\u00bb1\/2&#8243; offset=\u00bbvc_hidden-xs\u00bb][vc_images_carousel images=\u00bb1835,1833,1831&#8243; img_size=\u00bblarge\u00bb onclick=\u00bblink_no\u00bb speed=\u00bb4500&#8243; autoplay=\u00bbyes\u00bb hide_pagination_control=\u00bbyes\u00bb wrap=\u00bbyes\u00bb][\/vc_column][vc_column width=\u00bb1\/2&#8243; css=\u00bb.vc_custom_1543413087670{margin-top: 4% !important;}\u00bb offset=\u00bbvc_hidden-xs\u00bb][vc_column_text]El Biog\u00e1s es, como su nombre indica, un gas combustible que se genera por las reacciones de biodegradaci\u00f3n de la materia org\u00e1nica.<\/p>\n<p>El Biog\u00e1s tiene aprovechamientos t\u00e9rmicos y el\u00e9ctricos a partir del tratamiento de aguas residuales, restos s\u00f3lidos urbanos, residuos industriales, ganaderos, agr\u00edcolas y de la industria agroalimentaria.<\/p>\n<p>Podemos decir que cualquier tipo de desecho de materia org\u00e1nica es susceptible de se transformada en energ\u00eda, a trav\u00e9s de su previa transformaci\u00f3n en biog\u00e1s.[\/vc_column_text][\/vc_column][\/vc_row][vc_row css=\u00bb.vc_custom_1541504194012{margin-top: 1% !important;}\u00bb][vc_column width=\u00bb1\/2&#8243; offset=\u00bbvc_hidden-lg vc_hidden-md vc_hidden-sm\u00bb][vc_column_text]El Biog\u00e1s es, como su nombre indica, un gas combustible que se genera por las reacciones de biodegradaci\u00f3n de la materia org\u00e1nica.<\/p>\n<p>El Biog\u00e1s tiene aprovechamientos t\u00e9rmicos y el\u00e9ctricos a partir del tratamiento de aguas residuales, restos s\u00f3lidos urbanos, residuos industriales, ganaderos, agr\u00edcolas y de la industria agroalimentaria.<\/p>\n<p>Podemos decir que cualquier tipo de desecho de materia org\u00e1nica es susceptible de se transformada en energ\u00eda, a trav\u00e9s de su previa transformaci\u00f3n en biog\u00e1s.[\/vc_column_text][\/vc_column][vc_column width=\u00bb1\/2&#8243; css=\u00bb.vc_custom_1543413106582{margin-top: 4% !important;}\u00bb offset=\u00bbvc_hidden-lg vc_hidden-md vc_hidden-sm\u00bb][vc_images_carousel images=\u00bb1835,1833,1831&#8243; img_size=\u00bblarge\u00bb onclick=\u00bblink_no\u00bb speed=\u00bb4500&#8243; autoplay=\u00bbyes\u00bb hide_pagination_control=\u00bbyes\u00bb wrap=\u00bbyes\u00bb][\/vc_column][\/vc_row][vc_row css=\u00bb.vc_custom_1541504709927{margin-top: 2% !important;margin-bottom: 2% !important;}\u00bb][vc_column css=\u00bb.vc_custom_1472463779310{margin-top: 0px !important;margin-bottom: 0px !important;}\u00bb][vc_separator css=\u00bb.vc_custom_1538644624637{margin-top: 1% !important;margin-bottom: 1% !important;}\u00bb][\/vc_column][\/vc_row][vc_row css=\u00bb.vc_custom_1543491443058{margin-bottom: 2% !important;}\u00bb][vc_column width=\u00bb1\/2&#8243;][vc_custom_heading text=\u00bbEn el sector del Biog\u00e1s \u00bfQue hacemos?\u00bb use_theme_fonts=\u00bbyes\u00bb css=\u00bb.vc_custom_1538649298620{margin-top: 0px !important;margin-bottom: 2% !important;}\u00bb][vc_column_text]<\/p>\n<p><strong>INDEREN<\/strong>\u00a0realiza trabajos en instalaciones industriales para generaci\u00f3n el\u00e9ctrica con biog\u00e1s.<\/p>\n<p>La empresa posee amplia experiencia en el desarrollo y ejecuci\u00f3n de instalaciones en plantas industriales.<\/p>\n<p>Tenemos oficinas y talleres propios situados en Albal-Alcasser (VALENCIA), esto nos permite tener un correcto desarrollo en tiempos para el dise\u00f1o, fabricaci\u00f3n y la instalaci\u00f3n de canalizaciones (piping), colectores, skids, plataforma, estructuras met\u00e1licas, escaleras, etc.<\/p>\n<ul>\n<li>Consulta nuestras <strong>instalaciones en plantas de Biog\u00e1s<\/strong><\/li>\n<li>Consulta nuestro <strong>catalogo de instalaciones<\/strong> de Biog\u00e1s<\/li>\n<li><strong>Ejemplos e imagenes<\/strong> de instalaciones de Biog\u00e1s<\/li>\n<\/ul>\n<p>Realizamos todo tipo de dise\u00f1o y fabricaci\u00f3n, <strong>a medida,<\/strong>\u00a0seg\u00fan necesidades del terreno y elementos.<br \/>\nTambi\u00e9n producimos soluciones en contenedores mar\u00edtimos, como fabricaci\u00f3n a medida de estaciones de bombeo, cuadros el\u00e9ctricos y de control en plantas de biog\u00e1s, calderas de calefacci\u00f3n e intercambio.<\/p>\n<p>[\/vc_column_text][\/vc_column][vc_column width=\u00bb1\/2&#8243;][vc_empty_space height=\u00bb60px\u00bb][vc_single_image image=\u00bb2761&#8243; img_size=\u00bblarge\u00bb][\/vc_column][\/vc_row][vc_row full_width=\u00bbstretch_row\u00bb css=\u00bb.vc_custom_1543491596322{padding-top: 1% !important;padding-bottom: 1% !important;background-color: #dbe7ed !important;}\u00bb][vc_column][vc_row_inner css=\u00bb.vc_custom_1543491608111{margin-bottom: 2% !important;}\u00bb][vc_column_inner][vc_column_text]<\/p>\n<p style=\"text-align: center; font-size: 1.5em !important;\"><strong>Conocer m\u00e1s sobre nuestra actividad en las instalaciones de Biog\u00e1s.<\/strong><\/p>\n<p>\u00a0[\/vc_column_text][\/vc_column_inner][\/vc_row_inner][vc_row_inner][vc_column_inner width=\u00bb1\/3&#8243;][\/vc_column_inner][vc_column_inner width=\u00bb1\/3&#8243;][vc_btn title=\u00bbM\u00e1s Informaci\u00f3n\u00bb color=\u00bbturquoise\u00bb align=\u00bbcenter\u00bb link=\u00bburl:https%3A%2F%2Finderen.es%2Fes%2Fcontacto%2F|\u00bb][\/vc_column_inner][vc_column_inner width=\u00bb1\/3&#8243;][\/vc_column_inner][\/vc_row_inner][\/vc_column][\/vc_row][vc_row css=\u00bb.vc_custom_1543491674109{margin-top: 2% !important;margin-bottom: 5% !important;}\u00bb][vc_column width=\u00bb1\/2&#8243;][vc_custom_heading text=\u00bbSoluciones para plantas de Biog\u00e1s\u00bb use_theme_fonts=\u00bbyes\u00bb css=\u00bb.vc_custom_1538645920577{margin-bottom: 2% !important;}\u00bb][vc_column_text]Nuestras canalizaciones pueden ser trabajadas en diferentes materiales,<br \/>\nACERO INOXIDABLE, ACERO GALVANIZADO, HDPE, PEx, PPr ,PUC, etc.<br \/>\nEstamos certificados para todos estos tipos de soldaduras.[\/vc_column_text][vc_custom_heading text=\u00bbTipos de instalaciones y disciplinas\u00bb use_theme_fonts=\u00bbyes\u00bb css=\u00bb.vc_custom_1538645931732{margin-top: 6% !important;}\u00bb][vc_column_text]Contamos con experiencia demostrada en todo tipo de instalaciones en \u00e1mbito industrial:<\/p>\n<ul>\n<li>INSTALACIONES DE GAS CATEGOR\u00cdA TIPO \u201cA\u201d<\/li>\n<li>PROTECCIONES CONTRA INCENDIOS (PCI)<\/li>\n<li>FONTANER\u00cdA (Piping)<\/li>\n<li>ELECTRICIDAD y CONTROL SCADA<\/li>\n<li>CLIMATIZACI\u00d3N<\/li>\n<li>CALEFACCI\u00d3N<\/li>\n<li>ESCALERAS Y PLATAFORMAS<\/li>\n<\/ul>\n<p>[\/vc_column_text][\/vc_column][vc_column width=\u00bb1\/2&#8243; offset=\u00bbvc_hidden-xs\u00bb][vc_single_image image=\u00bb1130&#8243; img_size=\u00bblarge\u00bb alignment=\u00bbcenter\u00bb css=\u00bb.vc_custom_1543226624570{padding-bottom: 3% !important;}\u00bb][\/vc_column][\/vc_row][vc_row full_width=\u00bbstretch_row\u00bb css=\u00bb.vc_custom_1541668997697{padding-top: 1% !important;padding-bottom: 6% !important;background-color: #dbe7ed !important;}\u00bb][vc_column][vc_custom_heading text=\u00bbTratamiento previo del biog\u00e1s metano a la cogeneraci\u00f3n\u00bb font_container=\u00bbtag:h2|text_align:center\u00bb use_theme_fonts=\u00bbyes\u00bb css=\u00bb.vc_custom_1538645952177{margin-bottom: 2% !important;}\u00bb][vc_column_text]Es necesario la conducci\u00f3n de los diferentes tipos de elementos en exteriores, este es un ejemplo de canalizaci\u00f3n para el tratamiento previo del biog\u00e1s metano a la cogeneraci\u00f3n.<\/p>\n<p>Entre los tratamientos previos est\u00e1n SECADO, FILTRADO, DESULFURIZADO y PRECALENTADO del Biog\u00e1s.<br \/>\n<strong>INDEREN<\/strong>\u00a0est\u00e1 capacitado para la fabricaci\u00f3n, montaje e instalaci\u00f3n de su sistema de tratamiento de biog\u00e1s.[\/vc_column_text][\/vc_column][\/vc_row][vc_row css=\u00bb.vc_custom_1541509707422{padding-bottom: 2% !important;}\u00bb][vc_column offset=\u00bbvc_hidden-xs\u00bb][vc_row_inner][vc_column_inner width=\u00bb1\/3&#8243;][vc_custom_heading text=\u00bbCanalizaciones\u00bb font_container=\u00bbtag:h2|text_align:center\u00bb use_theme_fonts=\u00bbyes\u00bb][vc_column_text]La capacidad de fabricaci\u00f3n de canalizaciones en la nave taller nos permite desarrollar soluciones a medida de cualquier tipo de instalaci\u00f3n industrial.<\/p>\n<p>Colectores, Soportaci\u00f3n, Calorifugado, Traceado.<\/p>\n<p>L\u00edneas de GAS, agua caliente, glicol, HDPE lodos, PVC PRESI\u00d3N, calefacci\u00f3n, vapor, aire comprimido.[\/vc_column_text][\/vc_column_inner][vc_column_inner width=\u00bb1\/3&#8243;][vc_custom_heading text=\u00bbInstalaci\u00f3n de valvuler\u00eda y equipos\u00bb font_container=\u00bbtag:h2|text_align:center\u00bb use_theme_fonts=\u00bbyes\u00bb][vc_column_text css=\u00bb.vc_custom_1558682419367{margin-bottom: 6% !important;}\u00bb]Al integrar el dise\u00f1o, fabricaci\u00f3n y montaje dentro de la misma empresa, <strong>INDEREN<\/strong> optimiza los recursos y acortar los tiempos de duraci\u00f3n de los trabajos.<\/p>\n<p>Amplia experiencia en montaje e instalaci\u00f3n de automatismos el\u00e9ctricos y neum\u00e1ticos, valvuler\u00eda, bombeo, soplantes, conexiones, canaletas.<\/p>\n<p>Instalaci\u00f3n integral de componentes en biodigestores, agitadores, tuber\u00edas, sensores de control, sistemas de calefacci\u00f3n interna, etc.[\/vc_column_text][\/vc_column_inner][vc_column_inner width=\u00bb1\/3&#8243;][vc_custom_heading text=\u00bbProtecciones el\u00e9ctricas y automatismos, control\u00bb font_container=\u00bbtag:h2|text_align:center\u00bb use_theme_fonts=\u00bbyes\u00bb css=\u00bb.vc_custom_1541509154233{margin-top: 5% !important;}\u00bb][vc_column_text]Estamos habituados a la fabricaci\u00f3n de cuadros el\u00e9ctricos y armarios con PLC de control en sistema SCADA.<\/p>\n<p>Nuestros t\u00e9cnicos de instalaci\u00f3n y mantenimiento de componentes y automatismos est\u00e1n capacitados para la ejecuci\u00f3n de la instalaci\u00f3n y puesta en marcha de la instalaci\u00f3n industrial de la planta de biog\u00e1s.[\/vc_column_text][\/vc_column_inner][\/vc_row_inner][vc_row_inner][vc_column_inner width=\u00bb1\/3&#8243;][vc_single_image image=\u00bb1900&#8243; img_size=\u00bblarge\u00bb alignment=\u00bbcenter\u00bb][\/vc_column_inner][vc_column_inner width=\u00bb1\/3&#8243;][vc_single_image image=\u00bb1904&#8243; img_size=\u00bblarge\u00bb alignment=\u00bbcenter\u00bb][\/vc_column_inner][vc_column_inner width=\u00bb1\/3&#8243;][vc_single_image image=\u00bb1902&#8243; img_size=\u00bblarge\u00bb alignment=\u00bbcenter\u00bb][\/vc_column_inner][\/vc_row_inner][\/vc_column][\/vc_row][vc_row css=\u00bb.vc_custom_1541509707422{padding-bottom: 2% !important;}\u00bb][vc_column offset=\u00bbvc_hidden-lg vc_hidden-md vc_hidden-sm\u00bb][vc_row_inner][vc_column_inner width=\u00bb1\/3&#8243;][vc_custom_heading text=\u00bbCanalizaciones\u00bb font_container=\u00bbtag:h2|text_align:center\u00bb use_theme_fonts=\u00bbyes\u00bb][vc_column_text]La capacidad de fabricaci\u00f3n de canalizaciones en la nave taller nos permite desarrollar soluciones a medida de cualquier tipo de instalaci\u00f3n industrial.<\/p>\n<p>Colectores, Soportaci\u00f3n, Calorifugado, Traceado.<\/p>\n<p>L\u00edneas de GAS, agua caliente, glicol, HDPE lodos, PVC PRESI\u00d3N, calefacci\u00f3n, vapor, aire comprimido.[\/vc_column_text][vc_single_image image=\u00bb1900&#8243; img_size=\u00bblarge\u00bb alignment=\u00bbcenter\u00bb][\/vc_column_inner][vc_column_inner width=\u00bb1\/3&#8243;][vc_custom_heading text=\u00bbInstalaci\u00f3n de valvuler\u00eda y equipos\u00bb font_container=\u00bbtag:h2|text_align:center\u00bb use_theme_fonts=\u00bbyes\u00bb][vc_column_text css=\u00bb.vc_custom_1538649108253{margin-bottom: 6% !important;}\u00bb]Al integrar el dise\u00f1o, fabricaci\u00f3n y montaje dentro de la misma empresa, Inderen optimiza los recursos y acortar los tiempos de duraci\u00f3n de los trabajos.<\/p>\n<p>Amplia experiencia en montaje e instalaci\u00f3n de automatismos el\u00e9ctricos y neum\u00e1ticos, valvuler\u00eda, bombeo, soplantes, conexiones, canaletas.<\/p>\n<p>Instalaci\u00f3n integral de componentes en biodigestores, agitadores, tuber\u00edas, sensores de control, sistemas de calefacci\u00f3n interna, etc.[\/vc_column_text][vc_single_image image=\u00bb1904&#8243; img_size=\u00bblarge\u00bb alignment=\u00bbcenter\u00bb][\/vc_column_inner][vc_column_inner width=\u00bb1\/3&#8243;][vc_custom_heading text=\u00bbProtecciones el\u00e9ctricas y automatismos, control\u00bb font_container=\u00bbtag:h2|text_align:center\u00bb use_theme_fonts=\u00bbyes\u00bb css=\u00bb.vc_custom_1541509154233{margin-top: 5% !important;}\u00bb][vc_column_text]Estamos habituados a la fabricaci\u00f3n de cuadros el\u00e9ctricos y armarios con PLC de control en sistema SCADA.<\/p>\n<p>Nuestros t\u00e9cnicos de instalaci\u00f3n y mantenimiento de componentes y automatismos est\u00e1n capacitados para la ejecuci\u00f3n de la instalaci\u00f3n y puesta en marcha de la instalaci\u00f3n industrial de la planta de biog\u00e1s.[\/vc_column_text][vc_single_image image=\u00bb1902&#8243; img_size=\u00bblarge\u00bb alignment=\u00bbcenter\u00bb][\/vc_column_inner][\/vc_row_inner][\/vc_column][\/vc_row][vc_row css=\u00bb.vc_custom_1542878702310{margin-top: 3% !important;}\u00bb][vc_column width=\u00bb2\/12&#8243;][\/vc_column][vc_column width=\u00bb8\/12&#8243;][vc_column_text]<\/p>\n<h4 style=\"text-align: center;\"><strong>No dude en confiar en nosotros y solicitar m\u00e1s informaci\u00f3n.<\/strong><\/h4>\n<p>[\/vc_column_text][vc_btn title=\u00bbContacta con nosotros\u00bb color=\u00bbturquoise\u00bb size=\u00bblg\u00bb align=\u00bbcenter\u00bb link=\u00bburl:http%3A%2F%2Finderen.es%2Fcontact%2F|\u00bb css=\u00bb.vc_custom_1546522163938{margin-top: 5% !important;}\u00bb][\/vc_column][vc_column width=\u00bb2\/12&#8243;][\/vc_column][\/vc_row]<\/p>\n<\/div>","protected":false},"excerpt":{"rendered":"<p>[vc_row full_width=\u00bbstretch_row_content\u00bb css=\u00bb.vc_custom_1541504489776{background-position: center !important;background-repeat: no-repeat !important;background-size: cover !important;}\u00bb][vc_column][vc_custom_heading text=\u00bbSomos instaladores de Biog\u00e1s\u00bb font_container=\u00bbtag:h2|text_align:center\u00bb use_theme_fonts=\u00bbyes\u00bb][\/vc_column][\/vc_row][vc_row][vc_column][vc_column_text]El sector del Biog\u00e1s en Espa\u00f1a se est\u00e1 moviendo y en Europa se est\u00e1 consolidando, el potencial de este Recurso Renovable es muy alto. INDEREN,\u00a0empresa de&#8230;<\/p>\n","protected":false},"author":1,"featured_media":0,"parent":2826,"menu_order":0,"comment_status":"closed","ping_status":"closed","template":"","meta":{"_monsterinsights_skip_tracking":false,"_monsterinsights_sitenote_active":false,"_monsterinsights_sitenote_note":"","_monsterinsights_sitenote_category":0,"footnotes":""},"class_list":["post-2845","page","type-page","status-publish","hentry"],"yoast_head":"<!-- This site is optimized with the Yoast SEO plugin v27.3 - https:\/\/yoast.com\/product\/yoast-seo-wordpress\/ -->\n<title>Biog\u00e1s - INDEREN (Ingenier\u00eda y desarrollos renovables, S.L.)<\/title>\n<meta name=\"robots\" content=\"index, follow, max-snippet:-1, max-image-preview:large, max-video-preview:-1\" \/>\n<link rel=\"canonical\" href=\"https:\/\/inderen.es\/es\/area-negocios\/biogas\/\" \/>\n<meta property=\"og:locale\" content=\"es_ES\" \/>\n<meta property=\"og:type\" content=\"article\" \/>\n<meta property=\"og:title\" content=\"Biog\u00e1s - INDEREN (Ingenier\u00eda y desarrollos renovables, S.L.)\" \/>\n<meta property=\"og:description\" content=\"[vc_row full_width=\u00bbstretch_row_content\u00bb css=\u00bb.vc_custom_1541504489776{background-position: center !important;background-repeat: no-repeat !important;background-size: cover !important;}\u00bb][vc_column][vc_custom_heading text=\u00bbSomos instaladores de Biog\u00e1s\u00bb font_container=\u00bbtag:h2|text_align:center\u00bb use_theme_fonts=\u00bbyes\u00bb][\/vc_column][\/vc_row][vc_row][vc_column][vc_column_text]El sector del Biog\u00e1s en Espa\u00f1a se est\u00e1 moviendo y en Europa se est\u00e1 consolidando, el potencial de este Recurso Renovable es muy alto. INDEREN,\u00a0empresa de...\" \/>\n<meta property=\"og:url\" content=\"https:\/\/inderen.es\/es\/area-negocios\/biogas\/\" \/>\n<meta property=\"og:site_name\" content=\"INDEREN (Ingenier\u00eda y desarrollos renovables, S.L.)\" \/>\n<meta property=\"article:publisher\" content=\"https:\/\/www.facebook.com\/INDEREN.ENERGIA\/\" \/>\n<meta property=\"article:modified_time\" content=\"2019-05-24T07:20:23+00:00\" \/>\n<meta name=\"twitter:card\" content=\"summary_large_image\" \/>\n<meta name=\"twitter:site\" content=\"@INDEREN_ENERGIA\" \/>\n<meta name=\"twitter:label1\" content=\"Tiempo de lectura\" \/>\n\t<meta name=\"twitter:data1\" content=\"9 minutos\" \/>\n<script type=\"application\/ld+json\" class=\"yoast-schema-graph\">{\"@context\":\"https:\\\/\\\/schema.org\",\"@graph\":[{\"@type\":\"WebPage\",\"@id\":\"https:\\\/\\\/inderen.es\\\/es\\\/area-negocios\\\/biogas\\\/\",\"url\":\"https:\\\/\\\/inderen.es\\\/es\\\/area-negocios\\\/biogas\\\/\",\"name\":\"Biog\u00e1s - INDEREN (Ingenier\u00eda y desarrollos renovables, S.L.)\",\"isPartOf\":{\"@id\":\"https:\\\/\\\/inderen.es\\\/es\\\/#website\"},\"datePublished\":\"2018-10-04T09:40:42+00:00\",\"dateModified\":\"2019-05-24T07:20:23+00:00\",\"breadcrumb\":{\"@id\":\"https:\\\/\\\/inderen.es\\\/es\\\/area-negocios\\\/biogas\\\/#breadcrumb\"},\"inLanguage\":\"es\",\"potentialAction\":[{\"@type\":\"ReadAction\",\"target\":[\"https:\\\/\\\/inderen.es\\\/es\\\/area-negocios\\\/biogas\\\/\"]}]},{\"@type\":\"BreadcrumbList\",\"@id\":\"https:\\\/\\\/inderen.es\\\/es\\\/area-negocios\\\/biogas\\\/#breadcrumb\",\"itemListElement\":[{\"@type\":\"ListItem\",\"position\":1,\"name\":\"Home\",\"item\":\"https:\\\/\\\/inderen.es\\\/es\\\/\"},{\"@type\":\"ListItem\",\"position\":2,\"name\":\"\u00c1rea negocios\",\"item\":\"https:\\\/\\\/inderen.es\\\/es\\\/area-negocios\\\/\"},{\"@type\":\"ListItem\",\"position\":3,\"name\":\"Biog\u00e1s\"}]},{\"@type\":\"WebSite\",\"@id\":\"https:\\\/\\\/inderen.es\\\/es\\\/#website\",\"url\":\"https:\\\/\\\/inderen.es\\\/es\\\/\",\"name\":\"INDEREN - Ingenier\u00eda y desarrollos renovables\",\"description\":\"Instaladores de energ\u00edas renovables. Ofrecemos un modelo energ\u00e9tico competitivo que proporcione rentabilidad econ\u00f3mica y valores sociales a nuestros clientes, tanto dom\u00e9sticos como industriales.\",\"publisher\":{\"@id\":\"https:\\\/\\\/inderen.es\\\/es\\\/#organization\"},\"potentialAction\":[{\"@type\":\"SearchAction\",\"target\":{\"@type\":\"EntryPoint\",\"urlTemplate\":\"https:\\\/\\\/inderen.es\\\/es\\\/?s={search_term_string}\"},\"query-input\":{\"@type\":\"PropertyValueSpecification\",\"valueRequired\":true,\"valueName\":\"search_term_string\"}}],\"inLanguage\":\"es\"},{\"@type\":\"Organization\",\"@id\":\"https:\\\/\\\/inderen.es\\\/es\\\/#organization\",\"name\":\"INDEREN (Ingenier\u00eda y desarrollos renovables, S.L.)\",\"url\":\"https:\\\/\\\/inderen.es\\\/es\\\/\",\"logo\":{\"@type\":\"ImageObject\",\"inLanguage\":\"es\",\"@id\":\"https:\\\/\\\/inderen.es\\\/es\\\/#\\\/schema\\\/logo\\\/image\\\/\",\"url\":\"https:\\\/\\\/inderen.es\\\/wp-content\\\/uploads\\\/2019\\\/04\\\/logo-inderen.jpg\",\"contentUrl\":\"https:\\\/\\\/inderen.es\\\/wp-content\\\/uploads\\\/2019\\\/04\\\/logo-inderen.jpg\",\"width\":591,\"height\":591,\"caption\":\"INDEREN (Ingenier\u00eda y desarrollos renovables, S.L.)\"},\"image\":{\"@id\":\"https:\\\/\\\/inderen.es\\\/es\\\/#\\\/schema\\\/logo\\\/image\\\/\"},\"sameAs\":[\"https:\\\/\\\/www.facebook.com\\\/INDEREN.ENERGIA\\\/\",\"https:\\\/\\\/x.com\\\/INDEREN_ENERGIA\",\"https:\\\/\\\/www.linkedin.com\\\/company\\\/inderen\\\/\"]}]}<\/script>\n<!-- \/ Yoast SEO plugin. -->","yoast_head_json":{"title":"Biog\u00e1s - INDEREN (Ingenier\u00eda y desarrollos renovables, S.L.)","robots":{"index":"index","follow":"follow","max-snippet":"max-snippet:-1","max-image-preview":"max-image-preview:large","max-video-preview":"max-video-preview:-1"},"canonical":"https:\/\/inderen.es\/es\/area-negocios\/biogas\/","og_locale":"es_ES","og_type":"article","og_title":"Biog\u00e1s - INDEREN (Ingenier\u00eda y desarrollos renovables, S.L.)","og_description":"[vc_row full_width=\u00bbstretch_row_content\u00bb css=\u00bb.vc_custom_1541504489776{background-position: center !important;background-repeat: no-repeat !important;background-size: cover !important;}\u00bb][vc_column][vc_custom_heading text=\u00bbSomos instaladores de Biog\u00e1s\u00bb font_container=\u00bbtag:h2|text_align:center\u00bb use_theme_fonts=\u00bbyes\u00bb][\/vc_column][\/vc_row][vc_row][vc_column][vc_column_text]El sector del Biog\u00e1s en Espa\u00f1a se est\u00e1 moviendo y en Europa se est\u00e1 consolidando, el potencial de este Recurso Renovable es muy alto. INDEREN,\u00a0empresa de...","og_url":"https:\/\/inderen.es\/es\/area-negocios\/biogas\/","og_site_name":"INDEREN (Ingenier\u00eda y desarrollos renovables, S.L.)","article_publisher":"https:\/\/www.facebook.com\/INDEREN.ENERGIA\/","article_modified_time":"2019-05-24T07:20:23+00:00","twitter_card":"summary_large_image","twitter_site":"@INDEREN_ENERGIA","twitter_misc":{"Tiempo de lectura":"9 minutos"},"schema":{"@context":"https:\/\/schema.org","@graph":[{"@type":"WebPage","@id":"https:\/\/inderen.es\/es\/area-negocios\/biogas\/","url":"https:\/\/inderen.es\/es\/area-negocios\/biogas\/","name":"Biog\u00e1s - INDEREN (Ingenier\u00eda y desarrollos renovables, S.L.)","isPartOf":{"@id":"https:\/\/inderen.es\/es\/#website"},"datePublished":"2018-10-04T09:40:42+00:00","dateModified":"2019-05-24T07:20:23+00:00","breadcrumb":{"@id":"https:\/\/inderen.es\/es\/area-negocios\/biogas\/#breadcrumb"},"inLanguage":"es","potentialAction":[{"@type":"ReadAction","target":["https:\/\/inderen.es\/es\/area-negocios\/biogas\/"]}]},{"@type":"BreadcrumbList","@id":"https:\/\/inderen.es\/es\/area-negocios\/biogas\/#breadcrumb","itemListElement":[{"@type":"ListItem","position":1,"name":"Home","item":"https:\/\/inderen.es\/es\/"},{"@type":"ListItem","position":2,"name":"\u00c1rea negocios","item":"https:\/\/inderen.es\/es\/area-negocios\/"},{"@type":"ListItem","position":3,"name":"Biog\u00e1s"}]},{"@type":"WebSite","@id":"https:\/\/inderen.es\/es\/#website","url":"https:\/\/inderen.es\/es\/","name":"INDEREN - Ingenier\u00eda y desarrollos renovables","description":"Instaladores de energ\u00edas renovables. Ofrecemos un modelo energ\u00e9tico competitivo que proporcione rentabilidad econ\u00f3mica y valores sociales a nuestros clientes, tanto dom\u00e9sticos como industriales.","publisher":{"@id":"https:\/\/inderen.es\/es\/#organization"},"potentialAction":[{"@type":"SearchAction","target":{"@type":"EntryPoint","urlTemplate":"https:\/\/inderen.es\/es\/?s={search_term_string}"},"query-input":{"@type":"PropertyValueSpecification","valueRequired":true,"valueName":"search_term_string"}}],"inLanguage":"es"},{"@type":"Organization","@id":"https:\/\/inderen.es\/es\/#organization","name":"INDEREN (Ingenier\u00eda y desarrollos renovables, S.L.)","url":"https:\/\/inderen.es\/es\/","logo":{"@type":"ImageObject","inLanguage":"es","@id":"https:\/\/inderen.es\/es\/#\/schema\/logo\/image\/","url":"https:\/\/inderen.es\/wp-content\/uploads\/2019\/04\/logo-inderen.jpg","contentUrl":"https:\/\/inderen.es\/wp-content\/uploads\/2019\/04\/logo-inderen.jpg","width":591,"height":591,"caption":"INDEREN (Ingenier\u00eda y desarrollos renovables, S.L.)"},"image":{"@id":"https:\/\/inderen.es\/es\/#\/schema\/logo\/image\/"},"sameAs":["https:\/\/www.facebook.com\/INDEREN.ENERGIA\/","https:\/\/x.com\/INDEREN_ENERGIA","https:\/\/www.linkedin.com\/company\/inderen\/"]}]}},"_links":{"self":[{"href":"https:\/\/inderen.es\/es\/wp-json\/wp\/v2\/pages\/2845","targetHints":{"allow":["GET"]}}],"collection":[{"href":"https:\/\/inderen.es\/es\/wp-json\/wp\/v2\/pages"}],"about":[{"href":"https:\/\/inderen.es\/es\/wp-json\/wp\/v2\/types\/page"}],"author":[{"embeddable":true,"href":"https:\/\/inderen.es\/es\/wp-json\/wp\/v2\/users\/1"}],"replies":[{"embeddable":true,"href":"https:\/\/inderen.es\/es\/wp-json\/wp\/v2\/comments?post=2845"}],"version-history":[{"count":31,"href":"https:\/\/inderen.es\/es\/wp-json\/wp\/v2\/pages\/2845\/revisions"}],"predecessor-version":[{"id":4890,"href":"https:\/\/inderen.es\/es\/wp-json\/wp\/v2\/pages\/2845\/revisions\/4890"}],"up":[{"embeddable":true,"href":"https:\/\/inderen.es\/es\/wp-json\/wp\/v2\/pages\/2826"}],"wp:attachment":[{"href":"https:\/\/inderen.es\/es\/wp-json\/wp\/v2\/media?parent=2845"}],"curies":[{"name":"wp","href":"https:\/\/api.w.org\/{rel}","templated":true}]}}