{"id":2853,"date":"2018-10-04T13:22:33","date_gmt":"2018-10-04T11:22:33","guid":{"rendered":"https:\/\/inderen.es\/area-negocios-nueva\/cogeneration-nueva\/"},"modified":"2019-01-03T14:32:25","modified_gmt":"2019-01-03T13:32:25","slug":"cogeneracion","status":"publish","type":"page","link":"https:\/\/inderen.es\/es\/area-negocios\/cogeneracion\/","title":{"rendered":"Cogeneraci\u00f3n"},"content":{"rendered":"<div class=\"wpb-content-wrapper\"><p>[vc_row][vc_column width=\u00bb1\/3&#8243;][vc_column_text css_animation=\u00bbleft-to-right\u00bb css=\u00bb.vc_custom_1496242459398{padding-top: 15px !important;padding-right: 20px !important;padding-bottom: 20px !important;padding-left: 20px !important;background-color: #245468 !important;border-radius: 10px !important;}\u00bb]<\/p>\n<h3 style=\"text-align: center;\"><span style=\"color: #ffffff;\">INTEGRATION AND COGENERATION MAINTENANCE<\/span><\/h3>\n<p>[\/vc_column_text][\/vc_column][vc_column width=\u00bb1\/3&#8243;][vc_column_text css_animation=\u00bbbottom-to-top\u00bb css=\u00bb.vc_custom_1496242762815{padding-top: 15px !important;padding-right: 20px !important;padding-bottom: 20px !important;padding-left: 20px !important;background-color: #245468 !important;border-radius: 10px !important;}\u00bb]<\/p>\n<h3 style=\"text-align: center;\"><span style=\"color: #ffffff;\">OFFICIAL DISTRIBUTOR<br \/>\nR SCHMITT ENERTEC SYSTEMS<\/span><\/h3>\n<p>[\/vc_column_text][\/vc_column][vc_column width=\u00bb1\/3&#8243;][vc_column_text css_animation=\u00bbright-to-left\u00bb css=\u00bb.vc_custom_1496242753924{padding-top: 15px !important;padding-right: 20px !important;padding-bottom: 20px !important;padding-left: 20px !important;background-color: #245468 !important;border-radius: 10px !important;}\u00bb]<\/p>\n<h3 style=\"color: #ffffff; text-align: center;\">EXCLUSIVE<br \/>\nDISTRIBUTOR IN<br \/>\nSPAIN<\/h3>\n<p>[\/vc_column_text][\/vc_column][\/vc_row][vc_row][vc_column css=\u00bb.vc_custom_1538651007447{margin-top: 5% !important;margin-bottom: 4% !important;}\u00bb][vc_column_text]<\/p>\n<p style=\"text-align: center;\"><strong>Customized integration of cogeneration engines<\/strong><\/p>\n<p><strong>INDEREN <\/strong>is dedicated to the integration, installation and maintenance of CHP engines \u00a0of electric cogeneration with heat recovery. Whether in a maritime container or in a room, we design, execute and commission the cogeneration system, according to the requirements of our client.[\/vc_column_text][\/vc_column][\/vc_row][vc_row full_width=\u00bbstretch_row\u00bb css=\u00bb.vc_custom_1538734089952{margin-top: 3% !important;padding-bottom: 30px !important;}\u00bb][vc_column][vc_custom_heading text=\u00bbDISTRIBUIDOR OFICIAL NACIONAL DE R SCHMITT ENERTEC.\u00bb font_container=\u00bbtag:h1|text_align:center|color:%232575ba\u00bb use_theme_fonts=\u00bbyes\u00bb][\/vc_column][\/vc_row][vc_row][vc_column width=\u00bb2\/3&#8243;][vc_single_image image=\u00bb1058&#8243; img_size=\u00bbfull\u00bb alignment=\u00bbcenter\u00bb][\/vc_column][vc_column width=\u00bb1\/3&#8243; css=\u00bb.vc_custom_1538651124725{margin-top: 15% !important;}\u00bb][vc_column_text]<a href=\"https:\/\/www.schmitt-enertec.com\/\" target=\"_blank\" rel=\"noopener\"><strong>R SCHMITT ENERTEC<\/strong><\/a> is one of the leading German manufacturers of gas cogeneration engines, our professional work has gained the conficence of the manufacturer.<\/p>\n<ul>\n<li>\n<h6>ENERGIN\u00ae M Series<\/h6>\n<\/li>\n<li>\n<h6>ENERGIN\u00ae GEN<\/h6>\n<\/li>\n<li>\n<h6>ENERGIN\u00ae CHP<\/h6>\n<\/li>\n<li>\n<h6>ENERGIN\u00ae GEN+<\/h6>\n<\/li>\n<\/ul>\n<p>[\/vc_column_text][\/vc_column][\/vc_row][vc_row][vc_column][vc_empty_space height=\u00bb50px\u00bb][\/vc_column][\/vc_row][vc_row full_width=\u00bbstretch_row\u00bb css=\u00bb.vc_custom_1542805531755{padding-top: 6% !important;padding-bottom: 6% !important;background-color: #828282 !important;background-position: center !important;background-repeat: no-repeat !important;background-size: cover !important;}\u00bb][vc_column][vc_custom_heading text=\u00bbMANTENIMIENTO Y REPARACI\u00d3N\u00bb font_container=\u00bbtag:h1|text_align:center|color:%232575ba\u00bb use_theme_fonts=\u00bbyes\u00bb][vc_row_inner][vc_column_inner width=\u00bb1\/2&#8243;][vc_icon icon_fontawesome=\u00bbfa fa-codepen\u00bb color=\u00bbcustom\u00bb align=\u00bbcenter\u00bb custom_color=\u00bb#97aebe\u00bb css=\u00bb.vc_custom_1538651979360{margin-bottom: 0px !important;}\u00bb][vc_column_text css=\u00bb.vc_custom_1541506335386{margin-top: 0px !important;}\u00bb]<\/p>\n<p style=\"text-align: center;\"><strong>Maintenance and Repair of cogeneration engines<\/strong><\/p>\n<p style=\"color: white;\">We carry out preventive maintenance contracts, programmed and adapted to each client.<br \/>\nThe plan entails assistance services from 1,000 to 40,000 hours, and it can reach a 60,000h Overhaul in which a major maintenance operation is carried out.[\/vc_column_text][\/vc_column_inner][vc_column_inner width=\u00bb1\/2&#8243;][vc_icon icon_fontawesome=\u00bbfa fa-wrench\u00bb color=\u00bbcustom\u00bb align=\u00bbcenter\u00bb custom_color=\u00bb#97aebe\u00bb css=\u00bb.vc_custom_1538651999584{margin-bottom: 0px !important;}\u00bb][vc_column_text css=\u00bb.vc_custom_1541506355877{margin-top: 0px !important;}\u00bb]<\/p>\n<p style=\"text-align: center;\"><strong>Multibrand preventative maintenance<\/strong><\/p>\n<p style=\"color: white;\">We carry out preventive maintenance contracts, programmed and adapted to each client.<br \/>\nThe plan entails assistance services from 1,000 to 40,000 hours, and it can reach a 60,000h Overhaul in which a major maintenance operation is carried out.[\/vc_column_text][\/vc_column_inner][\/vc_row_inner][\/vc_column][\/vc_row][vc_row css=\u00bb.vc_custom_1538730531579{margin-top: 5% !important;margin-bottom: 3% !important;}\u00bb][vc_column width=\u00bb1\/6&#8243;][\/vc_column][vc_column width=\u00bb4\/6&#8243;][vc_single_image image=\u00bb1711&#8243; img_size=\u00bbfull\u00bb alignment=\u00bbcenter\u00bb][\/vc_column][vc_column width=\u00bb1\/6&#8243;][\/vc_column][\/vc_row][vc_row css=\u00bb.vc_custom_1542879162751{margin-top: 6% !important;}\u00bb][vc_column width=\u00bb2\/12&#8243;][\/vc_column][vc_column width=\u00bb8\/12&#8243;][vc_column_text]<\/p>\n<div class=\"wpb_text_column wpb_content_element vc_custom_1541512751482\">\n<div class=\"wpb_wrapper\">\n<h4 style=\"text-align: center;\"><strong>Please do not hesitate to trust us and to ask us.<\/strong><\/h4>\n<\/div>\n<\/div>\n<div class=\"vc_row wpb_row vc_inner vc_row-fluid\"><\/div>\n<p>[\/vc_column_text][vc_btn title=\u00bbContacta con nosotros\u00bb color=\u00bbturquoise\u00bb size=\u00bblg\u00bb align=\u00bbcenter\u00bb link=\u00bburl:http%3A%2F%2Finderen.es%2Fcontact%2F|\u00bb css=\u00bb.vc_custom_1546522342688{margin-top: 3% !important;}\u00bb][\/vc_column][vc_column width=\u00bb2\/12&#8243;][\/vc_column][\/vc_row]<\/p>\n<\/div>","protected":false},"excerpt":{"rendered":"<p>[vc_row][vc_column width=\u00bb1\/3&#8243;][vc_column_text css_animation=\u00bbleft-to-right\u00bb css=\u00bb.vc_custom_1496242459398{padding-top: 15px !important;padding-right: 20px !important;padding-bottom: 20px !important;padding-left: 20px !important;background-color: #245468 !important;border-radius: 10px !important;}\u00bb] INTEGRATION AND COGENERATION MAINTENANCE [\/vc_column_text][\/vc_column][vc_column width=\u00bb1\/3&#8243;][vc_column_text css_animation=\u00bbbottom-to-top\u00bb css=\u00bb.vc_custom_1496242762815{padding-top: 15px !important;padding-right: 20px !important;padding-bottom: 20px !important;padding-left: 20px !important;background-color: #245468 !important;border-radius: 10px !important;}\u00bb] OFFICIAL DISTRIBUTOR R SCHMITT&#8230;<\/p>\n","protected":false},"author":1,"featured_media":0,"parent":2826,"menu_order":0,"comment_status":"closed","ping_status":"closed","template":"","meta":{"_monsterinsights_skip_tracking":false,"_monsterinsights_sitenote_active":false,"_monsterinsights_sitenote_note":"","_monsterinsights_sitenote_category":0,"footnotes":""},"class_list":["post-2853","page","type-page","status-publish","hentry"],"yoast_head":"<!-- This site is optimized with the Yoast SEO plugin v27.3 - https:\/\/yoast.com\/product\/yoast-seo-wordpress\/ -->\n<title>Cogeneraci\u00f3n - INDEREN (Ingenier\u00eda y desarrollos renovables, S.L.)<\/title>\n<meta name=\"robots\" content=\"index, follow, max-snippet:-1, max-image-preview:large, max-video-preview:-1\" \/>\n<link rel=\"canonical\" href=\"https:\/\/inderen.es\/es\/area-negocios\/cogeneracion\/\" \/>\n<meta property=\"og:locale\" content=\"es_ES\" \/>\n<meta property=\"og:type\" content=\"article\" \/>\n<meta property=\"og:title\" content=\"Cogeneraci\u00f3n - INDEREN (Ingenier\u00eda y desarrollos renovables, S.L.)\" \/>\n<meta property=\"og:description\" content=\"[vc_row][vc_column width=\u00bb1\/3&#8243;][vc_column_text css_animation=\u00bbleft-to-right\u00bb css=\u00bb.vc_custom_1496242459398{padding-top: 15px !important;padding-right: 20px !important;padding-bottom: 20px !important;padding-left: 20px !important;background-color: #245468 !important;border-radius: 10px !important;}\u00bb] INTEGRATION AND COGENERATION MAINTENANCE [\/vc_column_text][\/vc_column][vc_column width=\u00bb1\/3&#8243;][vc_column_text css_animation=\u00bbbottom-to-top\u00bb css=\u00bb.vc_custom_1496242762815{padding-top: 15px !important;padding-right: 20px !important;padding-bottom: 20px !important;padding-left: 20px !important;background-color: #245468 !important;border-radius: 10px !important;}\u00bb] OFFICIAL DISTRIBUTOR R SCHMITT...\" \/>\n<meta property=\"og:url\" content=\"https:\/\/inderen.es\/es\/area-negocios\/cogeneracion\/\" \/>\n<meta property=\"og:site_name\" content=\"INDEREN (Ingenier\u00eda y desarrollos renovables, S.L.)\" \/>\n<meta property=\"article:publisher\" content=\"https:\/\/www.facebook.com\/INDEREN.ENERGIA\/\" \/>\n<meta property=\"article:modified_time\" content=\"2019-01-03T13:32:25+00:00\" \/>\n<meta name=\"twitter:card\" content=\"summary_large_image\" \/>\n<meta name=\"twitter:site\" content=\"@INDEREN_ENERGIA\" \/>\n<meta name=\"twitter:label1\" content=\"Tiempo de lectura\" \/>\n\t<meta name=\"twitter:data1\" content=\"3 minutos\" \/>\n<script type=\"application\/ld+json\" class=\"yoast-schema-graph\">{\"@context\":\"https:\\\/\\\/schema.org\",\"@graph\":[{\"@type\":\"WebPage\",\"@id\":\"https:\\\/\\\/inderen.es\\\/es\\\/area-negocios\\\/cogeneracion\\\/\",\"url\":\"https:\\\/\\\/inderen.es\\\/es\\\/area-negocios\\\/cogeneracion\\\/\",\"name\":\"Cogeneraci\u00f3n - INDEREN (Ingenier\u00eda y desarrollos renovables, S.L.)\",\"isPartOf\":{\"@id\":\"https:\\\/\\\/inderen.es\\\/es\\\/#website\"},\"datePublished\":\"2018-10-04T11:22:33+00:00\",\"dateModified\":\"2019-01-03T13:32:25+00:00\",\"breadcrumb\":{\"@id\":\"https:\\\/\\\/inderen.es\\\/es\\\/area-negocios\\\/cogeneracion\\\/#breadcrumb\"},\"inLanguage\":\"es\",\"potentialAction\":[{\"@type\":\"ReadAction\",\"target\":[\"https:\\\/\\\/inderen.es\\\/es\\\/area-negocios\\\/cogeneracion\\\/\"]}]},{\"@type\":\"BreadcrumbList\",\"@id\":\"https:\\\/\\\/inderen.es\\\/es\\\/area-negocios\\\/cogeneracion\\\/#breadcrumb\",\"itemListElement\":[{\"@type\":\"ListItem\",\"position\":1,\"name\":\"Home\",\"item\":\"https:\\\/\\\/inderen.es\\\/es\\\/\"},{\"@type\":\"ListItem\",\"position\":2,\"name\":\"\u00c1rea negocios\",\"item\":\"https:\\\/\\\/inderen.es\\\/es\\\/area-negocios\\\/\"},{\"@type\":\"ListItem\",\"position\":3,\"name\":\"Cogeneraci\u00f3n\"}]},{\"@type\":\"WebSite\",\"@id\":\"https:\\\/\\\/inderen.es\\\/es\\\/#website\",\"url\":\"https:\\\/\\\/inderen.es\\\/es\\\/\",\"name\":\"INDEREN - Ingenier\u00eda y desarrollos renovables\",\"description\":\"Instaladores de energ\u00edas renovables. Ofrecemos un modelo energ\u00e9tico competitivo que proporcione rentabilidad econ\u00f3mica y valores sociales a nuestros clientes, tanto dom\u00e9sticos como industriales.\",\"publisher\":{\"@id\":\"https:\\\/\\\/inderen.es\\\/es\\\/#organization\"},\"potentialAction\":[{\"@type\":\"SearchAction\",\"target\":{\"@type\":\"EntryPoint\",\"urlTemplate\":\"https:\\\/\\\/inderen.es\\\/es\\\/?s={search_term_string}\"},\"query-input\":{\"@type\":\"PropertyValueSpecification\",\"valueRequired\":true,\"valueName\":\"search_term_string\"}}],\"inLanguage\":\"es\"},{\"@type\":\"Organization\",\"@id\":\"https:\\\/\\\/inderen.es\\\/es\\\/#organization\",\"name\":\"INDEREN (Ingenier\u00eda y desarrollos renovables, S.L.)\",\"url\":\"https:\\\/\\\/inderen.es\\\/es\\\/\",\"logo\":{\"@type\":\"ImageObject\",\"inLanguage\":\"es\",\"@id\":\"https:\\\/\\\/inderen.es\\\/es\\\/#\\\/schema\\\/logo\\\/image\\\/\",\"url\":\"https:\\\/\\\/inderen.es\\\/wp-content\\\/uploads\\\/2019\\\/04\\\/logo-inderen.jpg\",\"contentUrl\":\"https:\\\/\\\/inderen.es\\\/wp-content\\\/uploads\\\/2019\\\/04\\\/logo-inderen.jpg\",\"width\":591,\"height\":591,\"caption\":\"INDEREN (Ingenier\u00eda y desarrollos renovables, S.L.)\"},\"image\":{\"@id\":\"https:\\\/\\\/inderen.es\\\/es\\\/#\\\/schema\\\/logo\\\/image\\\/\"},\"sameAs\":[\"https:\\\/\\\/www.facebook.com\\\/INDEREN.ENERGIA\\\/\",\"https:\\\/\\\/x.com\\\/INDEREN_ENERGIA\",\"https:\\\/\\\/www.linkedin.com\\\/company\\\/inderen\\\/\"]}]}<\/script>\n<!-- \/ Yoast SEO plugin. -->","yoast_head_json":{"title":"Cogeneraci\u00f3n - INDEREN (Ingenier\u00eda y desarrollos renovables, S.L.)","robots":{"index":"index","follow":"follow","max-snippet":"max-snippet:-1","max-image-preview":"max-image-preview:large","max-video-preview":"max-video-preview:-1"},"canonical":"https:\/\/inderen.es\/es\/area-negocios\/cogeneracion\/","og_locale":"es_ES","og_type":"article","og_title":"Cogeneraci\u00f3n - INDEREN (Ingenier\u00eda y desarrollos renovables, S.L.)","og_description":"[vc_row][vc_column width=\u00bb1\/3&#8243;][vc_column_text css_animation=\u00bbleft-to-right\u00bb css=\u00bb.vc_custom_1496242459398{padding-top: 15px !important;padding-right: 20px !important;padding-bottom: 20px !important;padding-left: 20px !important;background-color: #245468 !important;border-radius: 10px !important;}\u00bb] INTEGRATION AND COGENERATION MAINTENANCE [\/vc_column_text][\/vc_column][vc_column width=\u00bb1\/3&#8243;][vc_column_text css_animation=\u00bbbottom-to-top\u00bb css=\u00bb.vc_custom_1496242762815{padding-top: 15px !important;padding-right: 20px !important;padding-bottom: 20px !important;padding-left: 20px !important;background-color: #245468 !important;border-radius: 10px !important;}\u00bb] OFFICIAL DISTRIBUTOR R SCHMITT...","og_url":"https:\/\/inderen.es\/es\/area-negocios\/cogeneracion\/","og_site_name":"INDEREN (Ingenier\u00eda y desarrollos renovables, S.L.)","article_publisher":"https:\/\/www.facebook.com\/INDEREN.ENERGIA\/","article_modified_time":"2019-01-03T13:32:25+00:00","twitter_card":"summary_large_image","twitter_site":"@INDEREN_ENERGIA","twitter_misc":{"Tiempo de lectura":"3 minutos"},"schema":{"@context":"https:\/\/schema.org","@graph":[{"@type":"WebPage","@id":"https:\/\/inderen.es\/es\/area-negocios\/cogeneracion\/","url":"https:\/\/inderen.es\/es\/area-negocios\/cogeneracion\/","name":"Cogeneraci\u00f3n - INDEREN (Ingenier\u00eda y desarrollos renovables, S.L.)","isPartOf":{"@id":"https:\/\/inderen.es\/es\/#website"},"datePublished":"2018-10-04T11:22:33+00:00","dateModified":"2019-01-03T13:32:25+00:00","breadcrumb":{"@id":"https:\/\/inderen.es\/es\/area-negocios\/cogeneracion\/#breadcrumb"},"inLanguage":"es","potentialAction":[{"@type":"ReadAction","target":["https:\/\/inderen.es\/es\/area-negocios\/cogeneracion\/"]}]},{"@type":"BreadcrumbList","@id":"https:\/\/inderen.es\/es\/area-negocios\/cogeneracion\/#breadcrumb","itemListElement":[{"@type":"ListItem","position":1,"name":"Home","item":"https:\/\/inderen.es\/es\/"},{"@type":"ListItem","position":2,"name":"\u00c1rea negocios","item":"https:\/\/inderen.es\/es\/area-negocios\/"},{"@type":"ListItem","position":3,"name":"Cogeneraci\u00f3n"}]},{"@type":"WebSite","@id":"https:\/\/inderen.es\/es\/#website","url":"https:\/\/inderen.es\/es\/","name":"INDEREN - Ingenier\u00eda y desarrollos renovables","description":"Instaladores de energ\u00edas renovables. Ofrecemos un modelo energ\u00e9tico competitivo que proporcione rentabilidad econ\u00f3mica y valores sociales a nuestros clientes, tanto dom\u00e9sticos como industriales.","publisher":{"@id":"https:\/\/inderen.es\/es\/#organization"},"potentialAction":[{"@type":"SearchAction","target":{"@type":"EntryPoint","urlTemplate":"https:\/\/inderen.es\/es\/?s={search_term_string}"},"query-input":{"@type":"PropertyValueSpecification","valueRequired":true,"valueName":"search_term_string"}}],"inLanguage":"es"},{"@type":"Organization","@id":"https:\/\/inderen.es\/es\/#organization","name":"INDEREN (Ingenier\u00eda y desarrollos renovables, S.L.)","url":"https:\/\/inderen.es\/es\/","logo":{"@type":"ImageObject","inLanguage":"es","@id":"https:\/\/inderen.es\/es\/#\/schema\/logo\/image\/","url":"https:\/\/inderen.es\/wp-content\/uploads\/2019\/04\/logo-inderen.jpg","contentUrl":"https:\/\/inderen.es\/wp-content\/uploads\/2019\/04\/logo-inderen.jpg","width":591,"height":591,"caption":"INDEREN (Ingenier\u00eda y desarrollos renovables, S.L.)"},"image":{"@id":"https:\/\/inderen.es\/es\/#\/schema\/logo\/image\/"},"sameAs":["https:\/\/www.facebook.com\/INDEREN.ENERGIA\/","https:\/\/x.com\/INDEREN_ENERGIA","https:\/\/www.linkedin.com\/company\/inderen\/"]}]}},"_links":{"self":[{"href":"https:\/\/inderen.es\/es\/wp-json\/wp\/v2\/pages\/2853","targetHints":{"allow":["GET"]}}],"collection":[{"href":"https:\/\/inderen.es\/es\/wp-json\/wp\/v2\/pages"}],"about":[{"href":"https:\/\/inderen.es\/es\/wp-json\/wp\/v2\/types\/page"}],"author":[{"embeddable":true,"href":"https:\/\/inderen.es\/es\/wp-json\/wp\/v2\/users\/1"}],"replies":[{"embeddable":true,"href":"https:\/\/inderen.es\/es\/wp-json\/wp\/v2\/comments?post=2853"}],"version-history":[{"count":37,"href":"https:\/\/inderen.es\/es\/wp-json\/wp\/v2\/pages\/2853\/revisions"}],"predecessor-version":[{"id":3271,"href":"https:\/\/inderen.es\/es\/wp-json\/wp\/v2\/pages\/2853\/revisions\/3271"}],"up":[{"embeddable":true,"href":"https:\/\/inderen.es\/es\/wp-json\/wp\/v2\/pages\/2826"}],"wp:attachment":[{"href":"https:\/\/inderen.es\/es\/wp-json\/wp\/v2\/media?parent=2853"}],"curies":[{"name":"wp","href":"https:\/\/api.w.org\/{rel}","templated":true}]}}