{"id":2867,"date":"2018-11-05T14:29:38","date_gmt":"2018-11-05T13:29:38","guid":{"rendered":"https:\/\/inderen.es\/area-negocios-nueva\/pilot-plants-nueva\/"},"modified":"2019-05-24T14:57:25","modified_gmt":"2019-05-24T12:57:25","slug":"plantas-piloto","status":"publish","type":"page","link":"https:\/\/inderen.es\/es\/area-negocios\/plantas-piloto\/","title":{"rendered":"Plantas piloto"},"content":{"rendered":"<div class=\"wpb-content-wrapper\"><p>[vc_row css=\u00bb.vc_custom_1541592563984{margin-bottom: 3% !important;}\u00bb][vc_column][vc_custom_heading text=\u00bbFabricaci\u00f3n de plantas piloto\u00bb use_theme_fonts=\u00bbyes\u00bb css=\u00bb.vc_custom_1541511584794{margin-top: 0px !important;}\u00bb][vc_column_text]Una planta piloto, se construye para demostrar un proceso productivo o tecnolog\u00eda, siempre basado en un dise\u00f1o previo de la ingenier\u00eda y una necesidades concretas de cada proceso.<\/p>\n<p><strong>INDEREN<\/strong>\u00a0hace posible la fabricaci\u00f3n modular, resumida y contenida, de todos los requisitos de dise\u00f1o, para la demostraci\u00f3n y an\u00e1lisis del proceso, en una planta piloto.<\/p>\n<p>Las plantas piloto se usan para demostrar la viabilidad de un proyecto, o para hacer estudios de campo en diferentes condiciones.<\/p>\n<p>Tenemos amplia experiencia en este campo:<\/p>\n<ul>\n<li>Planta piloto de biog\u00e1s para LUDAN y AINIA en proyecto SOSTRICE, Biogas a partir de paja de arroz<\/li>\n<li>Planta piloto de digestato a apratir de purines<\/li>\n<li>Planta piloto a partir de lodos de depuradora<\/li>\n<li>Planta piloto de digesti\u00f3n seca<\/li>\n<li>Planta piloto movil compostadora<\/li>\n<li>Planta piloto de generaci\u00f3n de pellets para biomasa<\/li>\n<\/ul>\n<p>La mayoria de los proyectos han sido desarrollados dentro del \u00e1mbito del I+D+i , justificandose y gestionandose de forma proactiva, dando soluciones a los dise\u00f1os en papel de la ingenier\u00eda.<\/p>\n<p>La mayoria de estos proyectos se pueden dividir en sistemas y subsistemas, si reducimos el espacio entre los mismos, somos capaces de integrar la planta piloto dentro de mod\u00falos o contenedores mar\u00edtimos, quedando una unidad funcional y transportable, con su cuadro de control PLC y analizadores con su feedback de datos de\u00a0 proceso, alarmas, etc.[\/vc_column_text][\/vc_column][\/vc_row][vc_row full_width=\u00bbstretch_row\u00bb css=\u00bb.vc_custom_1543232874752{padding-top: 3% !important;padding-bottom: 3% !important;background-color: #dbe7ed !important;}\u00bb][vc_column offset=\u00bbvc_hidden-xs\u00bb][vc_images_carousel images=\u00bb1910,1912,1914,1916,1908,1918,1920&#8243; img_size=\u00bblarge\u00bb speed=\u00bb\u00bb slides_per_view=\u00bb4&#8243; hide_pagination_control=\u00bbyes\u00bb hide_prev_next_buttons=\u00bbyes\u00bb][\/vc_column][\/vc_row][vc_row full_width=\u00bbstretch_row\u00bb css=\u00bb.vc_custom_1543233065245{background-color: #dbe7ed !important;}\u00bb][vc_column offset=\u00bbvc_hidden-lg vc_hidden-md vc_hidden-sm\u00bb][vc_images_carousel images=\u00bb1910,1912,1914,1916,1908,1918,1920&#8243; img_size=\u00bb\u00bb speed=\u00bb\u00bb slides_per_view=\u00bb4&#8243; hide_pagination_control=\u00bbyes\u00bb hide_prev_next_buttons=\u00bbyes\u00bb][\/vc_column][\/vc_row][vc_row full_width=\u00bbstretch_row_content_no_spaces\u00bb css=\u00bb.vc_custom_1543227032569{margin-top: 1% !important;margin-bottom: 2% !important;}\u00bb][vc_column][vc_empty_space height=\u00bb15px\u00bb][vc_column_text]<\/p>\n<div class=\"ymstyledivtitle\">No dude en confiar en nosotros o pedir presupuesto para cualquier tipo de planta piloto a escala.<\/div>\n<p>[\/vc_column_text][vc_btn title=\u00bbContacta con nosotros\u00bb color=\u00bbturquoise\u00bb size=\u00bblg\u00bb align=\u00bbcenter\u00bb link=\u00bburl:https%3A%2F%2Finderen.es%2Fes%2Fcontacto%2F|\u00bb css=\u00bb.vc_custom_1546522641317{margin-top: 1% !important;}\u00bb][\/vc_column][\/vc_row]<\/p>\n<\/div>","protected":false},"excerpt":{"rendered":"<p>[vc_row css=\u00bb.vc_custom_1541592563984{margin-bottom: 3% !important;}\u00bb][vc_column][vc_custom_heading text=\u00bbFabricaci\u00f3n de plantas piloto\u00bb use_theme_fonts=\u00bbyes\u00bb css=\u00bb.vc_custom_1541511584794{margin-top: 0px !important;}\u00bb][vc_column_text]Una planta piloto, se construye para demostrar un proceso productivo o tecnolog\u00eda, siempre basado en un dise\u00f1o previo de la ingenier\u00eda y una necesidades concretas de cada proceso. INDEREN\u00a0hace&#8230;<\/p>\n","protected":false},"author":1,"featured_media":0,"parent":2826,"menu_order":0,"comment_status":"closed","ping_status":"closed","template":"","meta":{"_monsterinsights_skip_tracking":false,"_monsterinsights_sitenote_active":false,"_monsterinsights_sitenote_note":"","_monsterinsights_sitenote_category":0,"footnotes":""},"class_list":["post-2867","page","type-page","status-publish","hentry"],"yoast_head":"<!-- This site is optimized with the Yoast SEO plugin v27.3 - https:\/\/yoast.com\/product\/yoast-seo-wordpress\/ -->\n<title>Plantas piloto - INDEREN (Ingenier\u00eda y desarrollos renovables, S.L.)<\/title>\n<meta name=\"robots\" content=\"index, follow, max-snippet:-1, max-image-preview:large, max-video-preview:-1\" \/>\n<link rel=\"canonical\" href=\"https:\/\/inderen.es\/es\/area-negocios\/plantas-piloto\/\" \/>\n<meta property=\"og:locale\" content=\"es_ES\" \/>\n<meta property=\"og:type\" content=\"article\" \/>\n<meta property=\"og:title\" content=\"Plantas piloto - INDEREN (Ingenier\u00eda y desarrollos renovables, S.L.)\" \/>\n<meta property=\"og:description\" content=\"[vc_row css=\u00bb.vc_custom_1541592563984{margin-bottom: 3% !important;}\u00bb][vc_column][vc_custom_heading text=\u00bbFabricaci\u00f3n de plantas piloto\u00bb use_theme_fonts=\u00bbyes\u00bb css=\u00bb.vc_custom_1541511584794{margin-top: 0px !important;}\u00bb][vc_column_text]Una planta piloto, se construye para demostrar un proceso productivo o tecnolog\u00eda, siempre basado en un dise\u00f1o previo de la ingenier\u00eda y una necesidades concretas de cada proceso. INDEREN\u00a0hace...\" \/>\n<meta property=\"og:url\" content=\"https:\/\/inderen.es\/es\/area-negocios\/plantas-piloto\/\" \/>\n<meta property=\"og:site_name\" content=\"INDEREN (Ingenier\u00eda y desarrollos renovables, S.L.)\" \/>\n<meta property=\"article:publisher\" content=\"https:\/\/www.facebook.com\/INDEREN.ENERGIA\/\" \/>\n<meta property=\"article:modified_time\" content=\"2019-05-24T12:57:25+00:00\" \/>\n<meta name=\"twitter:card\" content=\"summary_large_image\" \/>\n<meta name=\"twitter:site\" content=\"@INDEREN_ENERGIA\" \/>\n<meta name=\"twitter:label1\" content=\"Tiempo de lectura\" \/>\n\t<meta name=\"twitter:data1\" content=\"2 minutos\" \/>\n<script type=\"application\/ld+json\" class=\"yoast-schema-graph\">{\"@context\":\"https:\\\/\\\/schema.org\",\"@graph\":[{\"@type\":\"WebPage\",\"@id\":\"https:\\\/\\\/inderen.es\\\/es\\\/area-negocios\\\/plantas-piloto\\\/\",\"url\":\"https:\\\/\\\/inderen.es\\\/es\\\/area-negocios\\\/plantas-piloto\\\/\",\"name\":\"Plantas piloto - INDEREN (Ingenier\u00eda y desarrollos renovables, S.L.)\",\"isPartOf\":{\"@id\":\"https:\\\/\\\/inderen.es\\\/es\\\/#website\"},\"datePublished\":\"2018-11-05T13:29:38+00:00\",\"dateModified\":\"2019-05-24T12:57:25+00:00\",\"breadcrumb\":{\"@id\":\"https:\\\/\\\/inderen.es\\\/es\\\/area-negocios\\\/plantas-piloto\\\/#breadcrumb\"},\"inLanguage\":\"es\",\"potentialAction\":[{\"@type\":\"ReadAction\",\"target\":[\"https:\\\/\\\/inderen.es\\\/es\\\/area-negocios\\\/plantas-piloto\\\/\"]}]},{\"@type\":\"BreadcrumbList\",\"@id\":\"https:\\\/\\\/inderen.es\\\/es\\\/area-negocios\\\/plantas-piloto\\\/#breadcrumb\",\"itemListElement\":[{\"@type\":\"ListItem\",\"position\":1,\"name\":\"Home\",\"item\":\"https:\\\/\\\/inderen.es\\\/es\\\/\"},{\"@type\":\"ListItem\",\"position\":2,\"name\":\"\u00c1rea negocios\",\"item\":\"https:\\\/\\\/inderen.es\\\/es\\\/area-negocios\\\/\"},{\"@type\":\"ListItem\",\"position\":3,\"name\":\"Plantas piloto\"}]},{\"@type\":\"WebSite\",\"@id\":\"https:\\\/\\\/inderen.es\\\/es\\\/#website\",\"url\":\"https:\\\/\\\/inderen.es\\\/es\\\/\",\"name\":\"INDEREN - Ingenier\u00eda y desarrollos renovables\",\"description\":\"Instaladores de energ\u00edas renovables. Ofrecemos un modelo energ\u00e9tico competitivo que proporcione rentabilidad econ\u00f3mica y valores sociales a nuestros clientes, tanto dom\u00e9sticos como industriales.\",\"publisher\":{\"@id\":\"https:\\\/\\\/inderen.es\\\/es\\\/#organization\"},\"potentialAction\":[{\"@type\":\"SearchAction\",\"target\":{\"@type\":\"EntryPoint\",\"urlTemplate\":\"https:\\\/\\\/inderen.es\\\/es\\\/?s={search_term_string}\"},\"query-input\":{\"@type\":\"PropertyValueSpecification\",\"valueRequired\":true,\"valueName\":\"search_term_string\"}}],\"inLanguage\":\"es\"},{\"@type\":\"Organization\",\"@id\":\"https:\\\/\\\/inderen.es\\\/es\\\/#organization\",\"name\":\"INDEREN (Ingenier\u00eda y desarrollos renovables, S.L.)\",\"url\":\"https:\\\/\\\/inderen.es\\\/es\\\/\",\"logo\":{\"@type\":\"ImageObject\",\"inLanguage\":\"es\",\"@id\":\"https:\\\/\\\/inderen.es\\\/es\\\/#\\\/schema\\\/logo\\\/image\\\/\",\"url\":\"https:\\\/\\\/inderen.es\\\/wp-content\\\/uploads\\\/2019\\\/04\\\/logo-inderen.jpg\",\"contentUrl\":\"https:\\\/\\\/inderen.es\\\/wp-content\\\/uploads\\\/2019\\\/04\\\/logo-inderen.jpg\",\"width\":591,\"height\":591,\"caption\":\"INDEREN (Ingenier\u00eda y desarrollos renovables, S.L.)\"},\"image\":{\"@id\":\"https:\\\/\\\/inderen.es\\\/es\\\/#\\\/schema\\\/logo\\\/image\\\/\"},\"sameAs\":[\"https:\\\/\\\/www.facebook.com\\\/INDEREN.ENERGIA\\\/\",\"https:\\\/\\\/x.com\\\/INDEREN_ENERGIA\",\"https:\\\/\\\/www.linkedin.com\\\/company\\\/inderen\\\/\"]}]}<\/script>\n<!-- \/ Yoast SEO plugin. -->","yoast_head_json":{"title":"Plantas piloto - INDEREN (Ingenier\u00eda y desarrollos renovables, S.L.)","robots":{"index":"index","follow":"follow","max-snippet":"max-snippet:-1","max-image-preview":"max-image-preview:large","max-video-preview":"max-video-preview:-1"},"canonical":"https:\/\/inderen.es\/es\/area-negocios\/plantas-piloto\/","og_locale":"es_ES","og_type":"article","og_title":"Plantas piloto - INDEREN (Ingenier\u00eda y desarrollos renovables, S.L.)","og_description":"[vc_row css=\u00bb.vc_custom_1541592563984{margin-bottom: 3% !important;}\u00bb][vc_column][vc_custom_heading text=\u00bbFabricaci\u00f3n de plantas piloto\u00bb use_theme_fonts=\u00bbyes\u00bb css=\u00bb.vc_custom_1541511584794{margin-top: 0px !important;}\u00bb][vc_column_text]Una planta piloto, se construye para demostrar un proceso productivo o tecnolog\u00eda, siempre basado en un dise\u00f1o previo de la ingenier\u00eda y una necesidades concretas de cada proceso. INDEREN\u00a0hace...","og_url":"https:\/\/inderen.es\/es\/area-negocios\/plantas-piloto\/","og_site_name":"INDEREN (Ingenier\u00eda y desarrollos renovables, S.L.)","article_publisher":"https:\/\/www.facebook.com\/INDEREN.ENERGIA\/","article_modified_time":"2019-05-24T12:57:25+00:00","twitter_card":"summary_large_image","twitter_site":"@INDEREN_ENERGIA","twitter_misc":{"Tiempo de lectura":"2 minutos"},"schema":{"@context":"https:\/\/schema.org","@graph":[{"@type":"WebPage","@id":"https:\/\/inderen.es\/es\/area-negocios\/plantas-piloto\/","url":"https:\/\/inderen.es\/es\/area-negocios\/plantas-piloto\/","name":"Plantas piloto - INDEREN (Ingenier\u00eda y desarrollos renovables, S.L.)","isPartOf":{"@id":"https:\/\/inderen.es\/es\/#website"},"datePublished":"2018-11-05T13:29:38+00:00","dateModified":"2019-05-24T12:57:25+00:00","breadcrumb":{"@id":"https:\/\/inderen.es\/es\/area-negocios\/plantas-piloto\/#breadcrumb"},"inLanguage":"es","potentialAction":[{"@type":"ReadAction","target":["https:\/\/inderen.es\/es\/area-negocios\/plantas-piloto\/"]}]},{"@type":"BreadcrumbList","@id":"https:\/\/inderen.es\/es\/area-negocios\/plantas-piloto\/#breadcrumb","itemListElement":[{"@type":"ListItem","position":1,"name":"Home","item":"https:\/\/inderen.es\/es\/"},{"@type":"ListItem","position":2,"name":"\u00c1rea negocios","item":"https:\/\/inderen.es\/es\/area-negocios\/"},{"@type":"ListItem","position":3,"name":"Plantas piloto"}]},{"@type":"WebSite","@id":"https:\/\/inderen.es\/es\/#website","url":"https:\/\/inderen.es\/es\/","name":"INDEREN - Ingenier\u00eda y desarrollos renovables","description":"Instaladores de energ\u00edas renovables. Ofrecemos un modelo energ\u00e9tico competitivo que proporcione rentabilidad econ\u00f3mica y valores sociales a nuestros clientes, tanto dom\u00e9sticos como industriales.","publisher":{"@id":"https:\/\/inderen.es\/es\/#organization"},"potentialAction":[{"@type":"SearchAction","target":{"@type":"EntryPoint","urlTemplate":"https:\/\/inderen.es\/es\/?s={search_term_string}"},"query-input":{"@type":"PropertyValueSpecification","valueRequired":true,"valueName":"search_term_string"}}],"inLanguage":"es"},{"@type":"Organization","@id":"https:\/\/inderen.es\/es\/#organization","name":"INDEREN (Ingenier\u00eda y desarrollos renovables, S.L.)","url":"https:\/\/inderen.es\/es\/","logo":{"@type":"ImageObject","inLanguage":"es","@id":"https:\/\/inderen.es\/es\/#\/schema\/logo\/image\/","url":"https:\/\/inderen.es\/wp-content\/uploads\/2019\/04\/logo-inderen.jpg","contentUrl":"https:\/\/inderen.es\/wp-content\/uploads\/2019\/04\/logo-inderen.jpg","width":591,"height":591,"caption":"INDEREN (Ingenier\u00eda y desarrollos renovables, S.L.)"},"image":{"@id":"https:\/\/inderen.es\/es\/#\/schema\/logo\/image\/"},"sameAs":["https:\/\/www.facebook.com\/INDEREN.ENERGIA\/","https:\/\/x.com\/INDEREN_ENERGIA","https:\/\/www.linkedin.com\/company\/inderen\/"]}]}},"_links":{"self":[{"href":"https:\/\/inderen.es\/es\/wp-json\/wp\/v2\/pages\/2867","targetHints":{"allow":["GET"]}}],"collection":[{"href":"https:\/\/inderen.es\/es\/wp-json\/wp\/v2\/pages"}],"about":[{"href":"https:\/\/inderen.es\/es\/wp-json\/wp\/v2\/types\/page"}],"author":[{"embeddable":true,"href":"https:\/\/inderen.es\/es\/wp-json\/wp\/v2\/users\/1"}],"replies":[{"embeddable":true,"href":"https:\/\/inderen.es\/es\/wp-json\/wp\/v2\/comments?post=2867"}],"version-history":[{"count":16,"href":"https:\/\/inderen.es\/es\/wp-json\/wp\/v2\/pages\/2867\/revisions"}],"predecessor-version":[{"id":4895,"href":"https:\/\/inderen.es\/es\/wp-json\/wp\/v2\/pages\/2867\/revisions\/4895"}],"up":[{"embeddable":true,"href":"https:\/\/inderen.es\/es\/wp-json\/wp\/v2\/pages\/2826"}],"wp:attachment":[{"href":"https:\/\/inderen.es\/es\/wp-json\/wp\/v2\/media?parent=2867"}],"curies":[{"name":"wp","href":"https:\/\/api.w.org\/{rel}","templated":true}]}}