{"id":2882,"date":"2018-11-05T15:00:25","date_gmt":"2018-11-05T14:00:25","guid":{"rendered":"https:\/\/inderen.es\/area-negocios-nueva\/besides-nueva\/"},"modified":"2019-05-24T15:07:27","modified_gmt":"2019-05-24T13:07:27","slug":"fotovoltaica","status":"publish","type":"page","link":"https:\/\/inderen.es\/es\/area-negocios\/fotovoltaica\/","title":{"rendered":"Fotovoltaica"},"content":{"rendered":"<div class=\"wpb-content-wrapper\"><p>[vc_row css=\u00bb.vc_custom_1541502992234{padding-bottom: 4% !important;}\u00bb][vc_column][vc_column_text]<\/p>\n<h3 style=\"text-align: center;\"><strong>INDEREN tiene un amplia experiencia como empresa instaladora en proyectos de energ\u00edas renovables.<\/strong><\/h3>\n<p>[\/vc_column_text][\/vc_column][\/vc_row][vc_row full_width=\u00bbstretch_row\u00bb css=\u00bb.vc_custom_1545152383994{margin-top: 2% !important;margin-bottom: 2% !important;padding-top: 3% !important;padding-bottom: 3% !important;}\u00bb][vc_column width=\u00bb1\/2&#8243;][vc_custom_heading text=\u00bbEnerg\u00eda Solar Fotovoltaica\u00bb use_theme_fonts=\u00bbyes\u00bb][vc_single_image image=\u00bb1641&#8243; img_size=\u00bblarge\u00bb alignment=\u00bbright\u00bb][\/vc_column][vc_column width=\u00bb1\/2&#8243;][vc_empty_space height=\u00bb80px\u00bb][vc_column_text]Hemos realizado proyectos de huertos solares, instalaciones de autoconsumo en vivienda, restaurantes, pabellones deportivos, etc.<\/p>\n<p>La energ\u00eda solar permite disponer de una fuente energ\u00e9tica limpia e inagotable.<\/p>\n<p><strong>INDEREN<\/strong>\u00a0ofrece diferentes tecnolog\u00edas para aprovechar la energia solar fotovoltaica para obtener electricidad, sea para conectar en red el\u00e9ctrica general o bien para sistemas aislados donde no llega la red el\u00e9ctrica.<\/p>\n<p>La energ\u00eda solar, por su modularidad, se puede utilizar en peque\u00f1as instalaciones que f\u00e1cilmente se integran en los edificios y en su entorno. Por este motivo, resulta una energ\u00eda amable y puede ser utilizada a gran escala y sin problemas de impacto medioambiental.[\/vc_column_text][\/vc_column][\/vc_row][vc_row][vc_column][vc_column_text]En\u00a0<strong>INDEREN<\/strong>\u00a0realizamos instalaciones Fotovolt\u00e1icas sobre: Suelo, Cubiertas Industriales, Viviendas Unifamiliares y Multifamiliares.<\/p>\n<p>Ofrecemos Instalaciones LLAVE EN MANO, que incluyen:<\/p>\n<ul>\n<li>Proyecto<\/li>\n<li>Tramitaciones Administrativas y licencia de productor de energ\u00eda<\/li>\n<li>Instalaci\u00f3n<\/li>\n<li>Puesta en Marcha<\/li>\n<li>Servicio Posventa (Garant\u00eda, Reparaciones y Mantenimiento)<\/li>\n<\/ul>\n<p>[\/vc_column_text][vc_empty_space height=\u00bb45px\u00bb][\/vc_column][\/vc_row][vc_row css=\u00bb.vc_custom_1545152463534{background-color: #dbe7ed !important;}\u00bb][vc_column][vc_custom_heading text=\u00bbEnerg\u00eda Solar T\u00e9rmica\u00bb use_theme_fonts=\u00bbyes\u00bb][vc_column_text]Ejecuci\u00f3n e instalaci\u00f3n de sistemas de agua caliente sanitaria con paneles solares t\u00e9rmicos y termosifones.<\/p>\n<p>La energ\u00eda solar t\u00e9rmica consiste en el aprovechamiento de la energ\u00eda del Sol para producir calor con el que generar agua caliente destinada al consumo, bien como agua caliente sanitaria (ACS), calefacci\u00f3n o para climatizaci\u00f3n de piscinas.[\/vc_column_text][\/vc_column][\/vc_row][vc_row css=\u00bb.vc_custom_1545152405480{background-color: #dbe7ed !important;}\u00bb][vc_column width=\u00bb1\/2&#8243;][vc_column_text]La instalaci\u00f3n de un sistema de energ\u00eda solar t\u00e9rmica permite obtener hasta un 70% de la producci\u00f3n de agua caliente sanitaria, transform\u00e1ndose en un ahorro en la factura energ\u00e9tica del hogar.<\/p>\n<p>Estamos respaldados por la garant\u00eda, profesionalidad y experiencia de cada una de las empresas con las que trabajamos, entre ellas podemos destacar: SCH\u00dcCO y THERMOR.<\/p>\n<p>En\u00a0<strong>INDEREN<\/strong>\u00a0realizamos el dise\u00f1o, instalaci\u00f3n, tramitaci\u00f3n y mantenimiento de las instalaciones solares t\u00e9rmicas en viviendas unifamiliares, edificios, industrias, piscinas p\u00fablicas, etc\u2026<\/p>\n<p>Creamos las soluciones a nuestros clientes realizando el estudio de todos los componentes de la instalaci\u00f3n.<\/p>\n<p>Cada cliente es un mundo, cada cliente presenta unas necesidades; desde nuestra empresa se le ofrecen las diversas alternativas para que el cliente seleccione aquella que mejor se ajuste a sus necesidades.[\/vc_column_text][\/vc_column][vc_column width=\u00bb1\/2&#8243;][vc_single_image image=\u00bb1881&#8243; img_size=\u00bblarge\u00bb][\/vc_column][\/vc_row][vc_row css=\u00bb.vc_custom_1543226887812{padding-bottom: 3% !important;}\u00bb][vc_column][vc_column_text css=\u00bb.vc_custom_1542881423548{padding-bottom: 3% !important;}\u00bb]<\/p>\n<h4 style=\"text-align: center;\"><strong>No dude en confiar en nosotros y solicitar un presupuesto para cualquier tipo de informaci\u00f3n sobre fotovoltaica.<\/strong><\/h4>\n<p>[\/vc_column_text][vc_row_inner][vc_column_inner width=\u00bb1\/3&#8243;][\/vc_column_inner][vc_column_inner width=\u00bb1\/3&#8243;][vc_btn title=\u00bbCont\u00e1ctanos para m\u00e1s informaci\u00f3n\u00bb color=\u00bbinfo\u00bb link=\u00bburl:https%3A%2F%2Finderen.es%2Fes%2Fcontacto%2F|\u00bb][\/vc_column_inner][vc_column_inner width=\u00bb1\/3&#8243;][\/vc_column_inner][\/vc_row_inner][\/vc_column][\/vc_row]<\/p>\n<\/div>","protected":false},"excerpt":{"rendered":"<p>[vc_row css=\u00bb.vc_custom_1541502992234{padding-bottom: 4% !important;}\u00bb][vc_column][vc_column_text] INDEREN tiene un amplia experiencia como empresa instaladora en proyectos de energ\u00edas renovables. [\/vc_column_text][\/vc_column][\/vc_row][vc_row full_width=\u00bbstretch_row\u00bb css=\u00bb.vc_custom_1545152383994{margin-top: 2% !important;margin-bottom: 2% !important;padding-top: 3% !important;padding-bottom: 3% !important;}\u00bb][vc_column width=\u00bb1\/2&#8243;][vc_custom_heading text=\u00bbEnerg\u00eda Solar Fotovoltaica\u00bb use_theme_fonts=\u00bbyes\u00bb][vc_single_image image=\u00bb1641&#8243; img_size=\u00bblarge\u00bb alignment=\u00bbright\u00bb][\/vc_column][vc_column width=\u00bb1\/2&#8243;][vc_empty_space height=\u00bb80px\u00bb][vc_column_text]Hemos realizado proyectos&#8230;<\/p>\n","protected":false},"author":1,"featured_media":0,"parent":2826,"menu_order":0,"comment_status":"closed","ping_status":"closed","template":"","meta":{"_monsterinsights_skip_tracking":false,"_monsterinsights_sitenote_active":false,"_monsterinsights_sitenote_note":"","_monsterinsights_sitenote_category":0,"footnotes":""},"class_list":["post-2882","page","type-page","status-publish","hentry"],"yoast_head":"<!-- This site is optimized with the Yoast SEO plugin v27.3 - https:\/\/yoast.com\/product\/yoast-seo-wordpress\/ -->\n<title>Fotovoltaica - INDEREN (Ingenier\u00eda y desarrollos renovables, S.L.)<\/title>\n<meta name=\"robots\" content=\"index, follow, max-snippet:-1, max-image-preview:large, max-video-preview:-1\" \/>\n<link rel=\"canonical\" href=\"https:\/\/inderen.es\/es\/area-negocios\/fotovoltaica\/\" \/>\n<meta property=\"og:locale\" content=\"es_ES\" \/>\n<meta property=\"og:type\" content=\"article\" \/>\n<meta property=\"og:title\" content=\"Fotovoltaica - INDEREN (Ingenier\u00eda y desarrollos renovables, S.L.)\" \/>\n<meta property=\"og:description\" content=\"[vc_row css=\u00bb.vc_custom_1541502992234{padding-bottom: 4% !important;}\u00bb][vc_column][vc_column_text] INDEREN tiene un amplia experiencia como empresa instaladora en proyectos de energ\u00edas renovables. [\/vc_column_text][\/vc_column][\/vc_row][vc_row full_width=\u00bbstretch_row\u00bb css=\u00bb.vc_custom_1545152383994{margin-top: 2% !important;margin-bottom: 2% !important;padding-top: 3% !important;padding-bottom: 3% !important;}\u00bb][vc_column width=\u00bb1\/2&#8243;][vc_custom_heading text=\u00bbEnerg\u00eda Solar Fotovoltaica\u00bb use_theme_fonts=\u00bbyes\u00bb][vc_single_image image=\u00bb1641&#8243; img_size=\u00bblarge\u00bb alignment=\u00bbright\u00bb][\/vc_column][vc_column width=\u00bb1\/2&#8243;][vc_empty_space height=\u00bb80px\u00bb][vc_column_text]Hemos realizado proyectos...\" \/>\n<meta property=\"og:url\" content=\"https:\/\/inderen.es\/es\/area-negocios\/fotovoltaica\/\" \/>\n<meta property=\"og:site_name\" content=\"INDEREN (Ingenier\u00eda y desarrollos renovables, S.L.)\" \/>\n<meta property=\"article:publisher\" content=\"https:\/\/www.facebook.com\/INDEREN.ENERGIA\/\" \/>\n<meta property=\"article:modified_time\" content=\"2019-05-24T13:07:27+00:00\" \/>\n<meta name=\"twitter:card\" content=\"summary_large_image\" \/>\n<meta name=\"twitter:site\" content=\"@INDEREN_ENERGIA\" \/>\n<meta name=\"twitter:label1\" content=\"Tiempo de lectura\" \/>\n\t<meta name=\"twitter:data1\" content=\"3 minutos\" \/>\n<script type=\"application\/ld+json\" class=\"yoast-schema-graph\">{\"@context\":\"https:\\\/\\\/schema.org\",\"@graph\":[{\"@type\":\"WebPage\",\"@id\":\"https:\\\/\\\/inderen.es\\\/es\\\/area-negocios\\\/fotovoltaica\\\/\",\"url\":\"https:\\\/\\\/inderen.es\\\/es\\\/area-negocios\\\/fotovoltaica\\\/\",\"name\":\"Fotovoltaica - INDEREN (Ingenier\u00eda y desarrollos renovables, S.L.)\",\"isPartOf\":{\"@id\":\"https:\\\/\\\/inderen.es\\\/es\\\/#website\"},\"datePublished\":\"2018-11-05T14:00:25+00:00\",\"dateModified\":\"2019-05-24T13:07:27+00:00\",\"breadcrumb\":{\"@id\":\"https:\\\/\\\/inderen.es\\\/es\\\/area-negocios\\\/fotovoltaica\\\/#breadcrumb\"},\"inLanguage\":\"es\",\"potentialAction\":[{\"@type\":\"ReadAction\",\"target\":[\"https:\\\/\\\/inderen.es\\\/es\\\/area-negocios\\\/fotovoltaica\\\/\"]}]},{\"@type\":\"BreadcrumbList\",\"@id\":\"https:\\\/\\\/inderen.es\\\/es\\\/area-negocios\\\/fotovoltaica\\\/#breadcrumb\",\"itemListElement\":[{\"@type\":\"ListItem\",\"position\":1,\"name\":\"Home\",\"item\":\"https:\\\/\\\/inderen.es\\\/es\\\/\"},{\"@type\":\"ListItem\",\"position\":2,\"name\":\"\u00c1rea negocios\",\"item\":\"https:\\\/\\\/inderen.es\\\/es\\\/area-negocios\\\/\"},{\"@type\":\"ListItem\",\"position\":3,\"name\":\"Fotovoltaica\"}]},{\"@type\":\"WebSite\",\"@id\":\"https:\\\/\\\/inderen.es\\\/es\\\/#website\",\"url\":\"https:\\\/\\\/inderen.es\\\/es\\\/\",\"name\":\"INDEREN - Ingenier\u00eda y desarrollos renovables\",\"description\":\"Instaladores de energ\u00edas renovables. Ofrecemos un modelo energ\u00e9tico competitivo que proporcione rentabilidad econ\u00f3mica y valores sociales a nuestros clientes, tanto dom\u00e9sticos como industriales.\",\"publisher\":{\"@id\":\"https:\\\/\\\/inderen.es\\\/es\\\/#organization\"},\"potentialAction\":[{\"@type\":\"SearchAction\",\"target\":{\"@type\":\"EntryPoint\",\"urlTemplate\":\"https:\\\/\\\/inderen.es\\\/es\\\/?s={search_term_string}\"},\"query-input\":{\"@type\":\"PropertyValueSpecification\",\"valueRequired\":true,\"valueName\":\"search_term_string\"}}],\"inLanguage\":\"es\"},{\"@type\":\"Organization\",\"@id\":\"https:\\\/\\\/inderen.es\\\/es\\\/#organization\",\"name\":\"INDEREN (Ingenier\u00eda y desarrollos renovables, S.L.)\",\"url\":\"https:\\\/\\\/inderen.es\\\/es\\\/\",\"logo\":{\"@type\":\"ImageObject\",\"inLanguage\":\"es\",\"@id\":\"https:\\\/\\\/inderen.es\\\/es\\\/#\\\/schema\\\/logo\\\/image\\\/\",\"url\":\"https:\\\/\\\/inderen.es\\\/wp-content\\\/uploads\\\/2019\\\/04\\\/logo-inderen.jpg\",\"contentUrl\":\"https:\\\/\\\/inderen.es\\\/wp-content\\\/uploads\\\/2019\\\/04\\\/logo-inderen.jpg\",\"width\":591,\"height\":591,\"caption\":\"INDEREN (Ingenier\u00eda y desarrollos renovables, S.L.)\"},\"image\":{\"@id\":\"https:\\\/\\\/inderen.es\\\/es\\\/#\\\/schema\\\/logo\\\/image\\\/\"},\"sameAs\":[\"https:\\\/\\\/www.facebook.com\\\/INDEREN.ENERGIA\\\/\",\"https:\\\/\\\/x.com\\\/INDEREN_ENERGIA\",\"https:\\\/\\\/www.linkedin.com\\\/company\\\/inderen\\\/\"]}]}<\/script>\n<!-- \/ Yoast SEO plugin. -->","yoast_head_json":{"title":"Fotovoltaica - INDEREN (Ingenier\u00eda y desarrollos renovables, S.L.)","robots":{"index":"index","follow":"follow","max-snippet":"max-snippet:-1","max-image-preview":"max-image-preview:large","max-video-preview":"max-video-preview:-1"},"canonical":"https:\/\/inderen.es\/es\/area-negocios\/fotovoltaica\/","og_locale":"es_ES","og_type":"article","og_title":"Fotovoltaica - INDEREN (Ingenier\u00eda y desarrollos renovables, S.L.)","og_description":"[vc_row css=\u00bb.vc_custom_1541502992234{padding-bottom: 4% !important;}\u00bb][vc_column][vc_column_text] INDEREN tiene un amplia experiencia como empresa instaladora en proyectos de energ\u00edas renovables. [\/vc_column_text][\/vc_column][\/vc_row][vc_row full_width=\u00bbstretch_row\u00bb css=\u00bb.vc_custom_1545152383994{margin-top: 2% !important;margin-bottom: 2% !important;padding-top: 3% !important;padding-bottom: 3% !important;}\u00bb][vc_column width=\u00bb1\/2&#8243;][vc_custom_heading text=\u00bbEnerg\u00eda Solar Fotovoltaica\u00bb use_theme_fonts=\u00bbyes\u00bb][vc_single_image image=\u00bb1641&#8243; img_size=\u00bblarge\u00bb alignment=\u00bbright\u00bb][\/vc_column][vc_column width=\u00bb1\/2&#8243;][vc_empty_space height=\u00bb80px\u00bb][vc_column_text]Hemos realizado proyectos...","og_url":"https:\/\/inderen.es\/es\/area-negocios\/fotovoltaica\/","og_site_name":"INDEREN (Ingenier\u00eda y desarrollos renovables, S.L.)","article_publisher":"https:\/\/www.facebook.com\/INDEREN.ENERGIA\/","article_modified_time":"2019-05-24T13:07:27+00:00","twitter_card":"summary_large_image","twitter_site":"@INDEREN_ENERGIA","twitter_misc":{"Tiempo de lectura":"3 minutos"},"schema":{"@context":"https:\/\/schema.org","@graph":[{"@type":"WebPage","@id":"https:\/\/inderen.es\/es\/area-negocios\/fotovoltaica\/","url":"https:\/\/inderen.es\/es\/area-negocios\/fotovoltaica\/","name":"Fotovoltaica - INDEREN (Ingenier\u00eda y desarrollos renovables, S.L.)","isPartOf":{"@id":"https:\/\/inderen.es\/es\/#website"},"datePublished":"2018-11-05T14:00:25+00:00","dateModified":"2019-05-24T13:07:27+00:00","breadcrumb":{"@id":"https:\/\/inderen.es\/es\/area-negocios\/fotovoltaica\/#breadcrumb"},"inLanguage":"es","potentialAction":[{"@type":"ReadAction","target":["https:\/\/inderen.es\/es\/area-negocios\/fotovoltaica\/"]}]},{"@type":"BreadcrumbList","@id":"https:\/\/inderen.es\/es\/area-negocios\/fotovoltaica\/#breadcrumb","itemListElement":[{"@type":"ListItem","position":1,"name":"Home","item":"https:\/\/inderen.es\/es\/"},{"@type":"ListItem","position":2,"name":"\u00c1rea negocios","item":"https:\/\/inderen.es\/es\/area-negocios\/"},{"@type":"ListItem","position":3,"name":"Fotovoltaica"}]},{"@type":"WebSite","@id":"https:\/\/inderen.es\/es\/#website","url":"https:\/\/inderen.es\/es\/","name":"INDEREN - Ingenier\u00eda y desarrollos renovables","description":"Instaladores de energ\u00edas renovables. Ofrecemos un modelo energ\u00e9tico competitivo que proporcione rentabilidad econ\u00f3mica y valores sociales a nuestros clientes, tanto dom\u00e9sticos como industriales.","publisher":{"@id":"https:\/\/inderen.es\/es\/#organization"},"potentialAction":[{"@type":"SearchAction","target":{"@type":"EntryPoint","urlTemplate":"https:\/\/inderen.es\/es\/?s={search_term_string}"},"query-input":{"@type":"PropertyValueSpecification","valueRequired":true,"valueName":"search_term_string"}}],"inLanguage":"es"},{"@type":"Organization","@id":"https:\/\/inderen.es\/es\/#organization","name":"INDEREN (Ingenier\u00eda y desarrollos renovables, S.L.)","url":"https:\/\/inderen.es\/es\/","logo":{"@type":"ImageObject","inLanguage":"es","@id":"https:\/\/inderen.es\/es\/#\/schema\/logo\/image\/","url":"https:\/\/inderen.es\/wp-content\/uploads\/2019\/04\/logo-inderen.jpg","contentUrl":"https:\/\/inderen.es\/wp-content\/uploads\/2019\/04\/logo-inderen.jpg","width":591,"height":591,"caption":"INDEREN (Ingenier\u00eda y desarrollos renovables, S.L.)"},"image":{"@id":"https:\/\/inderen.es\/es\/#\/schema\/logo\/image\/"},"sameAs":["https:\/\/www.facebook.com\/INDEREN.ENERGIA\/","https:\/\/x.com\/INDEREN_ENERGIA","https:\/\/www.linkedin.com\/company\/inderen\/"]}]}},"_links":{"self":[{"href":"https:\/\/inderen.es\/es\/wp-json\/wp\/v2\/pages\/2882","targetHints":{"allow":["GET"]}}],"collection":[{"href":"https:\/\/inderen.es\/es\/wp-json\/wp\/v2\/pages"}],"about":[{"href":"https:\/\/inderen.es\/es\/wp-json\/wp\/v2\/types\/page"}],"author":[{"embeddable":true,"href":"https:\/\/inderen.es\/es\/wp-json\/wp\/v2\/users\/1"}],"replies":[{"embeddable":true,"href":"https:\/\/inderen.es\/es\/wp-json\/wp\/v2\/comments?post=2882"}],"version-history":[{"count":74,"href":"https:\/\/inderen.es\/es\/wp-json\/wp\/v2\/pages\/2882\/revisions"}],"predecessor-version":[{"id":4896,"href":"https:\/\/inderen.es\/es\/wp-json\/wp\/v2\/pages\/2882\/revisions\/4896"}],"up":[{"embeddable":true,"href":"https:\/\/inderen.es\/es\/wp-json\/wp\/v2\/pages\/2826"}],"wp:attachment":[{"href":"https:\/\/inderen.es\/es\/wp-json\/wp\/v2\/media?parent=2882"}],"curies":[{"name":"wp","href":"https:\/\/api.w.org\/{rel}","templated":true}]}}