{"id":2901,"date":"2018-11-15T10:34:07","date_gmt":"2018-11-15T09:34:07","guid":{"rendered":"https:\/\/inderen.es\/commitment-nueva\/"},"modified":"2019-10-25T09:24:14","modified_gmt":"2019-10-25T07:24:14","slug":"compromiso","status":"publish","type":"page","link":"https:\/\/inderen.es\/es\/compromiso\/","title":{"rendered":"Compromiso"},"content":{"rendered":"<div class=\"wpb-content-wrapper\"><p>[vc_row][vc_column][\/vc_column][\/vc_row][vc_row css=\u00bb.vc_custom_1542276565754{padding-top: 1% !important;padding-bottom: 1% !important;}\u00bb][vc_column][vc_column_text]<\/p>\n<h3 style=\"text-align: center;\"><strong>Como empresa estamos comprometidos en mejorar nuestras diferentes \u00e1reas.<\/strong><\/h3>\n<p>[\/vc_column_text][\/vc_column][\/vc_row][vc_row full_width=\u00bbstretch_row_content\u00bb css=\u00bb.vc_custom_1542881672384{margin-top: 2% !important;margin-bottom: 2% !important;}\u00bb][vc_column width=\u00bb1\/3&#8243; offset=\u00bbvc_hidden-xs\u00bb][vc_single_image image=\u00bb2232&#8243; img_size=\u00bbmedium\u00bb alignment=\u00bbcenter\u00bb onclick=\u00bbcustom_link\u00bb css_animation=\u00bbnone\u00bb css=\u00bb.vc_custom_1546522710807{padding-bottom: 5% !important;}\u00bb link=\u00bbhttps:\/\/inderen.es\/commitment\/occupational-risk-prevention\/\u00bb][vc_custom_heading text=\u00bbPrevenci\u00f3n de Riesgos Laborales\u00bb font_container=\u00bbtag:p|text_align:center\u00bb css_animation=\u00bbnone\u00bb link=\u00bburl:https%3A%2F%2Finderen.es%2Fes%2Fcompromiso%2Fprevencion-riesgos-laborales%2F|\u00bb][vc_column_text]<strong>INDEREN<\/strong>, integrada en su pol\u00edtica general, tiene como uno de sus objetivos esenciales promover, potenciar y mantener la pol\u00edtica en materia de <strong>prevenci\u00f3n de riesgos laborales<\/strong>, en unos niveles m\u00e1ximos de protecci\u00f3n de sus trabajadores.[\/vc_column_text][vc_btn title=\u00bbPol\u00edtica de Riesgos Laborales\u00bb color=\u00bbturquoise\u00bb align=\u00bbcenter\u00bb css_animation=\u00bbtop-to-bottom\u00bb link=\u00bburl:https%3A%2F%2Finderen.es%2Fes%2Fcompromiso%2Fprevencion-riesgos-laborales%2F|||\u00bb css=\u00bb.vc_custom_1567506696651{margin-top: 3% !important;}\u00bb][\/vc_column][vc_column width=\u00bb1\/3&#8243; offset=\u00bbvc_hidden-xs\u00bb][vc_single_image image=\u00bb2230&#8243; img_size=\u00bbmedium\u00bb alignment=\u00bbcenter\u00bb onclick=\u00bbcustom_link\u00bb css_animation=\u00bbnone\u00bb css=\u00bb.vc_custom_1546522975488{padding-bottom: 5% !important;}\u00bb link=\u00bbhttps:\/\/inderen.es\/commitment\/rdi\/\u00bb][vc_custom_heading text=\u00bbI + D + I\u00bb font_container=\u00bbtag:p|text_align:center\u00bb link=\u00bburl:http%3A%2F%2Finderen.es%2Fes%2Fcompromiso%2Fidi%2F|\u00bb][vc_column_text]<strong>INDEREN<\/strong> ha obtenido <strong>el sello PYME Innovadora<\/strong>, otorgado por el Ministerio de Ciencia, Innovaci\u00f3n y Universidades, por las actividades realizadas en el \u00e1mbito de <strong>la Investigaci\u00f3n, el Desarrollo tecnol\u00f3gico o la Innovaci\u00f3n tecnol\u00f3gica (I+D+i)<\/strong> durante los \u00faltimos a\u00f1os.[\/vc_column_text][vc_btn title=\u00bbI + D + I\u00bb color=\u00bbturquoise\u00bb align=\u00bbcenter\u00bb css_animation=\u00bbtop-to-bottom\u00bb link=\u00bburl:https%3A%2F%2Finderen.es%2Fes%2Fcompromiso%2Fidi%2F|||\u00bb css=\u00bb.vc_custom_1567506648921{margin-top: 3% !important;}\u00bb][\/vc_column][vc_column width=\u00bb1\/3&#8243; offset=\u00bbvc_hidden-xs\u00bb][vc_single_image image=\u00bb2228&#8243; img_size=\u00bbmedium\u00bb alignment=\u00bbcenter\u00bb onclick=\u00bbcustom_link\u00bb css_animation=\u00bbnone\u00bb css=\u00bb.vc_custom_1546522986281{padding-bottom: 5% !important;}\u00bb link=\u00bbhttps:\/\/inderen.es\/commitment\/customers\/\u00bb][vc_custom_heading text=\u00bbClientes\u00bb font_container=\u00bbtag:p|text_align:center\u00bb link=\u00bburl:https%3A%2F%2Finderen.es%2Fes%2Fcompromiso%2Fclientes%2F|\u00bb][vc_column_text]Tenemos un compromiso con todos nuestros clientes en <strong>todo el mundo<\/strong>. Proporcionar <strong>el mejor servicio<\/strong> a todos ellos es <strong>nuestro compromiso personal y profesional<\/strong>.[\/vc_column_text][vc_btn title=\u00bbClientes\u00bb color=\u00bbturquoise\u00bb align=\u00bbcenter\u00bb css_animation=\u00bbtop-to-bottom\u00bb link=\u00bburl:https%3A%2F%2Finderen.es%2Fes%2Fcompromiso%2Fclientes%2F|||\u00bb css=\u00bb.vc_custom_1567506621191{margin-top: 3% !important;}\u00bb][\/vc_column][\/vc_row][vc_row full_width=\u00bbstretch_row_content\u00bb css=\u00bb.vc_custom_1542881672384{margin-top: 2% !important;margin-bottom: 2% !important;}\u00bb][vc_column width=\u00bb1\/3&#8243; offset=\u00bbvc_hidden-lg vc_hidden-md vc_hidden-sm\u00bb css=\u00bb.vc_custom_1543233638409{margin-bottom: 10% !important;}\u00bb][vc_single_image image=\u00bb2232&#8243; img_size=\u00bbmedium\u00bb alignment=\u00bbcenter\u00bb onclick=\u00bbcustom_link\u00bb css=\u00bb.vc_custom_1546523068862{padding-bottom: 5% !important;}\u00bb link=\u00bbhttps:\/\/inderen.es\/commitment\/occupational-risk-prevention\/\u00bb][vc_btn title=\u00bbPol\u00edtica de Riesgos Laborales\u00bb color=\u00bbturquoise\u00bb align=\u00bbcenter\u00bb link=\u00bburl:https%3A%2F%2Finderen.es%2Fes%2Fcompromiso%2Fprevencion-riesgos-laborales%2F|||\u00bb css=\u00bb.vc_custom_1567506709068{margin-top: 3% !important;}\u00bb][\/vc_column][vc_column width=\u00bb1\/3&#8243; offset=\u00bbvc_hidden-lg vc_hidden-md vc_hidden-sm\u00bb css=\u00bb.vc_custom_1543233592774{margin-top: 10% !important;margin-bottom: 10% !important;}\u00bb][vc_single_image image=\u00bb2230&#8243; img_size=\u00bbmedium\u00bb alignment=\u00bbcenter\u00bb onclick=\u00bbcustom_link\u00bb css=\u00bb.vc_custom_1546523084223{padding-bottom: 5% !important;}\u00bb link=\u00bbhttps:\/\/inderen.es\/commitment\/rdi\/\u00bb][vc_btn title=\u00bbI + D + I\u00bb color=\u00bbturquoise\u00bb align=\u00bbcenter\u00bb link=\u00bburl:https%3A%2F%2Finderen.es%2Fes%2Fcompromiso%2Fidi%2F|||\u00bb css=\u00bb.vc_custom_1567506663406{margin-top: 3% !important;}\u00bb][\/vc_column][vc_column width=\u00bb1\/3&#8243; offset=\u00bbvc_hidden-lg vc_hidden-md vc_hidden-sm\u00bb css=\u00bb.vc_custom_1543233647266{margin-top: 10% !important;}\u00bb][vc_single_image image=\u00bb2228&#8243; img_size=\u00bbmedium\u00bb alignment=\u00bbcenter\u00bb onclick=\u00bbcustom_link\u00bb css=\u00bb.vc_custom_1546523103967{padding-bottom: 5% !important;}\u00bb link=\u00bbhttps:\/\/inderen.es\/commitment\/customers\/\u00bb][vc_btn title=\u00bbClientes\u00bb color=\u00bbturquoise\u00bb align=\u00bbcenter\u00bb link=\u00bburl:https%3A%2F%2Finderen.es%2Fes%2Fcompromiso%2Fclientes%2F|||\u00bb css=\u00bb.vc_custom_1567506680376{margin-top: 3% !important;}\u00bb][\/vc_column][\/vc_row]<\/p>\n<\/div>","protected":false},"excerpt":{"rendered":"<p>[vc_row][vc_column][\/vc_column][\/vc_row][vc_row css=\u00bb.vc_custom_1542276565754{padding-top: 1% !important;padding-bottom: 1% !important;}\u00bb][vc_column][vc_column_text] Como empresa estamos comprometidos en mejorar nuestras diferentes \u00e1reas. [\/vc_column_text][\/vc_column][\/vc_row][vc_row full_width=\u00bbstretch_row_content\u00bb css=\u00bb.vc_custom_1542881672384{margin-top: 2% !important;margin-bottom: 2% !important;}\u00bb][vc_column width=\u00bb1\/3&#8243; offset=\u00bbvc_hidden-xs\u00bb][vc_single_image image=\u00bb2232&#8243; img_size=\u00bbmedium\u00bb alignment=\u00bbcenter\u00bb onclick=\u00bbcustom_link\u00bb css_animation=\u00bbnone\u00bb css=\u00bb.vc_custom_1546522710807{padding-bottom: 5% !important;}\u00bb link=\u00bbhttps:\/\/inderen.es\/commitment\/occupational-risk-prevention\/\u00bb][vc_custom_heading text=\u00bbPrevenci\u00f3n de Riesgos Laborales\u00bb font_container=\u00bbtag:p|text_align:center\u00bb css_animation=\u00bbnone\u00bb link=\u00bburl:https%3A%2F%2Finderen.es%2Fes%2Fcompromiso%2Fprevencion-riesgos-laborales%2F|\u00bb][vc_column_text]INDEREN,&#8230;<\/p>\n","protected":false},"author":1,"featured_media":0,"parent":0,"menu_order":0,"comment_status":"closed","ping_status":"closed","template":"","meta":{"_monsterinsights_skip_tracking":false,"_monsterinsights_sitenote_active":false,"_monsterinsights_sitenote_note":"","_monsterinsights_sitenote_category":0,"footnotes":""},"class_list":["post-2901","page","type-page","status-publish","hentry"],"yoast_head":"<!-- This site is optimized with the Yoast SEO plugin v27.3 - https:\/\/yoast.com\/product\/yoast-seo-wordpress\/ -->\n<title>Compromiso - INDEREN (Ingenier\u00eda y desarrollos renovables, S.L.)<\/title>\n<meta name=\"robots\" content=\"index, follow, max-snippet:-1, max-image-preview:large, max-video-preview:-1\" \/>\n<link rel=\"canonical\" href=\"https:\/\/inderen.es\/es\/compromiso\/\" \/>\n<meta property=\"og:locale\" content=\"es_ES\" \/>\n<meta property=\"og:type\" content=\"article\" \/>\n<meta property=\"og:title\" content=\"Compromiso - INDEREN (Ingenier\u00eda y desarrollos renovables, S.L.)\" \/>\n<meta property=\"og:description\" content=\"[vc_row][vc_column][\/vc_column][\/vc_row][vc_row css=\u00bb.vc_custom_1542276565754{padding-top: 1% !important;padding-bottom: 1% !important;}\u00bb][vc_column][vc_column_text] Como empresa estamos comprometidos en mejorar nuestras diferentes \u00e1reas. [\/vc_column_text][\/vc_column][\/vc_row][vc_row full_width=\u00bbstretch_row_content\u00bb css=\u00bb.vc_custom_1542881672384{margin-top: 2% !important;margin-bottom: 2% !important;}\u00bb][vc_column width=\u00bb1\/3&#8243; offset=\u00bbvc_hidden-xs\u00bb][vc_single_image image=\u00bb2232&#8243; img_size=\u00bbmedium\u00bb alignment=\u00bbcenter\u00bb onclick=\u00bbcustom_link\u00bb css_animation=\u00bbnone\u00bb css=\u00bb.vc_custom_1546522710807{padding-bottom: 5% !important;}\u00bb link=\u00bbhttps:\/\/inderen.es\/commitment\/occupational-risk-prevention\/\u00bb][vc_custom_heading text=\u00bbPrevenci\u00f3n de Riesgos Laborales\u00bb font_container=\u00bbtag:p|text_align:center\u00bb css_animation=\u00bbnone\u00bb link=\u00bburl:https%3A%2F%2Finderen.es%2Fes%2Fcompromiso%2Fprevencion-riesgos-laborales%2F|\u00bb][vc_column_text]INDEREN,...\" \/>\n<meta property=\"og:url\" content=\"https:\/\/inderen.es\/es\/compromiso\/\" \/>\n<meta property=\"og:site_name\" content=\"INDEREN (Ingenier\u00eda y desarrollos renovables, S.L.)\" \/>\n<meta property=\"article:publisher\" content=\"https:\/\/www.facebook.com\/INDEREN.ENERGIA\/\" \/>\n<meta property=\"article:modified_time\" content=\"2019-10-25T07:24:14+00:00\" \/>\n<meta name=\"twitter:card\" content=\"summary_large_image\" \/>\n<meta name=\"twitter:site\" content=\"@INDEREN_ENERGIA\" \/>\n<meta name=\"twitter:label1\" content=\"Tiempo de lectura\" \/>\n\t<meta name=\"twitter:data1\" content=\"3 minutos\" \/>\n<script type=\"application\/ld+json\" class=\"yoast-schema-graph\">{\"@context\":\"https:\\\/\\\/schema.org\",\"@graph\":[{\"@type\":\"WebPage\",\"@id\":\"https:\\\/\\\/inderen.es\\\/es\\\/compromiso\\\/\",\"url\":\"https:\\\/\\\/inderen.es\\\/es\\\/compromiso\\\/\",\"name\":\"Compromiso - INDEREN (Ingenier\u00eda y desarrollos renovables, S.L.)\",\"isPartOf\":{\"@id\":\"https:\\\/\\\/inderen.es\\\/es\\\/#website\"},\"datePublished\":\"2018-11-15T09:34:07+00:00\",\"dateModified\":\"2019-10-25T07:24:14+00:00\",\"breadcrumb\":{\"@id\":\"https:\\\/\\\/inderen.es\\\/es\\\/compromiso\\\/#breadcrumb\"},\"inLanguage\":\"es\",\"potentialAction\":[{\"@type\":\"ReadAction\",\"target\":[\"https:\\\/\\\/inderen.es\\\/es\\\/compromiso\\\/\"]}]},{\"@type\":\"BreadcrumbList\",\"@id\":\"https:\\\/\\\/inderen.es\\\/es\\\/compromiso\\\/#breadcrumb\",\"itemListElement\":[{\"@type\":\"ListItem\",\"position\":1,\"name\":\"Home\",\"item\":\"https:\\\/\\\/inderen.es\\\/es\\\/\"},{\"@type\":\"ListItem\",\"position\":2,\"name\":\"Compromiso\"}]},{\"@type\":\"WebSite\",\"@id\":\"https:\\\/\\\/inderen.es\\\/es\\\/#website\",\"url\":\"https:\\\/\\\/inderen.es\\\/es\\\/\",\"name\":\"INDEREN - Ingenier\u00eda y desarrollos renovables\",\"description\":\"Instaladores de energ\u00edas renovables. Ofrecemos un modelo energ\u00e9tico competitivo que proporcione rentabilidad econ\u00f3mica y valores sociales a nuestros clientes, tanto dom\u00e9sticos como industriales.\",\"publisher\":{\"@id\":\"https:\\\/\\\/inderen.es\\\/es\\\/#organization\"},\"potentialAction\":[{\"@type\":\"SearchAction\",\"target\":{\"@type\":\"EntryPoint\",\"urlTemplate\":\"https:\\\/\\\/inderen.es\\\/es\\\/?s={search_term_string}\"},\"query-input\":{\"@type\":\"PropertyValueSpecification\",\"valueRequired\":true,\"valueName\":\"search_term_string\"}}],\"inLanguage\":\"es\"},{\"@type\":\"Organization\",\"@id\":\"https:\\\/\\\/inderen.es\\\/es\\\/#organization\",\"name\":\"INDEREN (Ingenier\u00eda y desarrollos renovables, S.L.)\",\"url\":\"https:\\\/\\\/inderen.es\\\/es\\\/\",\"logo\":{\"@type\":\"ImageObject\",\"inLanguage\":\"es\",\"@id\":\"https:\\\/\\\/inderen.es\\\/es\\\/#\\\/schema\\\/logo\\\/image\\\/\",\"url\":\"https:\\\/\\\/inderen.es\\\/wp-content\\\/uploads\\\/2019\\\/04\\\/logo-inderen.jpg\",\"contentUrl\":\"https:\\\/\\\/inderen.es\\\/wp-content\\\/uploads\\\/2019\\\/04\\\/logo-inderen.jpg\",\"width\":591,\"height\":591,\"caption\":\"INDEREN (Ingenier\u00eda y desarrollos renovables, S.L.)\"},\"image\":{\"@id\":\"https:\\\/\\\/inderen.es\\\/es\\\/#\\\/schema\\\/logo\\\/image\\\/\"},\"sameAs\":[\"https:\\\/\\\/www.facebook.com\\\/INDEREN.ENERGIA\\\/\",\"https:\\\/\\\/x.com\\\/INDEREN_ENERGIA\",\"https:\\\/\\\/www.linkedin.com\\\/company\\\/inderen\\\/\"]}]}<\/script>\n<!-- \/ Yoast SEO plugin. -->","yoast_head_json":{"title":"Compromiso - INDEREN (Ingenier\u00eda y desarrollos renovables, S.L.)","robots":{"index":"index","follow":"follow","max-snippet":"max-snippet:-1","max-image-preview":"max-image-preview:large","max-video-preview":"max-video-preview:-1"},"canonical":"https:\/\/inderen.es\/es\/compromiso\/","og_locale":"es_ES","og_type":"article","og_title":"Compromiso - INDEREN (Ingenier\u00eda y desarrollos renovables, S.L.)","og_description":"[vc_row][vc_column][\/vc_column][\/vc_row][vc_row css=\u00bb.vc_custom_1542276565754{padding-top: 1% !important;padding-bottom: 1% !important;}\u00bb][vc_column][vc_column_text] Como empresa estamos comprometidos en mejorar nuestras diferentes \u00e1reas. [\/vc_column_text][\/vc_column][\/vc_row][vc_row full_width=\u00bbstretch_row_content\u00bb css=\u00bb.vc_custom_1542881672384{margin-top: 2% !important;margin-bottom: 2% !important;}\u00bb][vc_column width=\u00bb1\/3&#8243; offset=\u00bbvc_hidden-xs\u00bb][vc_single_image image=\u00bb2232&#8243; img_size=\u00bbmedium\u00bb alignment=\u00bbcenter\u00bb onclick=\u00bbcustom_link\u00bb css_animation=\u00bbnone\u00bb css=\u00bb.vc_custom_1546522710807{padding-bottom: 5% !important;}\u00bb link=\u00bbhttps:\/\/inderen.es\/commitment\/occupational-risk-prevention\/\u00bb][vc_custom_heading text=\u00bbPrevenci\u00f3n de Riesgos Laborales\u00bb font_container=\u00bbtag:p|text_align:center\u00bb css_animation=\u00bbnone\u00bb link=\u00bburl:https%3A%2F%2Finderen.es%2Fes%2Fcompromiso%2Fprevencion-riesgos-laborales%2F|\u00bb][vc_column_text]INDEREN,...","og_url":"https:\/\/inderen.es\/es\/compromiso\/","og_site_name":"INDEREN (Ingenier\u00eda y desarrollos renovables, S.L.)","article_publisher":"https:\/\/www.facebook.com\/INDEREN.ENERGIA\/","article_modified_time":"2019-10-25T07:24:14+00:00","twitter_card":"summary_large_image","twitter_site":"@INDEREN_ENERGIA","twitter_misc":{"Tiempo de lectura":"3 minutos"},"schema":{"@context":"https:\/\/schema.org","@graph":[{"@type":"WebPage","@id":"https:\/\/inderen.es\/es\/compromiso\/","url":"https:\/\/inderen.es\/es\/compromiso\/","name":"Compromiso - INDEREN (Ingenier\u00eda y desarrollos renovables, S.L.)","isPartOf":{"@id":"https:\/\/inderen.es\/es\/#website"},"datePublished":"2018-11-15T09:34:07+00:00","dateModified":"2019-10-25T07:24:14+00:00","breadcrumb":{"@id":"https:\/\/inderen.es\/es\/compromiso\/#breadcrumb"},"inLanguage":"es","potentialAction":[{"@type":"ReadAction","target":["https:\/\/inderen.es\/es\/compromiso\/"]}]},{"@type":"BreadcrumbList","@id":"https:\/\/inderen.es\/es\/compromiso\/#breadcrumb","itemListElement":[{"@type":"ListItem","position":1,"name":"Home","item":"https:\/\/inderen.es\/es\/"},{"@type":"ListItem","position":2,"name":"Compromiso"}]},{"@type":"WebSite","@id":"https:\/\/inderen.es\/es\/#website","url":"https:\/\/inderen.es\/es\/","name":"INDEREN - Ingenier\u00eda y desarrollos renovables","description":"Instaladores de energ\u00edas renovables. Ofrecemos un modelo energ\u00e9tico competitivo que proporcione rentabilidad econ\u00f3mica y valores sociales a nuestros clientes, tanto dom\u00e9sticos como industriales.","publisher":{"@id":"https:\/\/inderen.es\/es\/#organization"},"potentialAction":[{"@type":"SearchAction","target":{"@type":"EntryPoint","urlTemplate":"https:\/\/inderen.es\/es\/?s={search_term_string}"},"query-input":{"@type":"PropertyValueSpecification","valueRequired":true,"valueName":"search_term_string"}}],"inLanguage":"es"},{"@type":"Organization","@id":"https:\/\/inderen.es\/es\/#organization","name":"INDEREN (Ingenier\u00eda y desarrollos renovables, S.L.)","url":"https:\/\/inderen.es\/es\/","logo":{"@type":"ImageObject","inLanguage":"es","@id":"https:\/\/inderen.es\/es\/#\/schema\/logo\/image\/","url":"https:\/\/inderen.es\/wp-content\/uploads\/2019\/04\/logo-inderen.jpg","contentUrl":"https:\/\/inderen.es\/wp-content\/uploads\/2019\/04\/logo-inderen.jpg","width":591,"height":591,"caption":"INDEREN (Ingenier\u00eda y desarrollos renovables, S.L.)"},"image":{"@id":"https:\/\/inderen.es\/es\/#\/schema\/logo\/image\/"},"sameAs":["https:\/\/www.facebook.com\/INDEREN.ENERGIA\/","https:\/\/x.com\/INDEREN_ENERGIA","https:\/\/www.linkedin.com\/company\/inderen\/"]}]}},"_links":{"self":[{"href":"https:\/\/inderen.es\/es\/wp-json\/wp\/v2\/pages\/2901","targetHints":{"allow":["GET"]}}],"collection":[{"href":"https:\/\/inderen.es\/es\/wp-json\/wp\/v2\/pages"}],"about":[{"href":"https:\/\/inderen.es\/es\/wp-json\/wp\/v2\/types\/page"}],"author":[{"embeddable":true,"href":"https:\/\/inderen.es\/es\/wp-json\/wp\/v2\/users\/1"}],"replies":[{"embeddable":true,"href":"https:\/\/inderen.es\/es\/wp-json\/wp\/v2\/comments?post=2901"}],"version-history":[{"count":33,"href":"https:\/\/inderen.es\/es\/wp-json\/wp\/v2\/pages\/2901\/revisions"}],"predecessor-version":[{"id":6999,"href":"https:\/\/inderen.es\/es\/wp-json\/wp\/v2\/pages\/2901\/revisions\/6999"}],"wp:attachment":[{"href":"https:\/\/inderen.es\/es\/wp-json\/wp\/v2\/media?parent=2901"}],"curies":[{"name":"wp","href":"https:\/\/api.w.org\/{rel}","templated":true}]}}