{"id":2909,"date":"2018-11-08T13:37:16","date_gmt":"2018-11-08T12:37:16","guid":{"rendered":"https:\/\/inderen.es\/commitment-nueva\/customers-nueva\/"},"modified":"2021-02-11T12:53:50","modified_gmt":"2021-02-11T11:53:50","slug":"clientes","status":"publish","type":"page","link":"https:\/\/inderen.es\/es\/compromiso\/clientes\/","title":{"rendered":"Clientes"},"content":{"rendered":"<div class=\"wpb-content-wrapper\"><p>[vc_row full_width=\u00bbstretch_row_content_no_spaces\u00bb css=\u00bb.vc_custom_1613037435468{margin-top: -20px !important;margin-bottom: 25px !important;padding-top: 100px !important;padding-bottom: 100px !important;background-image: url(https:\/\/inderen.es\/wp-content\/uploads\/2021\/02\/2015-077b-Aqualogy-Sagunto-ZVM-fase-2-Zuvamesa-2017-07-10-09.57.43.jpg?id=8927) !important;background-position: center !important;background-repeat: no-repeat !important;background-size: cover !important;}\u00bb][vc_column][\/vc_column][\/vc_row][vc_row][vc_column width=\u00bb1\/3&#8243;][vc_custom_heading text=\u00bbTrabajando con nosotros, nuestro valor a\u00f1adido\u00bb font_container=\u00bbtag:h1|font_size:40|text_align:left\u00bb use_theme_fonts=\u00bbyes\u00bb css=\u00bb.vc_custom_1613037568508{margin-top: 0px !important;}\u00bb][\/vc_column][vc_column width=\u00bb1\/3&#8243;][vc_custom_heading text=\u00bbEspecializaci\u00f3n\u00bb font_container=\u00bbtag:h3|text_align:left\u00bb use_theme_fonts=\u00bbyes\u00bb css=\u00bb.vc_custom_1613037616927{margin-top: 0px !important;}\u00bb][vc_column_text css=\u00bb.vc_custom_1613037655795{margin-bottom: 15px !important;}\u00bb]Con la garant\u00eda que da nuestra experiencia en la instalaci\u00f3n y asesoramiento de m\u00e1s de 50 plantas de biog\u00e1s en Europa. Desbloqueamos tambi\u00e9n las dificultades del d\u00eda a d\u00eda gracias a nuestra alta contribuci\u00f3n profesional en conocimientos, a diferencia de instaladores locales no familiarizados en el campo del biog\u00e1s.[\/vc_column_text][\/vc_column][vc_column width=\u00bb1\/3&#8243;][vc_custom_heading text=\u00bbProfesionalidad\u00bb font_container=\u00bbtag:h3|text_align:left\u00bb use_theme_fonts=\u00bbyes\u00bb css=\u00bb.vc_custom_1613037714719{margin-top: 0px !important;}\u00bb][vc_column_text css=\u00bb.vc_custom_1613039381381{margin-bottom: 15px !important;}\u00bb]Cumpliendo estrictamente con los plazos de entrega y el presupuesto acordado, junto con nuestra honestidad mantiene a nuestros clientes satisfechos y contando con nosotros un proyecto tras otro como as\u00ed lo atestigua nuestra Lista de referencias: ENVITEC, QILA ENERGY, BIO-DYNAMICS, LUDAN GROUP, BIOGEST, HERA, ENERIA, FARMATIC, XERGI &#8230;[\/vc_column_text][\/vc_column][\/vc_row][vc_row css=\u00bb.vc_custom_1613044119773{margin-top: 10px !important;}\u00bb][vc_column width=\u00bb1\/3&#8243;][\/vc_column][vc_column width=\u00bb1\/3&#8243;][vc_custom_heading text=\u00bbVersatilidad\u00bb font_container=\u00bbtag:h3|text_align:left\u00bb use_theme_fonts=\u00bbyes\u00bb css=\u00bb.vc_custom_1613039215124{margin-top: 0px !important;}\u00bb][vc_column_text css=\u00bb.vc_custom_1613039354568{margin-bottom: 15px !important;}\u00bb]Para adaptarse completamente a las necesidades de nuestros clientes durante el proceso de implementaci\u00f3n de nuestras instalaciones, gracias de nuevo a una alta contribuci\u00f3n profesional en el conocimiento y nuestra amplia experiencia en el campo.[\/vc_column_text][\/vc_column][vc_column width=\u00bb1\/3&#8243;][vc_custom_heading text=\u00bbCalidad\u00bb font_container=\u00bbtag:h3|text_align:left\u00bb use_theme_fonts=\u00bbyes\u00bb css=\u00bb.vc_custom_1613040021459{margin-top: 0px !important;}\u00bb][vc_column_text css=\u00bb.vc_custom_1613040071537{margin-bottom: 15px !important;}\u00bb]Ofrecemos alta calidad a los precios m\u00e1s competitivos.[\/vc_column_text][\/vc_column][\/vc_row][vc_row full_width=\u00bbstretch_row\u00bb css=\u00bb.vc_custom_1434538871508{margin-bottom: 0px !important;}\u00bb][vc_column width=\u00bb1\/3&#8243;][vc_custom_heading text=\u00bbFiabilidad\u00bb font_container=\u00bbtag:h3|text_align:left\u00bb use_theme_fonts=\u00bbyes\u00bb][vc_column_text]INDEREN tiene los recursos humanos junto con la solvencia econ\u00f3mica y financiera para el desarrollo de varios proyectos al mismo tiempo como pueden comprobar en nuestra Lista de Referencias.[\/vc_column_text][\/vc_column][vc_column width=\u00bb1\/3&#8243;][vc_single_image image=\u00bb8923&#8243; img_size=\u00bbfull\u00bb css=\u00bb.vc_custom_1613040816542{padding-top: 15px !important;}\u00bb][\/vc_column][vc_column width=\u00bb1\/3&#8243;][vc_custom_heading text=\u00bbProveedores\u00bb font_container=\u00bbtag:h3|text_align:left\u00bb use_theme_fonts=\u00bbyes\u00bb][vc_column_text]Nos aseguramos igualmente de que nuestros proveedores y material cumplan con las certificaciones y las normativas europeas.[\/vc_column_text][\/vc_column][\/vc_row][vc_row full_width=\u00bbstretch_row\u00bb][vc_column width=\u00bb1\/3&#8243;][vc_single_image image=\u00bb8925&#8243; img_size=\u00bbfull\u00bb css=\u00bb.vc_custom_1613042678445{padding-top: 15px !important;}\u00bb][\/vc_column][vc_column width=\u00bb1\/3&#8243;][vc_custom_heading text=\u00bbProtocolo\u00bb font_container=\u00bbtag:h3|text_align:left\u00bb use_theme_fonts=\u00bbyes\u00bb][vc_column_text]En cualquier pa\u00eds en el que trabajamos, desarrollamos el mismo protocolo que incluye: trabajar con proveedores con cadena de distribuci\u00f3n en el pa\u00eds, amplio stock de material extra para eventos imprevistos y tambi\u00e9n garantizamos que siempre hay una parte de nuestro personal que trabaja en el sitio y puede hablar el idioma nativo del pa\u00eds para facilitar la comunicaci\u00f3n y las tareas de coordinaci\u00f3n.[\/vc_column_text][\/vc_column][vc_column width=\u00bb1\/3&#8243;][vc_single_image image=\u00bb8932&#8243; img_size=\u00bbfull\u00bb css=\u00bb.vc_custom_1613042738896{padding-top: 15px !important;}\u00bb][\/vc_column][\/vc_row][vc_row css=\u00bb.vc_custom_1613042858954{margin-bottom: 50px !important;}\u00bb][vc_column][vc_btn title=\u00bbVer Referencias\u00bb style=\u00bbflat\u00bb color=\u00bbsky\u00bb align=\u00bbcenter\u00bb link=\u00bburl:https%3A%2F%2Finderen.es%2Fes%2Freferencias%2F|title:Referencias|target:_blank\u00bb][\/vc_column][\/vc_row]<\/p>\n<\/div>","protected":false},"excerpt":{"rendered":"<p>[vc_row full_width=\u00bbstretch_row_content_no_spaces\u00bb css=\u00bb.vc_custom_1613037435468{margin-top: -20px !important;margin-bottom: 25px !important;padding-top: 100px !important;padding-bottom: 100px !important;background-image: url(https:\/\/inderen.es\/wp-content\/uploads\/2021\/02\/2015-077b-Aqualogy-Sagunto-ZVM-fase-2-Zuvamesa-2017-07-10-09.57.43.jpg?id=8927) !important;background-position: center !important;background-repeat: no-repeat !important;background-size: cover !important;}\u00bb][vc_column][\/vc_column][\/vc_row][vc_row][vc_column width=\u00bb1\/3&#8243;][vc_custom_heading text=\u00bbTrabajando con nosotros, nuestro valor a\u00f1adido\u00bb font_container=\u00bbtag:h1|font_size:40|text_align:left\u00bb use_theme_fonts=\u00bbyes\u00bb css=\u00bb.vc_custom_1613037568508{margin-top: 0px !important;}\u00bb][\/vc_column][vc_column width=\u00bb1\/3&#8243;][vc_custom_heading text=\u00bbEspecializaci\u00f3n\u00bb font_container=\u00bbtag:h3|text_align:left\u00bb use_theme_fonts=\u00bbyes\u00bb css=\u00bb.vc_custom_1613037616927{margin-top: 0px !important;}\u00bb][vc_column_text css=\u00bb.vc_custom_1613037655795{margin-bottom: 15px&#8230;<\/p>\n","protected":false},"author":1,"featured_media":0,"parent":2901,"menu_order":0,"comment_status":"closed","ping_status":"closed","template":"","meta":{"_monsterinsights_skip_tracking":false,"_monsterinsights_sitenote_active":false,"_monsterinsights_sitenote_note":"","_monsterinsights_sitenote_category":0,"footnotes":""},"class_list":["post-2909","page","type-page","status-publish","hentry"],"yoast_head":"<!-- This site is optimized with the Yoast SEO plugin v27.5 - https:\/\/yoast.com\/product\/yoast-seo-wordpress\/ -->\n<title>Clientes - INDEREN (Ingenier\u00eda y desarrollos renovables, S.L.)<\/title>\n<meta name=\"robots\" content=\"index, follow, max-snippet:-1, max-image-preview:large, max-video-preview:-1\" \/>\n<link rel=\"canonical\" href=\"https:\/\/inderen.es\/es\/compromiso\/clientes\/\" \/>\n<meta property=\"og:locale\" content=\"es_ES\" \/>\n<meta property=\"og:type\" content=\"article\" \/>\n<meta property=\"og:title\" content=\"Clientes - INDEREN (Ingenier\u00eda y desarrollos renovables, S.L.)\" \/>\n<meta property=\"og:description\" content=\"[vc_row full_width=\u00bbstretch_row_content_no_spaces\u00bb css=\u00bb.vc_custom_1613037435468{margin-top: -20px !important;margin-bottom: 25px !important;padding-top: 100px !important;padding-bottom: 100px !important;background-image: url(https:\/\/inderen.es\/wp-content\/uploads\/2021\/02\/2015-077b-Aqualogy-Sagunto-ZVM-fase-2-Zuvamesa-2017-07-10-09.57.43.jpg?id=8927) !important;background-position: center !important;background-repeat: no-repeat !important;background-size: cover !important;}\u00bb][vc_column][\/vc_column][\/vc_row][vc_row][vc_column width=\u00bb1\/3&#8243;][vc_custom_heading text=\u00bbTrabajando con nosotros, nuestro valor a\u00f1adido\u00bb font_container=\u00bbtag:h1|font_size:40|text_align:left\u00bb use_theme_fonts=\u00bbyes\u00bb css=\u00bb.vc_custom_1613037568508{margin-top: 0px !important;}\u00bb][\/vc_column][vc_column width=\u00bb1\/3&#8243;][vc_custom_heading text=\u00bbEspecializaci\u00f3n\u00bb font_container=\u00bbtag:h3|text_align:left\u00bb use_theme_fonts=\u00bbyes\u00bb css=\u00bb.vc_custom_1613037616927{margin-top: 0px !important;}\u00bb][vc_column_text css=\u00bb.vc_custom_1613037655795{margin-bottom: 15px...\" \/>\n<meta property=\"og:url\" content=\"https:\/\/inderen.es\/es\/compromiso\/clientes\/\" \/>\n<meta property=\"og:site_name\" content=\"INDEREN (Ingenier\u00eda y desarrollos renovables, S.L.)\" \/>\n<meta property=\"article:publisher\" content=\"https:\/\/www.facebook.com\/INDEREN.ENERGIA\/\" \/>\n<meta property=\"article:modified_time\" content=\"2021-02-11T11:53:50+00:00\" \/>\n<meta name=\"twitter:card\" content=\"summary_large_image\" \/>\n<meta name=\"twitter:site\" content=\"@INDEREN_ENERGIA\" \/>\n<meta name=\"twitter:label1\" content=\"Tiempo de lectura\" \/>\n\t<meta name=\"twitter:data1\" content=\"2 minutos\" \/>\n<script type=\"application\/ld+json\" class=\"yoast-schema-graph\">{\"@context\":\"https:\\\/\\\/schema.org\",\"@graph\":[{\"@type\":\"WebPage\",\"@id\":\"https:\\\/\\\/inderen.es\\\/es\\\/compromiso\\\/clientes\\\/\",\"url\":\"https:\\\/\\\/inderen.es\\\/es\\\/compromiso\\\/clientes\\\/\",\"name\":\"Clientes - INDEREN (Ingenier\u00eda y desarrollos renovables, S.L.)\",\"isPartOf\":{\"@id\":\"https:\\\/\\\/inderen.es\\\/es\\\/#website\"},\"datePublished\":\"2018-11-08T12:37:16+00:00\",\"dateModified\":\"2021-02-11T11:53:50+00:00\",\"breadcrumb\":{\"@id\":\"https:\\\/\\\/inderen.es\\\/es\\\/compromiso\\\/clientes\\\/#breadcrumb\"},\"inLanguage\":\"es\",\"potentialAction\":[{\"@type\":\"ReadAction\",\"target\":[\"https:\\\/\\\/inderen.es\\\/es\\\/compromiso\\\/clientes\\\/\"]}]},{\"@type\":\"BreadcrumbList\",\"@id\":\"https:\\\/\\\/inderen.es\\\/es\\\/compromiso\\\/clientes\\\/#breadcrumb\",\"itemListElement\":[{\"@type\":\"ListItem\",\"position\":1,\"name\":\"Home\",\"item\":\"https:\\\/\\\/inderen.es\\\/es\\\/\"},{\"@type\":\"ListItem\",\"position\":2,\"name\":\"Compromiso\",\"item\":\"https:\\\/\\\/inderen.es\\\/es\\\/compromiso\\\/\"},{\"@type\":\"ListItem\",\"position\":3,\"name\":\"Clientes\"}]},{\"@type\":\"WebSite\",\"@id\":\"https:\\\/\\\/inderen.es\\\/es\\\/#website\",\"url\":\"https:\\\/\\\/inderen.es\\\/es\\\/\",\"name\":\"INDEREN - Ingenier\u00eda y desarrollos renovables\",\"description\":\"Instaladores de energ\u00edas renovables. Ofrecemos un modelo energ\u00e9tico competitivo que proporcione rentabilidad econ\u00f3mica y valores sociales a nuestros clientes, tanto dom\u00e9sticos como industriales.\",\"publisher\":{\"@id\":\"https:\\\/\\\/inderen.es\\\/es\\\/#organization\"},\"potentialAction\":[{\"@type\":\"SearchAction\",\"target\":{\"@type\":\"EntryPoint\",\"urlTemplate\":\"https:\\\/\\\/inderen.es\\\/es\\\/?s={search_term_string}\"},\"query-input\":{\"@type\":\"PropertyValueSpecification\",\"valueRequired\":true,\"valueName\":\"search_term_string\"}}],\"inLanguage\":\"es\"},{\"@type\":\"Organization\",\"@id\":\"https:\\\/\\\/inderen.es\\\/es\\\/#organization\",\"name\":\"INDEREN (Ingenier\u00eda y desarrollos renovables, S.L.)\",\"url\":\"https:\\\/\\\/inderen.es\\\/es\\\/\",\"logo\":{\"@type\":\"ImageObject\",\"inLanguage\":\"es\",\"@id\":\"https:\\\/\\\/inderen.es\\\/es\\\/#\\\/schema\\\/logo\\\/image\\\/\",\"url\":\"https:\\\/\\\/inderen.es\\\/wp-content\\\/uploads\\\/2019\\\/04\\\/logo-inderen.jpg\",\"contentUrl\":\"https:\\\/\\\/inderen.es\\\/wp-content\\\/uploads\\\/2019\\\/04\\\/logo-inderen.jpg\",\"width\":591,\"height\":591,\"caption\":\"INDEREN (Ingenier\u00eda y desarrollos renovables, S.L.)\"},\"image\":{\"@id\":\"https:\\\/\\\/inderen.es\\\/es\\\/#\\\/schema\\\/logo\\\/image\\\/\"},\"sameAs\":[\"https:\\\/\\\/www.facebook.com\\\/INDEREN.ENERGIA\\\/\",\"https:\\\/\\\/x.com\\\/INDEREN_ENERGIA\",\"https:\\\/\\\/www.linkedin.com\\\/company\\\/inderen\\\/\"]}]}<\/script>\n<!-- \/ Yoast SEO plugin. -->","yoast_head_json":{"title":"Clientes - INDEREN (Ingenier\u00eda y desarrollos renovables, S.L.)","robots":{"index":"index","follow":"follow","max-snippet":"max-snippet:-1","max-image-preview":"max-image-preview:large","max-video-preview":"max-video-preview:-1"},"canonical":"https:\/\/inderen.es\/es\/compromiso\/clientes\/","og_locale":"es_ES","og_type":"article","og_title":"Clientes - INDEREN (Ingenier\u00eda y desarrollos renovables, S.L.)","og_description":"[vc_row full_width=\u00bbstretch_row_content_no_spaces\u00bb css=\u00bb.vc_custom_1613037435468{margin-top: -20px !important;margin-bottom: 25px !important;padding-top: 100px !important;padding-bottom: 100px !important;background-image: url(https:\/\/inderen.es\/wp-content\/uploads\/2021\/02\/2015-077b-Aqualogy-Sagunto-ZVM-fase-2-Zuvamesa-2017-07-10-09.57.43.jpg?id=8927) !important;background-position: center !important;background-repeat: no-repeat !important;background-size: cover !important;}\u00bb][vc_column][\/vc_column][\/vc_row][vc_row][vc_column width=\u00bb1\/3&#8243;][vc_custom_heading text=\u00bbTrabajando con nosotros, nuestro valor a\u00f1adido\u00bb font_container=\u00bbtag:h1|font_size:40|text_align:left\u00bb use_theme_fonts=\u00bbyes\u00bb css=\u00bb.vc_custom_1613037568508{margin-top: 0px !important;}\u00bb][\/vc_column][vc_column width=\u00bb1\/3&#8243;][vc_custom_heading text=\u00bbEspecializaci\u00f3n\u00bb font_container=\u00bbtag:h3|text_align:left\u00bb use_theme_fonts=\u00bbyes\u00bb css=\u00bb.vc_custom_1613037616927{margin-top: 0px !important;}\u00bb][vc_column_text css=\u00bb.vc_custom_1613037655795{margin-bottom: 15px...","og_url":"https:\/\/inderen.es\/es\/compromiso\/clientes\/","og_site_name":"INDEREN (Ingenier\u00eda y desarrollos renovables, S.L.)","article_publisher":"https:\/\/www.facebook.com\/INDEREN.ENERGIA\/","article_modified_time":"2021-02-11T11:53:50+00:00","twitter_card":"summary_large_image","twitter_site":"@INDEREN_ENERGIA","twitter_misc":{"Tiempo de lectura":"2 minutos"},"schema":{"@context":"https:\/\/schema.org","@graph":[{"@type":"WebPage","@id":"https:\/\/inderen.es\/es\/compromiso\/clientes\/","url":"https:\/\/inderen.es\/es\/compromiso\/clientes\/","name":"Clientes - INDEREN (Ingenier\u00eda y desarrollos renovables, S.L.)","isPartOf":{"@id":"https:\/\/inderen.es\/es\/#website"},"datePublished":"2018-11-08T12:37:16+00:00","dateModified":"2021-02-11T11:53:50+00:00","breadcrumb":{"@id":"https:\/\/inderen.es\/es\/compromiso\/clientes\/#breadcrumb"},"inLanguage":"es","potentialAction":[{"@type":"ReadAction","target":["https:\/\/inderen.es\/es\/compromiso\/clientes\/"]}]},{"@type":"BreadcrumbList","@id":"https:\/\/inderen.es\/es\/compromiso\/clientes\/#breadcrumb","itemListElement":[{"@type":"ListItem","position":1,"name":"Home","item":"https:\/\/inderen.es\/es\/"},{"@type":"ListItem","position":2,"name":"Compromiso","item":"https:\/\/inderen.es\/es\/compromiso\/"},{"@type":"ListItem","position":3,"name":"Clientes"}]},{"@type":"WebSite","@id":"https:\/\/inderen.es\/es\/#website","url":"https:\/\/inderen.es\/es\/","name":"INDEREN - Ingenier\u00eda y desarrollos renovables","description":"Instaladores de energ\u00edas renovables. Ofrecemos un modelo energ\u00e9tico competitivo que proporcione rentabilidad econ\u00f3mica y valores sociales a nuestros clientes, tanto dom\u00e9sticos como industriales.","publisher":{"@id":"https:\/\/inderen.es\/es\/#organization"},"potentialAction":[{"@type":"SearchAction","target":{"@type":"EntryPoint","urlTemplate":"https:\/\/inderen.es\/es\/?s={search_term_string}"},"query-input":{"@type":"PropertyValueSpecification","valueRequired":true,"valueName":"search_term_string"}}],"inLanguage":"es"},{"@type":"Organization","@id":"https:\/\/inderen.es\/es\/#organization","name":"INDEREN (Ingenier\u00eda y desarrollos renovables, S.L.)","url":"https:\/\/inderen.es\/es\/","logo":{"@type":"ImageObject","inLanguage":"es","@id":"https:\/\/inderen.es\/es\/#\/schema\/logo\/image\/","url":"https:\/\/inderen.es\/wp-content\/uploads\/2019\/04\/logo-inderen.jpg","contentUrl":"https:\/\/inderen.es\/wp-content\/uploads\/2019\/04\/logo-inderen.jpg","width":591,"height":591,"caption":"INDEREN (Ingenier\u00eda y desarrollos renovables, S.L.)"},"image":{"@id":"https:\/\/inderen.es\/es\/#\/schema\/logo\/image\/"},"sameAs":["https:\/\/www.facebook.com\/INDEREN.ENERGIA\/","https:\/\/x.com\/INDEREN_ENERGIA","https:\/\/www.linkedin.com\/company\/inderen\/"]}]}},"_links":{"self":[{"href":"https:\/\/inderen.es\/es\/wp-json\/wp\/v2\/pages\/2909","targetHints":{"allow":["GET"]}}],"collection":[{"href":"https:\/\/inderen.es\/es\/wp-json\/wp\/v2\/pages"}],"about":[{"href":"https:\/\/inderen.es\/es\/wp-json\/wp\/v2\/types\/page"}],"author":[{"embeddable":true,"href":"https:\/\/inderen.es\/es\/wp-json\/wp\/v2\/users\/1"}],"replies":[{"embeddable":true,"href":"https:\/\/inderen.es\/es\/wp-json\/wp\/v2\/comments?post=2909"}],"version-history":[{"count":144,"href":"https:\/\/inderen.es\/es\/wp-json\/wp\/v2\/pages\/2909\/revisions"}],"predecessor-version":[{"id":8936,"href":"https:\/\/inderen.es\/es\/wp-json\/wp\/v2\/pages\/2909\/revisions\/8936"}],"up":[{"embeddable":true,"href":"https:\/\/inderen.es\/es\/wp-json\/wp\/v2\/pages\/2901"}],"wp:attachment":[{"href":"https:\/\/inderen.es\/es\/wp-json\/wp\/v2\/media?parent=2909"}],"curies":[{"name":"wp","href":"https:\/\/api.w.org\/{rel}","templated":true}]}}