{"id":2918,"date":"2018-11-07T14:55:33","date_gmt":"2018-11-07T13:55:33","guid":{"rendered":"https:\/\/inderen.es\/commitment-nueva\/occupational-risk-prevention-nueva\/"},"modified":"2019-05-24T15:32:09","modified_gmt":"2019-05-24T13:32:09","slug":"prevencion-riesgos-laborales","status":"publish","type":"page","link":"https:\/\/inderen.es\/es\/compromiso\/prevencion-riesgos-laborales\/","title":{"rendered":"Prevenci\u00f3n de Riesgos Laborales"},"content":{"rendered":"<div class=\"wpb-content-wrapper\"><p>[vc_row][vc_column][vc_custom_heading text=\u00bbPrevenci\u00f3n de Riesgos Laborales\u00bb font_container=\u00bbtag:h1|text_align:center\u00bb use_theme_fonts=\u00bbyes\u00bb css=\u00bb.vc_custom_1542885414350{margin-bottom: 3% !important;}\u00bb][vc_column_text]<strong>INDEREN<\/strong>, integrada en su pol\u00edtica general, tiene como uno de sus objetivos esenciales promover, potenciar y mantener la pol\u00edtica en materia de prevenci\u00f3n de riesgos laborales, en unos niveles m\u00e1ximos de protecci\u00f3n de sus trabajadores, en total acuerdo y sinton\u00eda preventiva con lo establecido en la Legislaci\u00f3n vigente y con los compromisos de sus clientes en esta materia.[\/vc_column_text][\/vc_column][\/vc_row][vc_row full_width=\u00bbstretch_row\u00bb css=\u00bb.vc_custom_1541598838175{margin-top: 2% !important;margin-bottom: 2% !important;padding-top: 3% !important;padding-bottom: 3% !important;background-color: #dbe7ed !important;}\u00bb][vc_column width=\u00bb1\/2&#8243; offset=\u00bbvc_hidden-xs\u00bb][vc_column_text]<\/p>\n<p><strong>Formaci\u00f3n en riesgos laborales<\/strong><\/p>\n<p>La sensibilizaci\u00f3n y formaci\u00f3n son herramientas fundamentales en el Sistema de Prevenci\u00f3n de la empresa, para conseguir una mayor concienciaci\u00f3n y conocimiento, en materia de Seguridad Salud, de nuestros miembros. Es por ello, que todo trabajador que se incorpora en la empresa, recibe una formaci\u00f3n e informaci\u00f3n espec\u00edfica de su puesto de trabajo.<\/p>\n<p>Todos los trabajadores poseen cursos de formaci\u00f3n de primer y segundo ciclo seg\u00fan lo establecido en la normativa de riesgos laborales.<\/p>\n<p>[\/vc_column_text][\/vc_column][vc_column width=\u00bb1\/2&#8243; offset=\u00bbvc_hidden-xs\u00bb][vc_column_text]<strong>Formaci\u00f3n de recurso preventivo<\/strong><\/p>\n<p><strong>INDEREN<\/strong>\u00a0posee una estructura organizativa en materia preventiva.<\/p>\n<p>Los encargados y jefes de equipo poseen la formaci\u00f3n establecida en la normativa de prevenci\u00f3n de riesgos laborales relativa a la figura de recurso preventivo. De esta forma, todos los trabajos que realizamos en cada uno de nuestros proyectos est\u00e1n supervisados por personal totalmente cualificada en materia de calidad y en materia de seguridad.[\/vc_column_text][\/vc_column][\/vc_row][vc_row full_width=\u00bbstretch_row\u00bb css=\u00bb.vc_custom_1543485257990{margin-top: 2% !important;margin-bottom: 0px !important;padding-top: 3% !important;padding-bottom: 3% !important;background-color: #dbe7ed !important;}\u00bb][vc_column width=\u00bb1\/2&#8243; offset=\u00bbvc_hidden-lg vc_hidden-md vc_hidden-sm vc_col-xs-6&#8243;][vc_column_text]<strong>Formaci\u00f3n en riesgos laborales.<\/strong><\/p>\n<p>La sensibilizaci\u00f3n y formaci\u00f3n son herramientas fundamentales en el Sistema de Prevenci\u00f3n de la empresa, para conseguir una mayor concienciaci\u00f3n y conocimiento, en materia de Seguridad Salud, de nuestros miembros. Es por ello, que todo trabajador que se incorpora en la empresa, recibe una formaci\u00f3n e informaci\u00f3n espec\u00edfica de su puesto de trabajo.<\/p>\n<p>Todos los trabajadores poseen cursos de formaci\u00f3n de primer y segundo ciclo<br \/>\nseg\u00fan lo establecido en la normativa de riesgos laborales.<br \/>\n[\/vc_column_text][\/vc_column][vc_column width=\u00bb1\/2&#8243; offset=\u00bbvc_hidden-lg vc_hidden-md vc_hidden-sm vc_col-xs-6&#8243;][vc_column_text]<strong>Formaci\u00f3n de recurso preventivo.<\/strong><\/p>\n<p><strong>INDEREN<\/strong>\u00a0posee una estructura organizativa en materia preventiva.<\/p>\n<p>Los encargados y jefes de equipo poseen la formaci\u00f3n establecida en la normativa de prevenci\u00f3n de riesgos laborales relativa a la figura de recurso preventivo. De esta forma, todos los trabajos que realizamos en cada uno de nuestros proyectos est\u00e1n supervisados por personal totalmente cualificada en materia de calidad y en materia de seguridad.<br \/>\n[\/vc_column_text][\/vc_column][\/vc_row][vc_row full_width=\u00bbstretch_row\u00bb css=\u00bb.vc_custom_1543489931338{margin-top: 0px !important;margin-bottom: 8% !important;padding-top: 3% !important;padding-bottom: 3% !important;background-color: #dbe7ed !important;}\u00bb][vc_column width=\u00bb1\/2&#8243; offset=\u00bbvc_hidden-lg vc_hidden-md vc_hidden-sm vc_col-xs-6&#8243;][vc_single_image image=\u00bb1998&#8243; img_size=\u00bb180&#215;177&#8243; alignment=\u00bbcenter\u00bb css_animation=\u00bbtop-to-bottom\u00bb][\/vc_column][vc_column width=\u00bb1\/2&#8243; offset=\u00bbvc_hidden-lg vc_hidden-md vc_hidden-sm vc_col-xs-6&#8243;][vc_single_image image=\u00bb1994&#8243; img_size=\u00bb180&#215;177&#8243; alignment=\u00bbcenter\u00bb css_animation=\u00bbtop-to-bottom\u00bb][\/vc_column][\/vc_row][vc_row css=\u00bb.vc_custom_1541669448458{margin-bottom: 2% !important;}\u00bb][vc_column][vc_column_text css=\u00bb.vc_custom_1542885016212{margin-bottom: 2% !important;}\u00bb]<strong>Objetivos<\/strong><\/p>\n<p>A continuaci\u00f3n se resumen los principios fundamentales para la gesti\u00f3n de la seguridad y salud:<\/p>\n<ul>\n<li>La Prevenci\u00f3n de Riesgos Laborales est\u00e1 liderada por la Direcci\u00f3n y debe estar integrada a todo nivel jer\u00e1rquico.<\/li>\n<li>Cada trabajador es un miembro activo en materia de seguridad, tanto para s\u00ed mismo como para sus compa\u00f1eros:\n<ul>\n<li>El Mando es un factor clave en materia de prevenci\u00f3n.<\/li>\n<li>La adecuada Planificaci\u00f3n y Organizaci\u00f3n del trabajo es un factor b\u00e1sico.<\/li>\n<li>Promoci\u00f3n continua en la Formaci\u00f3n, Informaci\u00f3n y Cualificaci\u00f3n de los empleados, as\u00ed como de la aplicaci\u00f3n de innovaciones tecnol\u00f3gicas.<\/li>\n<li>Control de las condiciones de trabajo: Inspecciones de Seguridad y Salud como eje fundamental m\u00e1s pr\u00f3ximo al terreno.<\/li>\n<li>Mejora continua del Sistema, por medio de auditor\u00edas y la aplicaci\u00f3n de todas las herramientas de prevenci\u00f3n.<\/li>\n<\/ul>\n<\/li>\n<\/ul>\n<p>[\/vc_column_text][\/vc_column][\/vc_row][vc_row][vc_column width=\u00bb1\/3&#8243; css=\u00bb.vc_custom_1543235615122{margin-bottom: 10% !important;}\u00bb offset=\u00bbvc_hidden-xs\u00bb][\/vc_column][vc_column width=\u00bb1\/3&#8243; css=\u00bb.vc_custom_1543485979957{margin-bottom: 10% !important;}\u00bb offset=\u00bbvc_hidden-lg vc_hidden-md vc_hidden-sm\u00bb][vc_single_image image=\u00bb1996&#8243; img_size=\u00bb180&#215;177&#8243; alignment=\u00bbcenter\u00bb css_animation=\u00bbtop-to-bottom\u00bb][\/vc_column][vc_column width=\u00bb1\/3&#8243; css=\u00bb.vc_custom_1543235624445{margin-bottom: 10% !important;}\u00bb offset=\u00bbvc_hidden-xs\u00bb][\/vc_column][\/vc_row][vc_row][vc_column width=\u00bb1\/3&#8243; css=\u00bb.vc_custom_1543235615122{margin-bottom: 10% !important;}\u00bb offset=\u00bbvc_hidden-xs\u00bb][vc_single_image image=\u00bb1998&#8243; img_size=\u00bb180&#215;177&#8243; alignment=\u00bbcenter\u00bb css_animation=\u00bbtop-to-bottom\u00bb][\/vc_column][vc_column width=\u00bb1\/3&#8243; css=\u00bb.vc_custom_1543235620331{margin-bottom: 10% !important;}\u00bb offset=\u00bbvc_hidden-xs\u00bb][vc_single_image image=\u00bb1994&#8243; img_size=\u00bb180&#215;177&#8243; alignment=\u00bbcenter\u00bb css_animation=\u00bbtop-to-bottom\u00bb][\/vc_column][vc_column width=\u00bb1\/3&#8243; css=\u00bb.vc_custom_1543235624445{margin-bottom: 10% !important;}\u00bb offset=\u00bbvc_hidden-xs\u00bb][vc_single_image image=\u00bb1996&#8243; img_size=\u00bb180&#215;177&#8243; alignment=\u00bbcenter\u00bb css_animation=\u00bbtop-to-bottom\u00bb][\/vc_column][\/vc_row]<\/p>\n<\/div>","protected":false},"excerpt":{"rendered":"<p>[vc_row][vc_column][vc_custom_heading text=\u00bbPrevenci\u00f3n de Riesgos Laborales\u00bb font_container=\u00bbtag:h1|text_align:center\u00bb use_theme_fonts=\u00bbyes\u00bb css=\u00bb.vc_custom_1542885414350{margin-bottom: 3% !important;}\u00bb][vc_column_text]INDEREN, integrada en su pol\u00edtica general, tiene como uno de sus objetivos esenciales promover, potenciar y mantener la pol\u00edtica en materia de prevenci\u00f3n de riesgos laborales, en unos niveles m\u00e1ximos de&#8230;<\/p>\n","protected":false},"author":1,"featured_media":0,"parent":2901,"menu_order":0,"comment_status":"closed","ping_status":"closed","template":"","meta":{"_monsterinsights_skip_tracking":false,"_monsterinsights_sitenote_active":false,"_monsterinsights_sitenote_note":"","_monsterinsights_sitenote_category":0,"footnotes":""},"class_list":["post-2918","page","type-page","status-publish","hentry"],"yoast_head":"<!-- This site is optimized with the Yoast SEO plugin v27.5 - https:\/\/yoast.com\/product\/yoast-seo-wordpress\/ -->\n<title>Prevenci\u00f3n de Riesgos Laborales - INDEREN (Ingenier\u00eda y desarrollos renovables, S.L.)<\/title>\n<meta name=\"robots\" content=\"index, follow, max-snippet:-1, max-image-preview:large, max-video-preview:-1\" \/>\n<link rel=\"canonical\" href=\"https:\/\/inderen.es\/es\/compromiso\/prevencion-riesgos-laborales\/\" \/>\n<meta property=\"og:locale\" content=\"es_ES\" \/>\n<meta property=\"og:type\" content=\"article\" \/>\n<meta property=\"og:title\" content=\"Prevenci\u00f3n de Riesgos Laborales - INDEREN (Ingenier\u00eda y desarrollos renovables, S.L.)\" \/>\n<meta property=\"og:description\" content=\"[vc_row][vc_column][vc_custom_heading text=\u00bbPrevenci\u00f3n de Riesgos Laborales\u00bb font_container=\u00bbtag:h1|text_align:center\u00bb use_theme_fonts=\u00bbyes\u00bb css=\u00bb.vc_custom_1542885414350{margin-bottom: 3% !important;}\u00bb][vc_column_text]INDEREN, integrada en su pol\u00edtica general, tiene como uno de sus objetivos esenciales promover, potenciar y mantener la pol\u00edtica en materia de prevenci\u00f3n de riesgos laborales, en unos niveles m\u00e1ximos de...\" \/>\n<meta property=\"og:url\" content=\"https:\/\/inderen.es\/es\/compromiso\/prevencion-riesgos-laborales\/\" \/>\n<meta property=\"og:site_name\" content=\"INDEREN (Ingenier\u00eda y desarrollos renovables, S.L.)\" \/>\n<meta property=\"article:publisher\" content=\"https:\/\/www.facebook.com\/INDEREN.ENERGIA\/\" \/>\n<meta property=\"article:modified_time\" content=\"2019-05-24T13:32:09+00:00\" \/>\n<meta name=\"twitter:card\" content=\"summary_large_image\" \/>\n<meta name=\"twitter:site\" content=\"@INDEREN_ENERGIA\" \/>\n<meta name=\"twitter:label1\" content=\"Tiempo de lectura\" \/>\n\t<meta name=\"twitter:data1\" content=\"5 minutos\" \/>\n<script type=\"application\/ld+json\" class=\"yoast-schema-graph\">{\"@context\":\"https:\\\/\\\/schema.org\",\"@graph\":[{\"@type\":\"WebPage\",\"@id\":\"https:\\\/\\\/inderen.es\\\/es\\\/compromiso\\\/prevencion-riesgos-laborales\\\/\",\"url\":\"https:\\\/\\\/inderen.es\\\/es\\\/compromiso\\\/prevencion-riesgos-laborales\\\/\",\"name\":\"Prevenci\u00f3n de Riesgos Laborales - INDEREN (Ingenier\u00eda y desarrollos renovables, S.L.)\",\"isPartOf\":{\"@id\":\"https:\\\/\\\/inderen.es\\\/es\\\/#website\"},\"datePublished\":\"2018-11-07T13:55:33+00:00\",\"dateModified\":\"2019-05-24T13:32:09+00:00\",\"breadcrumb\":{\"@id\":\"https:\\\/\\\/inderen.es\\\/es\\\/compromiso\\\/prevencion-riesgos-laborales\\\/#breadcrumb\"},\"inLanguage\":\"es\",\"potentialAction\":[{\"@type\":\"ReadAction\",\"target\":[\"https:\\\/\\\/inderen.es\\\/es\\\/compromiso\\\/prevencion-riesgos-laborales\\\/\"]}]},{\"@type\":\"BreadcrumbList\",\"@id\":\"https:\\\/\\\/inderen.es\\\/es\\\/compromiso\\\/prevencion-riesgos-laborales\\\/#breadcrumb\",\"itemListElement\":[{\"@type\":\"ListItem\",\"position\":1,\"name\":\"Home\",\"item\":\"https:\\\/\\\/inderen.es\\\/es\\\/\"},{\"@type\":\"ListItem\",\"position\":2,\"name\":\"Compromiso\",\"item\":\"https:\\\/\\\/inderen.es\\\/es\\\/compromiso\\\/\"},{\"@type\":\"ListItem\",\"position\":3,\"name\":\"Prevenci\u00f3n de Riesgos Laborales\"}]},{\"@type\":\"WebSite\",\"@id\":\"https:\\\/\\\/inderen.es\\\/es\\\/#website\",\"url\":\"https:\\\/\\\/inderen.es\\\/es\\\/\",\"name\":\"INDEREN - Ingenier\u00eda y desarrollos renovables\",\"description\":\"Instaladores de energ\u00edas renovables. Ofrecemos un modelo energ\u00e9tico competitivo que proporcione rentabilidad econ\u00f3mica y valores sociales a nuestros clientes, tanto dom\u00e9sticos como industriales.\",\"publisher\":{\"@id\":\"https:\\\/\\\/inderen.es\\\/es\\\/#organization\"},\"potentialAction\":[{\"@type\":\"SearchAction\",\"target\":{\"@type\":\"EntryPoint\",\"urlTemplate\":\"https:\\\/\\\/inderen.es\\\/es\\\/?s={search_term_string}\"},\"query-input\":{\"@type\":\"PropertyValueSpecification\",\"valueRequired\":true,\"valueName\":\"search_term_string\"}}],\"inLanguage\":\"es\"},{\"@type\":\"Organization\",\"@id\":\"https:\\\/\\\/inderen.es\\\/es\\\/#organization\",\"name\":\"INDEREN (Ingenier\u00eda y desarrollos renovables, S.L.)\",\"url\":\"https:\\\/\\\/inderen.es\\\/es\\\/\",\"logo\":{\"@type\":\"ImageObject\",\"inLanguage\":\"es\",\"@id\":\"https:\\\/\\\/inderen.es\\\/es\\\/#\\\/schema\\\/logo\\\/image\\\/\",\"url\":\"https:\\\/\\\/inderen.es\\\/wp-content\\\/uploads\\\/2019\\\/04\\\/logo-inderen.jpg\",\"contentUrl\":\"https:\\\/\\\/inderen.es\\\/wp-content\\\/uploads\\\/2019\\\/04\\\/logo-inderen.jpg\",\"width\":591,\"height\":591,\"caption\":\"INDEREN (Ingenier\u00eda y desarrollos renovables, S.L.)\"},\"image\":{\"@id\":\"https:\\\/\\\/inderen.es\\\/es\\\/#\\\/schema\\\/logo\\\/image\\\/\"},\"sameAs\":[\"https:\\\/\\\/www.facebook.com\\\/INDEREN.ENERGIA\\\/\",\"https:\\\/\\\/x.com\\\/INDEREN_ENERGIA\",\"https:\\\/\\\/www.linkedin.com\\\/company\\\/inderen\\\/\"]}]}<\/script>\n<!-- \/ Yoast SEO plugin. -->","yoast_head_json":{"title":"Prevenci\u00f3n de Riesgos Laborales - INDEREN (Ingenier\u00eda y desarrollos renovables, S.L.)","robots":{"index":"index","follow":"follow","max-snippet":"max-snippet:-1","max-image-preview":"max-image-preview:large","max-video-preview":"max-video-preview:-1"},"canonical":"https:\/\/inderen.es\/es\/compromiso\/prevencion-riesgos-laborales\/","og_locale":"es_ES","og_type":"article","og_title":"Prevenci\u00f3n de Riesgos Laborales - INDEREN (Ingenier\u00eda y desarrollos renovables, S.L.)","og_description":"[vc_row][vc_column][vc_custom_heading text=\u00bbPrevenci\u00f3n de Riesgos Laborales\u00bb font_container=\u00bbtag:h1|text_align:center\u00bb use_theme_fonts=\u00bbyes\u00bb css=\u00bb.vc_custom_1542885414350{margin-bottom: 3% !important;}\u00bb][vc_column_text]INDEREN, integrada en su pol\u00edtica general, tiene como uno de sus objetivos esenciales promover, potenciar y mantener la pol\u00edtica en materia de prevenci\u00f3n de riesgos laborales, en unos niveles m\u00e1ximos de...","og_url":"https:\/\/inderen.es\/es\/compromiso\/prevencion-riesgos-laborales\/","og_site_name":"INDEREN (Ingenier\u00eda y desarrollos renovables, S.L.)","article_publisher":"https:\/\/www.facebook.com\/INDEREN.ENERGIA\/","article_modified_time":"2019-05-24T13:32:09+00:00","twitter_card":"summary_large_image","twitter_site":"@INDEREN_ENERGIA","twitter_misc":{"Tiempo de lectura":"5 minutos"},"schema":{"@context":"https:\/\/schema.org","@graph":[{"@type":"WebPage","@id":"https:\/\/inderen.es\/es\/compromiso\/prevencion-riesgos-laborales\/","url":"https:\/\/inderen.es\/es\/compromiso\/prevencion-riesgos-laborales\/","name":"Prevenci\u00f3n de Riesgos Laborales - INDEREN (Ingenier\u00eda y desarrollos renovables, S.L.)","isPartOf":{"@id":"https:\/\/inderen.es\/es\/#website"},"datePublished":"2018-11-07T13:55:33+00:00","dateModified":"2019-05-24T13:32:09+00:00","breadcrumb":{"@id":"https:\/\/inderen.es\/es\/compromiso\/prevencion-riesgos-laborales\/#breadcrumb"},"inLanguage":"es","potentialAction":[{"@type":"ReadAction","target":["https:\/\/inderen.es\/es\/compromiso\/prevencion-riesgos-laborales\/"]}]},{"@type":"BreadcrumbList","@id":"https:\/\/inderen.es\/es\/compromiso\/prevencion-riesgos-laborales\/#breadcrumb","itemListElement":[{"@type":"ListItem","position":1,"name":"Home","item":"https:\/\/inderen.es\/es\/"},{"@type":"ListItem","position":2,"name":"Compromiso","item":"https:\/\/inderen.es\/es\/compromiso\/"},{"@type":"ListItem","position":3,"name":"Prevenci\u00f3n de Riesgos Laborales"}]},{"@type":"WebSite","@id":"https:\/\/inderen.es\/es\/#website","url":"https:\/\/inderen.es\/es\/","name":"INDEREN - Ingenier\u00eda y desarrollos renovables","description":"Instaladores de energ\u00edas renovables. Ofrecemos un modelo energ\u00e9tico competitivo que proporcione rentabilidad econ\u00f3mica y valores sociales a nuestros clientes, tanto dom\u00e9sticos como industriales.","publisher":{"@id":"https:\/\/inderen.es\/es\/#organization"},"potentialAction":[{"@type":"SearchAction","target":{"@type":"EntryPoint","urlTemplate":"https:\/\/inderen.es\/es\/?s={search_term_string}"},"query-input":{"@type":"PropertyValueSpecification","valueRequired":true,"valueName":"search_term_string"}}],"inLanguage":"es"},{"@type":"Organization","@id":"https:\/\/inderen.es\/es\/#organization","name":"INDEREN (Ingenier\u00eda y desarrollos renovables, S.L.)","url":"https:\/\/inderen.es\/es\/","logo":{"@type":"ImageObject","inLanguage":"es","@id":"https:\/\/inderen.es\/es\/#\/schema\/logo\/image\/","url":"https:\/\/inderen.es\/wp-content\/uploads\/2019\/04\/logo-inderen.jpg","contentUrl":"https:\/\/inderen.es\/wp-content\/uploads\/2019\/04\/logo-inderen.jpg","width":591,"height":591,"caption":"INDEREN (Ingenier\u00eda y desarrollos renovables, S.L.)"},"image":{"@id":"https:\/\/inderen.es\/es\/#\/schema\/logo\/image\/"},"sameAs":["https:\/\/www.facebook.com\/INDEREN.ENERGIA\/","https:\/\/x.com\/INDEREN_ENERGIA","https:\/\/www.linkedin.com\/company\/inderen\/"]}]}},"_links":{"self":[{"href":"https:\/\/inderen.es\/es\/wp-json\/wp\/v2\/pages\/2918","targetHints":{"allow":["GET"]}}],"collection":[{"href":"https:\/\/inderen.es\/es\/wp-json\/wp\/v2\/pages"}],"about":[{"href":"https:\/\/inderen.es\/es\/wp-json\/wp\/v2\/types\/page"}],"author":[{"embeddable":true,"href":"https:\/\/inderen.es\/es\/wp-json\/wp\/v2\/users\/1"}],"replies":[{"embeddable":true,"href":"https:\/\/inderen.es\/es\/wp-json\/wp\/v2\/comments?post=2918"}],"version-history":[{"count":16,"href":"https:\/\/inderen.es\/es\/wp-json\/wp\/v2\/pages\/2918\/revisions"}],"predecessor-version":[{"id":4898,"href":"https:\/\/inderen.es\/es\/wp-json\/wp\/v2\/pages\/2918\/revisions\/4898"}],"up":[{"embeddable":true,"href":"https:\/\/inderen.es\/es\/wp-json\/wp\/v2\/pages\/2901"}],"wp:attachment":[{"href":"https:\/\/inderen.es\/es\/wp-json\/wp\/v2\/media?parent=2918"}],"curies":[{"name":"wp","href":"https:\/\/api.w.org\/{rel}","templated":true}]}}