{"id":2973,"date":"2018-11-09T12:15:43","date_gmt":"2018-11-09T11:15:43","guid":{"rendered":"https:\/\/inderen.es\/contact-nueva\/"},"modified":"2025-01-17T13:50:03","modified_gmt":"2025-01-17T12:50:03","slug":"contacto","status":"publish","type":"page","link":"https:\/\/inderen.es\/es\/contacto\/","title":{"rendered":"Contacto"},"content":{"rendered":"<div class=\"wpb-content-wrapper\"><p>[vc_row css=\u00bb.vc_custom_1541763480932{margin-top: 2% !important;margin-bottom: 3% !important;}\u00bb has_content=\u00bbtrue\u00bb][vc_column width=\u00bb1\/3&#8243; css=\u00bb.vc_custom_1541765270338{margin-top: 1% !important;}\u00bb]<h5 class='heading-content  divider-sm' ><span>OFICINAS Y TALLER<\/span><\/h5>[vc_empty_space height=\u00bb15px\u00bb][vc_column_text css_animation=\u00bbnone\u00bb]<strong><span class=\"author-6ukDFUDFdhXa\">Ingenier\u00eda y desarrollos renovables, S.L.\u00a0<\/span><\/strong><\/p>\n<p>Calle Montg\u00f3, 4-6<br \/>\n46460, Silla<br \/>\nValencia, Espa\u00f1a<\/p>\n<p>[\/vc_column_text][vc_empty_space height=\u00bb30px\u00bb][vc_images_carousel images=\u00bb3635,3625,3623&#8243; autoplay=\u00bbyes\u00bb][vc_empty_space height=\u00bb30px\u00bb][vc_column_text css_animation=\u00bbnone\u00bb]Tel\u00e9fono: <strong><a href=\"tel:+34961242232\">+34 961 24 22 32<\/a><\/strong><br \/>\nE-mail: <a href=\"mailto:web@inderen.es\"><strong>web@inderen.es<\/strong><\/a><a href=\"mailto:info@inderen.es\"><br \/>\n<\/a>[\/vc_column_text][\/vc_column][vc_column width=\u00bb2\/3&#8243;]<h3 class='heading-content  style-1' ><span>ENV\u00cdANOS UN MENSAJE<\/span><\/h3>[vc_empty_space height=\u00bb15px\u00bb][vc_raw_html]JTVCd3Bmb3JtcyUyMGlkJTNEJTIyMTExNjAlMjIlMjB0aXRsZSUzRCUyMmZhbHNlJTIyJTVE[\/vc_raw_html][\/vc_column][\/vc_row][vc_row full_width=\u00bbstretch_row_content_no_spaces\u00bb disable_element=\u00bbyes\u00bb has_content=\u00bbfalse\u00bb css=\u00bb.vc_custom_1737118080024{margin-top: 2% !important;}\u00bb][vc_column]<div class='map' id='map1' style='height: 550px;' data-type='ROADMAP' data-styles='' data-zoom='15' data-scroll='true' data-markers='{ \"address\": \"4 Calle en Proyecto N.3,\u00a0Silla, Comunidad Valenciana\",  \"center\": \"true\", \"data\": \"Ingenier%C3%ADa%20y%20Desarrollos%20Renovables%2C%20S.L.%2C%20%0ACalle%20Montgo%2C%204-6.%2046460%2C%20Silla%2C%20Valencia.%20\", \"options\": { \"icon\": \"https:\/\/inderen.es\/wp-content\/themes\/transport\/images\/gmap\/map-pin.png\" } }|'><\/div>[\/vc_column][\/vc_row][vc_row full_width=\u00bbstretch_row_content_no_spaces\u00bb][vc_column][vc_raw_html css=\u00bb\u00bb el_id=\u00bbinderenmap02&#8243;]JTNDaWZyYW1lJTIwc3JjJTNEJTIyaHR0cHMlM0ElMkYlMkZ3d3cuZ29vZ2xlLmNvbSUyRm1hcHMlMkZlbWJlZCUzRnBiJTNEJTIxMW0xOCUyMTFtMTIlMjExbTMlMjExZDMwODUuMDIwMDk1OTQ5OTgzNCUyMTJkLTAuNDIwNzE5ODIzNjM3ODg3MDclMjEzZDM5LjM1NTc4MTUxOTUyNzA4JTIxMm0zJTIxMWYwJTIxMmYwJTIxM2YwJTIxM20yJTIxMWkxMDI0JTIxMmk3NjglMjE0ZjEzLjElMjEzbTMlMjExbTIlMjExczB4ZDYwNGQ4MTIwNTRlYWYxJTI1M0EweDg1YmEyYTBmNDdhMzI5ZjElMjEyc0luZ2VuaWVyJTI1QzMlMjVBRGElMjUyMHklMjUyMERlc2Fycm9sbG9zJTI1MjBSZW5vdmFibGVzJTI1MkMlMjUyMFMuTC4lMjE1ZTAlMjEzbTIlMjExc2VzJTIxMnNlcyUyMTR2MTczNzExNTYzNjkxMyUyMTVtMiUyMTFzZXMlMjEyc2VzJTIyJTIwaGVpZ2h0JTNEJTIyNTUwJTIyJTIwc3R5bGUlM0QlMjJib3JkZXIlM0EwJTNCJTIyJTIwYWxsb3dmdWxsc2NyZWVuJTNEJTIyJTIyJTIwbG9hZGluZyUzRCUyMmxhenklMjIlMjByZWZlcnJlcnBvbGljeSUzRCUyMm5vLXJlZmVycmVyLXdoZW4tZG93bmdyYWRlJTIyJTNFJTNDJTJGaWZyYW1lJTNF[\/vc_raw_html][\/vc_column][\/vc_row]<\/p>\n<\/div>","protected":false},"excerpt":{"rendered":"<p>[vc_row css=\u00bb.vc_custom_1541763480932{margin-top: 2% !important;margin-bottom: 3% !important;}\u00bb has_content=\u00bbtrue\u00bb][vc_column width=\u00bb1\/3&#8243; css=\u00bb.vc_custom_1541765270338{margin-top: 1% !important;}\u00bb][vc_empty_space height=\u00bb15px\u00bb][vc_column_text css_animation=\u00bbnone\u00bb]Ingenier\u00eda y desarrollos renovables, S.L.\u00a0 Calle Montg\u00f3, 4-6 46460, Silla Valencia, Espa\u00f1a [\/vc_column_text][vc_empty_space height=\u00bb30px\u00bb][vc_images_carousel images=\u00bb3635,3625,3623&#8243; autoplay=\u00bbyes\u00bb][vc_empty_space height=\u00bb30px\u00bb][vc_column_text css_animation=\u00bbnone\u00bb]Tel\u00e9fono: +34 961 24 22 32 E-mail: web@inderen.es [\/vc_column_text][\/vc_column][vc_column width=\u00bb2\/3&#8243;][vc_empty_space height=\u00bb15px\u00bb][vc_raw_html]JTVCd3Bmb3JtcyUyMGlkJTNEJTIyMTExNjAlMjIlMjB0aXRsZSUzRCUyMmZhbHNlJTIyJTVE[\/vc_raw_html][\/vc_column][\/vc_row][vc_row&#8230;<\/p>\n","protected":false},"author":1,"featured_media":0,"parent":0,"menu_order":0,"comment_status":"closed","ping_status":"closed","template":"","meta":{"_monsterinsights_skip_tracking":false,"_monsterinsights_sitenote_active":false,"_monsterinsights_sitenote_note":"","_monsterinsights_sitenote_category":0,"footnotes":""},"class_list":["post-2973","page","type-page","status-publish","hentry"],"yoast_head":"<!-- This site is optimized with the Yoast SEO plugin v27.3 - https:\/\/yoast.com\/product\/yoast-seo-wordpress\/ -->\n<title>Contacto - INDEREN (Ingenier\u00eda y desarrollos renovables, S.L.)<\/title>\n<meta name=\"robots\" content=\"index, follow, max-snippet:-1, max-image-preview:large, max-video-preview:-1\" \/>\n<link rel=\"canonical\" href=\"https:\/\/inderen.es\/es\/contacto\/\" \/>\n<meta property=\"og:locale\" content=\"es_ES\" \/>\n<meta property=\"og:type\" content=\"article\" \/>\n<meta property=\"og:title\" content=\"Contacto - INDEREN (Ingenier\u00eda y desarrollos renovables, S.L.)\" \/>\n<meta property=\"og:description\" content=\"[vc_row css=\u00bb.vc_custom_1541763480932{margin-top: 2% !important;margin-bottom: 3% !important;}\u00bb has_content=\u00bbtrue\u00bb][vc_column width=\u00bb1\/3&#8243; css=\u00bb.vc_custom_1541765270338{margin-top: 1% !important;}\u00bb][vc_empty_space height=\u00bb15px\u00bb][vc_column_text css_animation=\u00bbnone\u00bb]Ingenier\u00eda y desarrollos renovables, S.L.\u00a0 Calle Montg\u00f3, 4-6 46460, Silla Valencia, Espa\u00f1a [\/vc_column_text][vc_empty_space height=\u00bb30px\u00bb][vc_images_carousel images=\u00bb3635,3625,3623&#8243; autoplay=\u00bbyes\u00bb][vc_empty_space height=\u00bb30px\u00bb][vc_column_text css_animation=\u00bbnone\u00bb]Tel\u00e9fono: +34 961 24 22 32 E-mail: web@inderen.es [\/vc_column_text][\/vc_column][vc_column width=\u00bb2\/3&#8243;][vc_empty_space height=\u00bb15px\u00bb][vc_raw_html]JTVCd3Bmb3JtcyUyMGlkJTNEJTIyMTExNjAlMjIlMjB0aXRsZSUzRCUyMmZhbHNlJTIyJTVE[\/vc_raw_html][\/vc_column][\/vc_row][vc_row...\" \/>\n<meta property=\"og:url\" content=\"https:\/\/inderen.es\/es\/contacto\/\" \/>\n<meta property=\"og:site_name\" content=\"INDEREN (Ingenier\u00eda y desarrollos renovables, S.L.)\" \/>\n<meta property=\"article:publisher\" content=\"https:\/\/www.facebook.com\/INDEREN.ENERGIA\/\" \/>\n<meta property=\"article:modified_time\" content=\"2025-01-17T12:50:03+00:00\" \/>\n<meta name=\"twitter:card\" content=\"summary_large_image\" \/>\n<meta name=\"twitter:site\" content=\"@INDEREN_ENERGIA\" \/>\n<meta name=\"twitter:label1\" content=\"Tiempo de lectura\" \/>\n\t<meta name=\"twitter:data1\" content=\"1 minuto\" \/>\n<script type=\"application\/ld+json\" class=\"yoast-schema-graph\">{\"@context\":\"https:\\\/\\\/schema.org\",\"@graph\":[{\"@type\":\"WebPage\",\"@id\":\"https:\\\/\\\/inderen.es\\\/es\\\/contacto\\\/\",\"url\":\"https:\\\/\\\/inderen.es\\\/es\\\/contacto\\\/\",\"name\":\"Contacto - INDEREN (Ingenier\u00eda y desarrollos renovables, S.L.)\",\"isPartOf\":{\"@id\":\"https:\\\/\\\/inderen.es\\\/es\\\/#website\"},\"datePublished\":\"2018-11-09T11:15:43+00:00\",\"dateModified\":\"2025-01-17T12:50:03+00:00\",\"breadcrumb\":{\"@id\":\"https:\\\/\\\/inderen.es\\\/es\\\/contacto\\\/#breadcrumb\"},\"inLanguage\":\"es\",\"potentialAction\":[{\"@type\":\"ReadAction\",\"target\":[\"https:\\\/\\\/inderen.es\\\/es\\\/contacto\\\/\"]}]},{\"@type\":\"BreadcrumbList\",\"@id\":\"https:\\\/\\\/inderen.es\\\/es\\\/contacto\\\/#breadcrumb\",\"itemListElement\":[{\"@type\":\"ListItem\",\"position\":1,\"name\":\"Home\",\"item\":\"https:\\\/\\\/inderen.es\\\/es\\\/\"},{\"@type\":\"ListItem\",\"position\":2,\"name\":\"Contacto\"}]},{\"@type\":\"WebSite\",\"@id\":\"https:\\\/\\\/inderen.es\\\/es\\\/#website\",\"url\":\"https:\\\/\\\/inderen.es\\\/es\\\/\",\"name\":\"INDEREN - Ingenier\u00eda y desarrollos renovables\",\"description\":\"Instaladores de energ\u00edas renovables. Ofrecemos un modelo energ\u00e9tico competitivo que proporcione rentabilidad econ\u00f3mica y valores sociales a nuestros clientes, tanto dom\u00e9sticos como industriales.\",\"publisher\":{\"@id\":\"https:\\\/\\\/inderen.es\\\/es\\\/#organization\"},\"potentialAction\":[{\"@type\":\"SearchAction\",\"target\":{\"@type\":\"EntryPoint\",\"urlTemplate\":\"https:\\\/\\\/inderen.es\\\/es\\\/?s={search_term_string}\"},\"query-input\":{\"@type\":\"PropertyValueSpecification\",\"valueRequired\":true,\"valueName\":\"search_term_string\"}}],\"inLanguage\":\"es\"},{\"@type\":\"Organization\",\"@id\":\"https:\\\/\\\/inderen.es\\\/es\\\/#organization\",\"name\":\"INDEREN (Ingenier\u00eda y desarrollos renovables, S.L.)\",\"url\":\"https:\\\/\\\/inderen.es\\\/es\\\/\",\"logo\":{\"@type\":\"ImageObject\",\"inLanguage\":\"es\",\"@id\":\"https:\\\/\\\/inderen.es\\\/es\\\/#\\\/schema\\\/logo\\\/image\\\/\",\"url\":\"https:\\\/\\\/inderen.es\\\/wp-content\\\/uploads\\\/2019\\\/04\\\/logo-inderen.jpg\",\"contentUrl\":\"https:\\\/\\\/inderen.es\\\/wp-content\\\/uploads\\\/2019\\\/04\\\/logo-inderen.jpg\",\"width\":591,\"height\":591,\"caption\":\"INDEREN (Ingenier\u00eda y desarrollos renovables, S.L.)\"},\"image\":{\"@id\":\"https:\\\/\\\/inderen.es\\\/es\\\/#\\\/schema\\\/logo\\\/image\\\/\"},\"sameAs\":[\"https:\\\/\\\/www.facebook.com\\\/INDEREN.ENERGIA\\\/\",\"https:\\\/\\\/x.com\\\/INDEREN_ENERGIA\",\"https:\\\/\\\/www.linkedin.com\\\/company\\\/inderen\\\/\"]}]}<\/script>\n<!-- \/ Yoast SEO plugin. -->","yoast_head_json":{"title":"Contacto - INDEREN (Ingenier\u00eda y desarrollos renovables, S.L.)","robots":{"index":"index","follow":"follow","max-snippet":"max-snippet:-1","max-image-preview":"max-image-preview:large","max-video-preview":"max-video-preview:-1"},"canonical":"https:\/\/inderen.es\/es\/contacto\/","og_locale":"es_ES","og_type":"article","og_title":"Contacto - INDEREN (Ingenier\u00eda y desarrollos renovables, S.L.)","og_description":"[vc_row css=\u00bb.vc_custom_1541763480932{margin-top: 2% !important;margin-bottom: 3% !important;}\u00bb has_content=\u00bbtrue\u00bb][vc_column width=\u00bb1\/3&#8243; css=\u00bb.vc_custom_1541765270338{margin-top: 1% !important;}\u00bb][vc_empty_space height=\u00bb15px\u00bb][vc_column_text css_animation=\u00bbnone\u00bb]Ingenier\u00eda y desarrollos renovables, S.L.\u00a0 Calle Montg\u00f3, 4-6 46460, Silla Valencia, Espa\u00f1a [\/vc_column_text][vc_empty_space height=\u00bb30px\u00bb][vc_images_carousel images=\u00bb3635,3625,3623&#8243; autoplay=\u00bbyes\u00bb][vc_empty_space height=\u00bb30px\u00bb][vc_column_text css_animation=\u00bbnone\u00bb]Tel\u00e9fono: +34 961 24 22 32 E-mail: web@inderen.es [\/vc_column_text][\/vc_column][vc_column width=\u00bb2\/3&#8243;][vc_empty_space height=\u00bb15px\u00bb][vc_raw_html]JTVCd3Bmb3JtcyUyMGlkJTNEJTIyMTExNjAlMjIlMjB0aXRsZSUzRCUyMmZhbHNlJTIyJTVE[\/vc_raw_html][\/vc_column][\/vc_row][vc_row...","og_url":"https:\/\/inderen.es\/es\/contacto\/","og_site_name":"INDEREN (Ingenier\u00eda y desarrollos renovables, S.L.)","article_publisher":"https:\/\/www.facebook.com\/INDEREN.ENERGIA\/","article_modified_time":"2025-01-17T12:50:03+00:00","twitter_card":"summary_large_image","twitter_site":"@INDEREN_ENERGIA","twitter_misc":{"Tiempo de lectura":"1 minuto"},"schema":{"@context":"https:\/\/schema.org","@graph":[{"@type":"WebPage","@id":"https:\/\/inderen.es\/es\/contacto\/","url":"https:\/\/inderen.es\/es\/contacto\/","name":"Contacto - INDEREN (Ingenier\u00eda y desarrollos renovables, S.L.)","isPartOf":{"@id":"https:\/\/inderen.es\/es\/#website"},"datePublished":"2018-11-09T11:15:43+00:00","dateModified":"2025-01-17T12:50:03+00:00","breadcrumb":{"@id":"https:\/\/inderen.es\/es\/contacto\/#breadcrumb"},"inLanguage":"es","potentialAction":[{"@type":"ReadAction","target":["https:\/\/inderen.es\/es\/contacto\/"]}]},{"@type":"BreadcrumbList","@id":"https:\/\/inderen.es\/es\/contacto\/#breadcrumb","itemListElement":[{"@type":"ListItem","position":1,"name":"Home","item":"https:\/\/inderen.es\/es\/"},{"@type":"ListItem","position":2,"name":"Contacto"}]},{"@type":"WebSite","@id":"https:\/\/inderen.es\/es\/#website","url":"https:\/\/inderen.es\/es\/","name":"INDEREN - Ingenier\u00eda y desarrollos renovables","description":"Instaladores de energ\u00edas renovables. Ofrecemos un modelo energ\u00e9tico competitivo que proporcione rentabilidad econ\u00f3mica y valores sociales a nuestros clientes, tanto dom\u00e9sticos como industriales.","publisher":{"@id":"https:\/\/inderen.es\/es\/#organization"},"potentialAction":[{"@type":"SearchAction","target":{"@type":"EntryPoint","urlTemplate":"https:\/\/inderen.es\/es\/?s={search_term_string}"},"query-input":{"@type":"PropertyValueSpecification","valueRequired":true,"valueName":"search_term_string"}}],"inLanguage":"es"},{"@type":"Organization","@id":"https:\/\/inderen.es\/es\/#organization","name":"INDEREN (Ingenier\u00eda y desarrollos renovables, S.L.)","url":"https:\/\/inderen.es\/es\/","logo":{"@type":"ImageObject","inLanguage":"es","@id":"https:\/\/inderen.es\/es\/#\/schema\/logo\/image\/","url":"https:\/\/inderen.es\/wp-content\/uploads\/2019\/04\/logo-inderen.jpg","contentUrl":"https:\/\/inderen.es\/wp-content\/uploads\/2019\/04\/logo-inderen.jpg","width":591,"height":591,"caption":"INDEREN (Ingenier\u00eda y desarrollos renovables, S.L.)"},"image":{"@id":"https:\/\/inderen.es\/es\/#\/schema\/logo\/image\/"},"sameAs":["https:\/\/www.facebook.com\/INDEREN.ENERGIA\/","https:\/\/x.com\/INDEREN_ENERGIA","https:\/\/www.linkedin.com\/company\/inderen\/"]}]}},"_links":{"self":[{"href":"https:\/\/inderen.es\/es\/wp-json\/wp\/v2\/pages\/2973","targetHints":{"allow":["GET"]}}],"collection":[{"href":"https:\/\/inderen.es\/es\/wp-json\/wp\/v2\/pages"}],"about":[{"href":"https:\/\/inderen.es\/es\/wp-json\/wp\/v2\/types\/page"}],"author":[{"embeddable":true,"href":"https:\/\/inderen.es\/es\/wp-json\/wp\/v2\/users\/1"}],"replies":[{"embeddable":true,"href":"https:\/\/inderen.es\/es\/wp-json\/wp\/v2\/comments?post=2973"}],"version-history":[{"count":46,"href":"https:\/\/inderen.es\/es\/wp-json\/wp\/v2\/pages\/2973\/revisions"}],"predecessor-version":[{"id":15833,"href":"https:\/\/inderen.es\/es\/wp-json\/wp\/v2\/pages\/2973\/revisions\/15833"}],"wp:attachment":[{"href":"https:\/\/inderen.es\/es\/wp-json\/wp\/v2\/media?parent=2973"}],"curies":[{"name":"wp","href":"https:\/\/api.w.org\/{rel}","templated":true}]}}