{"id":3107,"date":"2018-10-03T14:49:33","date_gmt":"2018-10-03T12:49:33","guid":{"rendered":"https:\/\/inderen.es\/compania-nueva\/history\/"},"modified":"2021-02-15T14:18:09","modified_gmt":"2021-02-15T13:18:09","slug":"historia","status":"publish","type":"page","link":"https:\/\/inderen.es\/es\/compania\/historia\/","title":{"rendered":"Historia"},"content":{"rendered":"<div class=\"wpb-content-wrapper\"><p>[vc_row][vc_column]\n\t\t\t<!-- START Slider201801 REVOLUTION SLIDER 6.2.1 --><p class=\"rs-p-wp-fix\"><\/p>\n\t\t\t<rs-module-wrap id=\"rev_slider_4_1_wrapper\" data-source=\"gallery\" style=\"background:transparent;padding:0;margin:0px auto;margin-top:0;margin-bottom:0;max-width:\">\n\t\t\t\t<rs-module id=\"rev_slider_4_1\" style=\"display:none;\" data-version=\"6.2.1\">\n\t\t\t\t\t<rs-slides>\n\t\t\t\t\t\t<rs-slide data-key=\"rs-47\" data-title=\"Slide\" data-duration=\"2500\" data-anim=\"ei:d;eo:d;s:d;r:0;t:fade;sl:d;\">\n\t\t\t\t\t\t\t<img decoding=\"async\" src=\"\/\/inderen.es\/wp-content\/uploads\/2018\/12\/IMG-20170731-WA0013.jpg\" title=\"Historia\" class=\"rev-slidebg\" data-no-retina>\n<!---->\t\t\t\t\t\t<\/rs-slide>\n\t\t\t\t\t\t<rs-slide data-key=\"rs-50\" data-title=\"Slide\" data-duration=\"2500\" data-anim=\"ei:d;eo:d;s:600;r:0;t:fade;sl:d;\">\n\t\t\t\t\t\t\t<img decoding=\"async\" src=\"\/\/inderen.es\/wp-content\/uploads\/2018\/12\/800Web2017-07-10-09.57.43.jpg\" title=\"Historia\" class=\"rev-slidebg\" data-no-retina>\n<!---->\t\t\t\t\t\t<\/rs-slide>\n\t\t\t\t\t\t<rs-slide data-key=\"rs-51\" data-title=\"Slide\" data-duration=\"2500\" data-anim=\"ei:d;eo:d;s:600;r:0;t:fade;sl:d;\">\n\t\t\t\t\t\t\t<img decoding=\"async\" src=\"\/\/inderen.es\/wp-content\/uploads\/2018\/12\/800WebIMG-20180702-WA0014.jpg\" title=\"Historia\" class=\"rev-slidebg\" data-no-retina>\n<!---->\t\t\t\t\t\t<\/rs-slide>\n\t\t\t\t\t<\/rs-slides>\n\t\t\t\t\t<rs-progress class=\"rs-bottom\" style=\"visibility: hidden !important;\"><\/rs-progress>\n\t\t\t\t<\/rs-module>\n\t\t\t\t<script type=\"text\/javascript\">\n\t\t\t\t\tsetREVStartSize({c: 'rev_slider_4_1',rl:[1240,1024,778,480],el:[],gw:[800],gh:[278],type:'standard',justify:'',layout:'fullwidth',mh:\"0\"});\n\t\t\t\t\tvar\trevapi4,\n\t\t\t\t\t\ttpj;\n\t\t\t\t\tjQuery(function() {\n\t\t\t\t\t\ttpj = jQuery;\n\t\t\t\t\t\tif(tpj(\"#rev_slider_4_1\").revolution == undefined){\n\t\t\t\t\t\t\trevslider_showDoubleJqueryError(\"#rev_slider_4_1\");\n\t\t\t\t\t\t}else{\n\t\t\t\t\t\t\trevapi4 = tpj(\"#rev_slider_4_1\").show().revolution({\n\t\t\t\t\t\t\t\tjsFileLocation:\"\/\/inderen.es\/wp-content\/plugins\/revslider\/public\/assets\/js\/\",\n\t\t\t\t\t\t\t\tvisibilityLevels:\"1240,1024,778,480\",\n\t\t\t\t\t\t\t\tgridwidth:800,\n\t\t\t\t\t\t\t\tgridheight:278,\n\t\t\t\t\t\t\t\tspinner:\"spinner0\",\n\t\t\t\t\t\t\t\tresponsiveLevels:\"1240,1024,778,480\",\n\t\t\t\t\t\t\t\tdisableProgressBar:\"on\",\n\t\t\t\t\t\t\t\tnavigation: {\n\t\t\t\t\t\t\t\t\tonHoverStop:false\n\t\t\t\t\t\t\t\t},\n\t\t\t\t\t\t\t\tfallbacks: {\n\t\t\t\t\t\t\t\t\tallowHTML5AutoPlayOnAndroid:true\n\t\t\t\t\t\t\t\t},\n\t\t\t\t\t\t\t});\n\t\t\t\t\t\t}\n\t\t\t\t\t\t\n\t\t\t\t\t});\n\t\t\t\t<\/script>\n\t\t\t<\/rs-module-wrap>\n\t\t\t<!-- END REVOLUTION SLIDER -->\n[\/vc_column][\/vc_row][vc_row][vc_column][vc_empty_space height=\u00bb80px\u00bb][\/vc_column][\/vc_row][vc_row css=\u00bb.vc_custom_1543239954066{margin-bottom: 5% !important;}\u00bb][vc_column width=\u00bb2\/3&#8243;]<div class=\"timeline\"><div class=\"timeline-item\"><div class=\"timeline-year\">2020<\/div><div class=\"timeline-content\"><h3 class=\"timeline-title\">INDEREN participa en el proyecto europeo Valuewaste H2020.<\/h3><div class=\"timeline-text\"><\/div><\/div><\/div><div class=\"timeline-item\"><div class=\"timeline-year\"><\/div><div class=\"timeline-content\"><h3 class=\"timeline-title\">Francia<\/h3><div class=\"timeline-text\">Desarrollo de proyectos de Biog\u00e1s en Francia como pa\u00eds estrat\u00e9gico<\/div><\/div><\/div><div class=\"timeline-item\"><div class=\"timeline-year\"><\/div><div class=\"timeline-content\"><h3 class=\"timeline-title\">Fotovoltaica<\/h3><div class=\"timeline-text\">Consolidaci\u00f3n del desarrollo de proyectos fotovoltaicos<\/div><\/div><\/div><div class=\"timeline-item\"><div class=\"timeline-year\">2019<\/div><div class=\"timeline-content\"><h3 class=\"timeline-title\">Asignaci\u00f3n de nuestro segundo proyecto de \u201cLife Europeo\u201d (Life Ammonia Trapping)<\/h3><div class=\"timeline-text\"><\/div><\/div><\/div><div class=\"timeline-item\"><div class=\"timeline-year\"><\/div><div class=\"timeline-content\"><h3 class=\"timeline-title\">INDEREN obtiene el sello PYME Innovadora, otorgado por el Ministerio de Ciencia, Innovaci\u00f3n y Universidades.<\/h3><div class=\"timeline-text\"><\/div><\/div><\/div><div class=\"timeline-item\"><div class=\"timeline-year\"><\/div><div class=\"timeline-content\"><h3 class=\"timeline-title\">Biog\u00e1s<\/h3><div class=\"timeline-text\">Superamos los 50 proyectos de Biog\u00e1s<\/div><\/div><\/div><div class=\"timeline-item\"><div class=\"timeline-year\">2018<\/div><div class=\"timeline-content\"><h3 class=\"timeline-title\">INDEREN es uno de los 48 candidatos preseleccionados para la fase 1 de SME Instrument como parte del programa Horizon 2020<\/h3><div class=\"timeline-text\"><\/div><\/div><\/div><div class=\"timeline-item\"><div class=\"timeline-year\"><\/div><div class=\"timeline-content\"><h3 class=\"timeline-title\">Fotovoltaica<\/h3><div class=\"timeline-text\">Desarrollo de proyectos fotovoltaicos<\/div><\/div><\/div><div class=\"timeline-item\"><div class=\"timeline-year\">2017<\/div><div class=\"timeline-content\"><h3 class=\"timeline-title\">Reino Unido<\/h3><div class=\"timeline-text\">Desarrollo de proyectos de biog\u00e1s en el Reino Unido<\/div><\/div><\/div><div class=\"timeline-item\"><div class=\"timeline-year\"><\/div><div class=\"timeline-content\"><h3 class=\"timeline-title\">Asignaci\u00f3n de nuestro primer proyecto de \u201cLife Europeo\u201d (Life Anadry)<\/h3><div class=\"timeline-text\"><\/div><\/div><\/div><div class=\"timeline-item\"><div class=\"timeline-year\">2016<\/div><div class=\"timeline-content\"><h3 class=\"timeline-title\">L\u00edder Nacional<\/h3><div class=\"timeline-text\">Nos convertimos en la empresa espa\u00f1ola que ha participado en m\u00e1s proyectos de biog\u00e1s agroalimentario:<br \/>\nEspa\u00f1a | Francia | B\u00e9lgica | Holanda | Reino Unido | Costa Rica<\/div><\/div><\/div><div class=\"timeline-item\"><div class=\"timeline-year\">2015<\/div><div class=\"timeline-content\"><h3 class=\"timeline-title\">B\u00e9lgica<\/h3><div class=\"timeline-text\">Participaci\u00f3n en el primer proyecto de tratamiento de aguas en B\u00e9lgica<\/div><\/div><\/div><div class=\"timeline-item\"><div class=\"timeline-year\"><\/div><div class=\"timeline-content\"><h3 class=\"timeline-title\">Nueva imagen corporativa<\/h3><div class=\"timeline-text\"><\/div><\/div><\/div><div class=\"timeline-item\"><div class=\"timeline-year\">2014<\/div><div class=\"timeline-content\"><h3 class=\"timeline-title\">Am\u00e9rica<\/h3><div class=\"timeline-text\">Primer proyecto internacional en Am\u00e9rica para la ingenier\u00eda AD Solutions<\/div><\/div><\/div><div class=\"timeline-item\"><div class=\"timeline-year\">2012<\/div><div class=\"timeline-content\"><h3 class=\"timeline-title\">Cogeneraci\u00f3n<\/h3><div class=\"timeline-text\">Desarrollo de soluciones a medida de sistemas para plantas de biog\u00e1s y cogeneraci\u00f3n<\/div><\/div><\/div><div class=\"timeline-item\"><div class=\"timeline-year\">2011<\/div><div class=\"timeline-content\"><h3 class=\"timeline-title\">Holanda<\/h3><div class=\"timeline-text\">Primer proyecto internacional en Holanda para la ingenier\u00eda LUDAN<\/div><\/div><\/div><div class=\"timeline-item\"><div class=\"timeline-year\"><\/div><div class=\"timeline-content\"><h3 class=\"timeline-title\">Certificaci\u00f3n en la norma UNE 166002 de I + D + i<\/h3><div class=\"timeline-text\"><\/div><\/div><\/div><div class=\"timeline-item\"><div class=\"timeline-year\">2010<\/div><div class=\"timeline-content\"><h3 class=\"timeline-title\">Biog\u00e1s<\/h3><div class=\"timeline-text\">Participaci\u00f3n en el primer proyecto de planta de biog\u00e1s en Espa\u00f1a<\/div><\/div><\/div><div class=\"timeline-item\"><div class=\"timeline-year\">2009<\/div><div class=\"timeline-content\"><h3 class=\"timeline-title\">Constituci\u00f3n<\/h3><div class=\"timeline-text\">Se constituye Inderen.<br \/>\nInicio de \u00e1rea de negocio en el sector de la Energ\u00eda solar<\/div><\/div><\/div><\/div>[\/vc_column][vc_column width=\u00bb1\/3&#8243; css=\u00bb.vc_custom_1542979174073{margin-top: 15% !important;}\u00bb offset=\u00bbvc_hidden-xs\u00bb][vc_single_image image=\u00bb1770&#8243; img_size=\u00bbfull\u00bb][\/vc_column][\/vc_row]<\/p>\n<\/div>","protected":false},"excerpt":{"rendered":"<p>[vc_row][vc_column][\/vc_column][\/vc_row][vc_row][vc_column][vc_empty_space height=\u00bb80px\u00bb][\/vc_column][\/vc_row][vc_row css=\u00bb.vc_custom_1543239954066{margin-bottom: 5% !important;}\u00bb][vc_column width=\u00bb2\/3&#8243;][\/vc_column][vc_column width=\u00bb1\/3&#8243; css=\u00bb.vc_custom_1542979174073{margin-top: 15% !important;}\u00bb offset=\u00bbvc_hidden-xs\u00bb][vc_single_image image=\u00bb1770&#8243; img_size=\u00bbfull\u00bb][\/vc_column][\/vc_row]<\/p>\n","protected":false},"author":1,"featured_media":0,"parent":2735,"menu_order":0,"comment_status":"closed","ping_status":"closed","template":"","meta":{"_monsterinsights_skip_tracking":false,"_monsterinsights_sitenote_active":false,"_monsterinsights_sitenote_note":"","_monsterinsights_sitenote_category":0,"footnotes":""},"class_list":["post-3107","page","type-page","status-publish","hentry"],"yoast_head":"<!-- This site is optimized with the Yoast SEO plugin v27.5 - https:\/\/yoast.com\/product\/yoast-seo-wordpress\/ -->\n<title>Historia - INDEREN (Ingenier\u00eda y desarrollos renovables, S.L.)<\/title>\n<meta name=\"robots\" content=\"index, follow, max-snippet:-1, max-image-preview:large, max-video-preview:-1\" \/>\n<link rel=\"canonical\" href=\"https:\/\/inderen.es\/es\/compania\/historia\/\" \/>\n<meta property=\"og:locale\" content=\"es_ES\" \/>\n<meta property=\"og:type\" content=\"article\" \/>\n<meta property=\"og:title\" content=\"Historia - INDEREN (Ingenier\u00eda y desarrollos renovables, S.L.)\" \/>\n<meta property=\"og:description\" content=\"[vc_row][vc_column][\/vc_column][\/vc_row][vc_row][vc_column][vc_empty_space height=\u00bb80px\u00bb][\/vc_column][\/vc_row][vc_row css=\u00bb.vc_custom_1543239954066{margin-bottom: 5% !important;}\u00bb][vc_column width=\u00bb2\/3&#8243;][\/vc_column][vc_column width=\u00bb1\/3&#8243; css=\u00bb.vc_custom_1542979174073{margin-top: 15% !important;}\u00bb offset=\u00bbvc_hidden-xs\u00bb][vc_single_image image=\u00bb1770&#8243; img_size=\u00bbfull\u00bb][\/vc_column][\/vc_row]\" \/>\n<meta property=\"og:url\" content=\"https:\/\/inderen.es\/es\/compania\/historia\/\" \/>\n<meta property=\"og:site_name\" content=\"INDEREN (Ingenier\u00eda y desarrollos renovables, S.L.)\" \/>\n<meta property=\"article:publisher\" content=\"https:\/\/www.facebook.com\/INDEREN.ENERGIA\/\" \/>\n<meta property=\"article:modified_time\" content=\"2021-02-15T13:18:09+00:00\" \/>\n<meta name=\"twitter:card\" content=\"summary_large_image\" \/>\n<meta name=\"twitter:site\" content=\"@INDEREN_ENERGIA\" \/>\n<meta name=\"twitter:label1\" content=\"Tiempo de lectura\" \/>\n\t<meta name=\"twitter:data1\" content=\"2 minutos\" \/>\n<script type=\"application\/ld+json\" class=\"yoast-schema-graph\">{\"@context\":\"https:\\\/\\\/schema.org\",\"@graph\":[{\"@type\":\"WebPage\",\"@id\":\"https:\\\/\\\/inderen.es\\\/es\\\/compania\\\/historia\\\/\",\"url\":\"https:\\\/\\\/inderen.es\\\/es\\\/compania\\\/historia\\\/\",\"name\":\"Historia - INDEREN (Ingenier\u00eda y desarrollos renovables, S.L.)\",\"isPartOf\":{\"@id\":\"https:\\\/\\\/inderen.es\\\/es\\\/#website\"},\"datePublished\":\"2018-10-03T12:49:33+00:00\",\"dateModified\":\"2021-02-15T13:18:09+00:00\",\"breadcrumb\":{\"@id\":\"https:\\\/\\\/inderen.es\\\/es\\\/compania\\\/historia\\\/#breadcrumb\"},\"inLanguage\":\"es\",\"potentialAction\":[{\"@type\":\"ReadAction\",\"target\":[\"https:\\\/\\\/inderen.es\\\/es\\\/compania\\\/historia\\\/\"]}]},{\"@type\":\"BreadcrumbList\",\"@id\":\"https:\\\/\\\/inderen.es\\\/es\\\/compania\\\/historia\\\/#breadcrumb\",\"itemListElement\":[{\"@type\":\"ListItem\",\"position\":1,\"name\":\"Home\",\"item\":\"https:\\\/\\\/inderen.es\\\/es\\\/\"},{\"@type\":\"ListItem\",\"position\":2,\"name\":\"Compa\u00f1\u00eda\",\"item\":\"https:\\\/\\\/inderen.es\\\/es\\\/compania\\\/\"},{\"@type\":\"ListItem\",\"position\":3,\"name\":\"Historia\"}]},{\"@type\":\"WebSite\",\"@id\":\"https:\\\/\\\/inderen.es\\\/es\\\/#website\",\"url\":\"https:\\\/\\\/inderen.es\\\/es\\\/\",\"name\":\"INDEREN - Ingenier\u00eda y desarrollos renovables\",\"description\":\"Instaladores de energ\u00edas renovables. Ofrecemos un modelo energ\u00e9tico competitivo que proporcione rentabilidad econ\u00f3mica y valores sociales a nuestros clientes, tanto dom\u00e9sticos como industriales.\",\"publisher\":{\"@id\":\"https:\\\/\\\/inderen.es\\\/es\\\/#organization\"},\"potentialAction\":[{\"@type\":\"SearchAction\",\"target\":{\"@type\":\"EntryPoint\",\"urlTemplate\":\"https:\\\/\\\/inderen.es\\\/es\\\/?s={search_term_string}\"},\"query-input\":{\"@type\":\"PropertyValueSpecification\",\"valueRequired\":true,\"valueName\":\"search_term_string\"}}],\"inLanguage\":\"es\"},{\"@type\":\"Organization\",\"@id\":\"https:\\\/\\\/inderen.es\\\/es\\\/#organization\",\"name\":\"INDEREN (Ingenier\u00eda y desarrollos renovables, S.L.)\",\"url\":\"https:\\\/\\\/inderen.es\\\/es\\\/\",\"logo\":{\"@type\":\"ImageObject\",\"inLanguage\":\"es\",\"@id\":\"https:\\\/\\\/inderen.es\\\/es\\\/#\\\/schema\\\/logo\\\/image\\\/\",\"url\":\"https:\\\/\\\/inderen.es\\\/wp-content\\\/uploads\\\/2019\\\/04\\\/logo-inderen.jpg\",\"contentUrl\":\"https:\\\/\\\/inderen.es\\\/wp-content\\\/uploads\\\/2019\\\/04\\\/logo-inderen.jpg\",\"width\":591,\"height\":591,\"caption\":\"INDEREN (Ingenier\u00eda y desarrollos renovables, S.L.)\"},\"image\":{\"@id\":\"https:\\\/\\\/inderen.es\\\/es\\\/#\\\/schema\\\/logo\\\/image\\\/\"},\"sameAs\":[\"https:\\\/\\\/www.facebook.com\\\/INDEREN.ENERGIA\\\/\",\"https:\\\/\\\/x.com\\\/INDEREN_ENERGIA\",\"https:\\\/\\\/www.linkedin.com\\\/company\\\/inderen\\\/\"]}]}<\/script>\n<!-- \/ Yoast SEO plugin. -->","yoast_head_json":{"title":"Historia - INDEREN (Ingenier\u00eda y desarrollos renovables, S.L.)","robots":{"index":"index","follow":"follow","max-snippet":"max-snippet:-1","max-image-preview":"max-image-preview:large","max-video-preview":"max-video-preview:-1"},"canonical":"https:\/\/inderen.es\/es\/compania\/historia\/","og_locale":"es_ES","og_type":"article","og_title":"Historia - INDEREN (Ingenier\u00eda y desarrollos renovables, S.L.)","og_description":"[vc_row][vc_column][\/vc_column][\/vc_row][vc_row][vc_column][vc_empty_space height=\u00bb80px\u00bb][\/vc_column][\/vc_row][vc_row css=\u00bb.vc_custom_1543239954066{margin-bottom: 5% !important;}\u00bb][vc_column width=\u00bb2\/3&#8243;][\/vc_column][vc_column width=\u00bb1\/3&#8243; css=\u00bb.vc_custom_1542979174073{margin-top: 15% !important;}\u00bb offset=\u00bbvc_hidden-xs\u00bb][vc_single_image image=\u00bb1770&#8243; img_size=\u00bbfull\u00bb][\/vc_column][\/vc_row]","og_url":"https:\/\/inderen.es\/es\/compania\/historia\/","og_site_name":"INDEREN (Ingenier\u00eda y desarrollos renovables, S.L.)","article_publisher":"https:\/\/www.facebook.com\/INDEREN.ENERGIA\/","article_modified_time":"2021-02-15T13:18:09+00:00","twitter_card":"summary_large_image","twitter_site":"@INDEREN_ENERGIA","twitter_misc":{"Tiempo de lectura":"2 minutos"},"schema":{"@context":"https:\/\/schema.org","@graph":[{"@type":"WebPage","@id":"https:\/\/inderen.es\/es\/compania\/historia\/","url":"https:\/\/inderen.es\/es\/compania\/historia\/","name":"Historia - INDEREN (Ingenier\u00eda y desarrollos renovables, S.L.)","isPartOf":{"@id":"https:\/\/inderen.es\/es\/#website"},"datePublished":"2018-10-03T12:49:33+00:00","dateModified":"2021-02-15T13:18:09+00:00","breadcrumb":{"@id":"https:\/\/inderen.es\/es\/compania\/historia\/#breadcrumb"},"inLanguage":"es","potentialAction":[{"@type":"ReadAction","target":["https:\/\/inderen.es\/es\/compania\/historia\/"]}]},{"@type":"BreadcrumbList","@id":"https:\/\/inderen.es\/es\/compania\/historia\/#breadcrumb","itemListElement":[{"@type":"ListItem","position":1,"name":"Home","item":"https:\/\/inderen.es\/es\/"},{"@type":"ListItem","position":2,"name":"Compa\u00f1\u00eda","item":"https:\/\/inderen.es\/es\/compania\/"},{"@type":"ListItem","position":3,"name":"Historia"}]},{"@type":"WebSite","@id":"https:\/\/inderen.es\/es\/#website","url":"https:\/\/inderen.es\/es\/","name":"INDEREN - Ingenier\u00eda y desarrollos renovables","description":"Instaladores de energ\u00edas renovables. Ofrecemos un modelo energ\u00e9tico competitivo que proporcione rentabilidad econ\u00f3mica y valores sociales a nuestros clientes, tanto dom\u00e9sticos como industriales.","publisher":{"@id":"https:\/\/inderen.es\/es\/#organization"},"potentialAction":[{"@type":"SearchAction","target":{"@type":"EntryPoint","urlTemplate":"https:\/\/inderen.es\/es\/?s={search_term_string}"},"query-input":{"@type":"PropertyValueSpecification","valueRequired":true,"valueName":"search_term_string"}}],"inLanguage":"es"},{"@type":"Organization","@id":"https:\/\/inderen.es\/es\/#organization","name":"INDEREN (Ingenier\u00eda y desarrollos renovables, S.L.)","url":"https:\/\/inderen.es\/es\/","logo":{"@type":"ImageObject","inLanguage":"es","@id":"https:\/\/inderen.es\/es\/#\/schema\/logo\/image\/","url":"https:\/\/inderen.es\/wp-content\/uploads\/2019\/04\/logo-inderen.jpg","contentUrl":"https:\/\/inderen.es\/wp-content\/uploads\/2019\/04\/logo-inderen.jpg","width":591,"height":591,"caption":"INDEREN (Ingenier\u00eda y desarrollos renovables, S.L.)"},"image":{"@id":"https:\/\/inderen.es\/es\/#\/schema\/logo\/image\/"},"sameAs":["https:\/\/www.facebook.com\/INDEREN.ENERGIA\/","https:\/\/x.com\/INDEREN_ENERGIA","https:\/\/www.linkedin.com\/company\/inderen\/"]}]}},"_links":{"self":[{"href":"https:\/\/inderen.es\/es\/wp-json\/wp\/v2\/pages\/3107","targetHints":{"allow":["GET"]}}],"collection":[{"href":"https:\/\/inderen.es\/es\/wp-json\/wp\/v2\/pages"}],"about":[{"href":"https:\/\/inderen.es\/es\/wp-json\/wp\/v2\/types\/page"}],"author":[{"embeddable":true,"href":"https:\/\/inderen.es\/es\/wp-json\/wp\/v2\/users\/1"}],"replies":[{"embeddable":true,"href":"https:\/\/inderen.es\/es\/wp-json\/wp\/v2\/comments?post=3107"}],"version-history":[{"count":19,"href":"https:\/\/inderen.es\/es\/wp-json\/wp\/v2\/pages\/3107\/revisions"}],"predecessor-version":[{"id":9044,"href":"https:\/\/inderen.es\/es\/wp-json\/wp\/v2\/pages\/3107\/revisions\/9044"}],"up":[{"embeddable":true,"href":"https:\/\/inderen.es\/es\/wp-json\/wp\/v2\/pages\/2735"}],"wp:attachment":[{"href":"https:\/\/inderen.es\/es\/wp-json\/wp\/v2\/media?parent=3107"}],"curies":[{"name":"wp","href":"https:\/\/api.w.org\/{rel}","templated":true}]}}