{"id":4468,"date":"2019-05-07T15:30:17","date_gmt":"2019-05-07T13:30:17","guid":{"rendered":"https:\/\/inderen.es\/?page_id=4468"},"modified":"2023-03-08T18:49:36","modified_gmt":"2023-03-08T17:49:36","slug":"clausula-adicional-gestion-proveedores","status":"publish","type":"page","link":"https:\/\/inderen.es\/es\/clausula-adicional-gestion-proveedores\/","title":{"rendered":"Cl\u00e1usula Adicional Gesti\u00f3n de Proveedores"},"content":{"rendered":"<h2 class=\"emailh2\">CL\u00c1USULA ADICIONAL GESTI\u00d3N DE PROVEEDORES<\/h2>\n<h3 class=\"emailh3\">(En cumplimiento del Reglamento UE 2016\/679 de Protecci\u00f3n de Datos)<\/h3>\n<div>\n<p class=\"emailespacioblanco\">\n<\/div>\n<div style=\"overflow-x:auto;\">\n<table class=\"emailtableblack\">\n<colgroup span=\"2\"><\/colgroup>\n<colgroup class=\"emailcolgr\"><\/colgroup>\n<tbody>\n<tr class=\"emailfirstrow\">\n<th class=\"emailtableblack\"><\/th>\n<th class=\"emailtableblack\">Informaci\u00f3n B\u00e1sica<\/th>\n<th class=\"emailtableblack\">Informaci\u00f3n Adicional Gesti\u00f3n de Proveedores<\/th>\n<\/tr>\n<tr>\n<th class=\"emailtableblack\">Responsable<\/th>\n<td class=\"emailtableblack\">INGENIERIA Y DESARROLLOS RENOVABLES SL<\/td>\n<td class=\"emailtableblack\"><span class=\"emailspanbold01\">CIF:<\/span> B98140239<br \/>\n<span class=\"emailspanbold01\">Dir. postal:<\/span> Calle Montg\u00f3, 4-6 de Silla CP (46460) Valencia<br \/>\n<span class=\"emailspanbold01\">Tel\u00e9fono:<\/span> +34 961 24 22 32<br \/>\n<span class=\"emailspanbold01\">Email:<\/span> <a class=\"ymcolor01enlace01\" href=\"mailto:web@inderen.es\" target=\"_blank\" rel=\"noopener noreferrer\">web@inderen.es<\/a><br \/>\n<span class=\"emailspanbold01\">Web:<\/span> <a class=\"ymcolor01enlace01\" href=\"https:\/\/www.inderen.es\/\" target=\"_blank\" rel=\"noopener noreferrer\">https:\/\/www.inderen.es\/<\/a>\n<\/td>\n<\/tr>\n<tr>\n<th rowspan=\"2\" class=\"emailtableblack\">Finalidad<\/th>\n<td class=\"emailtableblack2\">Gesti\u00f3n y atenci\u00f3n de proveedores<\/td>\n<td class=\"emailtableblack2\">La finalidad del tratamiento es la gesti\u00f3n y atenci\u00f3n de proveedores, gesti\u00f3n administrativa, gesti\u00f3n de pedidos, facturaci\u00f3n, gesti\u00f3n y control de pagos  y cualquier otra para mantener la relaci\u00f3n con los proveedores.<\/td>\n<\/tr>\n<tr>\n<td class=\"emailtableblack2\">Gesti\u00f3n de los datos de contacto<\/td>\n<td class=\"emailtableblack2\">La finalidad del tratamiento de sus datos personales de contacto es la gestionar adecuadamente la relaci\u00f3n comercial con la Organizaci\u00f3n en la que usted como personas f\u00edsica que presta sus servicios.<\/td>\n<\/tr>\n<tr>\n<th rowspan=\"4\" class=\"emailtableblack\">Legitimaci\u00f3n<\/th>\n<td rowspan=\"2\" class=\"emailtableblack3\">Ejecuci\u00f3n de un contrato<\/td>\n<td class=\"emailtableblack3\">La base jur\u00eddica del tratamiento es la ejecuci\u00f3n de un contrato con nuestros proveedores.<\/td>\n<\/tr>\n<tr>\n<td class=\"emailtableblack2\">Los datos se conservar\u00e1n mientras est\u00e9 activa su relaci\u00f3n con la Organizaci\u00f3n (y no solicite su supresi\u00f3n) y, en cualquier caso, durante los plazos que estipule la normativa que sea de aplicaci\u00f3n al tratamiento descrito.<\/td>\n<\/tr>\n<tr>\n<td rowspan=\"2\" class=\"emailtableblack2\">Inter\u00e9s leg\u00edtimo del Responsable<\/td>\n<td class=\"emailtableblack2\">La Organizaci\u00f3n tiene un inter\u00e9s leg\u00edtimo en gestionar los datos de contacto de las personas f\u00edsicas que presten servicios en una persona jur\u00eddica con el prop\u00f3sito de mantener las relaciones comerciales con la persona jur\u00eddica donde el interesado est\u00e1 prestando sus servicios.<\/td>\n<\/tr>\n<tr>\n<td class=\"emailtableblack2\">Los datos se conservar\u00e1n mientras est\u00e9 activa su relaci\u00f3n con la Organizaci\u00f3n (y no solicite su supresi\u00f3n) y, en cualquier caso, durante los plazos que estipule la normativa que sea de aplicaci\u00f3n al tratamiento descrito.<\/td>\n<\/tr>\n<tr>\n<th class=\"emailtableblack\">Destinatarios<\/th>\n<td colspan=\"2\" class=\"emailtableblack3\">\n<ul class=\"emailul01\">\n<li>Administraci\u00f3n tributaria: Cumplimiento de las obligaciones tributarias con la AEAT<\/li>\n<li>Bancos, cajas de ahorros y cajas rurales: Adeudo de las facturas emitidas a los clientes<\/li>\n<li>Servicios administrativos y de asesor\u00eda de empresa: Prestador de servicios contratado por la Organizaci\u00f3n<\/li>\n<li>Servicios de consultor\u00eda inform\u00e1tica: Prestador de servicios contratado por la Organizaci\u00f3n<\/li>\n<\/ul>\n<\/td>\n<\/tr>\n<tr>\n<th class=\"emailtableblack\">Decisiones Automatizadas<\/th>\n<td colspan=\"2\" class=\"emailtableblack3\">No se tomar\u00e1n decisiones automatizadas sobre sus datos personales ni se proceder\u00e1 a la elaboraci\u00f3n de perfiles.<\/td>\n<\/tr>\n<tr>\n<th class=\"emailtableblack\">Transferencias Internacionales<\/th>\n<td colspan=\"2\" class=\"emailtableblack3\">El responsable del tratamiento contrata su infraestructura virtual que contempla la gesti\u00f3n de correo electr\u00f3nico, calendario, documentos, aplicaciones de ofim\u00e1tica, alojamiento de archivos, etc.  seg\u00fan un modelo de \u00abcomputaci\u00f3n en la nube\u00bb a trav\u00e9s de los servicios de la Organizaci\u00f3n Microsoft Corporation al amparo al amparo:<br \/>\nde las Clausulas Contractuales Tipo de la Comisi\u00f3n del art 46 del RGPD &#8211; Informaci\u00f3n disponible en: <a class=\"ymcolor01enlace01\" href=\"https:\/\/docs.microsoft.com\/es-es\/compliance\/regulatory\/offering-eu-model-clauses\" target=\"_blank\" rel=\"noopener noreferrer\">https:\/\/docs.microsoft.com\/es-es\/compliance\/regulatory\/offering-eu-model-clauses<\/a>.<\/td>\n<\/tr>\n<tr>\n<th rowspan=\"5\" class=\"emailtableblack\">Ejercicio de derechos<\/th>\n<td colspan=\"2\" class=\"emailtableblack\">Como interesado pueden ejercitar sus derechos de acceso, rectificaci\u00f3n, supresi\u00f3n, u oposici\u00f3n. Tiene derecho a retirar el consentimiento en cualquier momento para aquellas finalidades a las que a otorgado el consentimiento.<\/td>\n<\/tr>\n<tr>\n<td colspan=\"2\" class=\"emailtableblack\">En determinadas circunstancias, el interesado podr\u00e1 solicitar al portabilidad de los datos y, por lo tanto, a recibir los datos personales que le incumban en un formato estructurado, de uso com\u00fan y lectura mec\u00e1nica, para poder transmitirlos a otro responsable del tratamiento.<\/td>\n<\/tr>\n<tr>\n<td colspan=\"2\" class=\"emailtableblack\">En determinadas circunstancias, el interesado podr\u00e1 solicitar la limitaci\u00f3n del tratamiento de sus datos, en cuyo caso \u00fanicamente los conservaremos para el ejercicio o la defensa de reclamaciones.<\/td>\n<\/tr>\n<tr>\n<td colspan=\"2\" class=\"emailtableblack\">Los interesados tienen derecho a reclamar ante la Autoridad de Control (Agencia Espa\u00f1ola de Protecci\u00f3n de Datos <a class=\"ymcolor01enlace01\" href=\"www.agpd.es\" target=\"_blank\" rel=\"noopener noreferrer\">www.agpd.es<\/a>).<\/td>\n<\/tr>\n<tr>\n<td colspan=\"2\" class=\"emailtableblack\">Puede ejercitar sus derechos presentando un escrito a la direcci\u00f3n Calle Montg\u00f3, 4-6 de  Silla CP (46460) Valencia. Deber\u00e1 especificar cu\u00e1l de estos derechos solicita para que sea satisfecho y, a su vez, deber\u00e1 acompa\u00f1arse de la fotocopia del DNI o documento identificativo equivalente. Si quiere disponer de un modelo para ello podr\u00e1:<\/p>\n<ul class=\"emailul01\">\n<li>Bien utilizar un modelo oficial de la Agencia: <a class=\"ymcolor01enlace01\" href=\"https:\/\/www.aepd.es\/reglamento\/derechos\/index.html\" target=\"_blank\" rel=\"noopener noreferrer\">https:\/\/www.aepd.es\/reglamento\/derechos\/index.html<\/a><\/li>\n<li>Bien solicitarnos un modelo: <a class=\"ymcolor01enlace01\" href=\"mailto:web@inderen.es\" target=\"_blank\" rel=\"noopener noreferrer\">web@inderen.es<\/a><\/li>\n<\/ul>\n<\/td>\n<\/tr>\n<\/tbody>\n<\/table>\n<\/div>\n<div>\n<p class=\"emailespacioblanco\">\n<\/div>\n<div>\n<p class=\"emailespacioblanco\">\n<\/div>\n<div>\n<p class=\"emailespacioblanco\">\n<\/div>\n","protected":false},"excerpt":{"rendered":"<p>CL\u00c1USULA ADICIONAL GESTI\u00d3N DE PROVEEDORES (En cumplimiento del Reglamento UE 2016\/679 de Protecci\u00f3n de Datos) Informaci\u00f3n B\u00e1sica Informaci\u00f3n Adicional Gesti\u00f3n de Proveedores Responsable INGENIERIA Y DESARROLLOS RENOVABLES SL CIF: B98140239 Dir. postal: Calle Montg\u00f3, 4-6 de Silla CP (46460) Valencia&#8230;<\/p>\n","protected":false},"author":4,"featured_media":0,"parent":0,"menu_order":0,"comment_status":"closed","ping_status":"closed","template":"","meta":{"_monsterinsights_skip_tracking":false,"_monsterinsights_sitenote_active":false,"_monsterinsights_sitenote_note":"","_monsterinsights_sitenote_category":0,"footnotes":""},"class_list":["post-4468","page","type-page","status-publish","hentry"],"yoast_head":"<!-- This site is optimized with the Yoast SEO plugin v27.3 - https:\/\/yoast.com\/product\/yoast-seo-wordpress\/ -->\n<title>Cl\u00e1usula Adicional Gesti\u00f3n de Proveedores - INDEREN<\/title>\n<meta name=\"description\" content=\"Cl\u00e1usula Adicional Gesti\u00f3n de proveedores La finalidad del tratamiento es la gesti\u00f3n y atenci\u00f3n de proveedores, gesti\u00f3n administrativa, gesti\u00f3n de pedido...\" \/>\n<meta name=\"robots\" content=\"index, follow, max-snippet:-1, max-image-preview:large, max-video-preview:-1\" \/>\n<link rel=\"canonical\" href=\"https:\/\/inderen.es\/es\/clausula-adicional-gestion-proveedores\/\" \/>\n<meta property=\"og:locale\" content=\"es_ES\" \/>\n<meta property=\"og:type\" content=\"article\" \/>\n<meta property=\"og:title\" content=\"Cl\u00e1usula Adicional Gesti\u00f3n de Proveedores - INDEREN\" \/>\n<meta property=\"og:description\" content=\"Cl\u00e1usula Adicional Gesti\u00f3n de proveedores La finalidad del tratamiento es la gesti\u00f3n y atenci\u00f3n de proveedores, gesti\u00f3n administrativa, gesti\u00f3n de pedido...\" \/>\n<meta property=\"og:url\" content=\"https:\/\/inderen.es\/es\/clausula-adicional-gestion-proveedores\/\" \/>\n<meta property=\"og:site_name\" content=\"INDEREN (Ingenier\u00eda y desarrollos renovables, S.L.)\" \/>\n<meta property=\"article:publisher\" content=\"https:\/\/www.facebook.com\/INDEREN.ENERGIA\/\" \/>\n<meta property=\"article:modified_time\" content=\"2023-03-08T17:49:36+00:00\" \/>\n<meta name=\"twitter:card\" content=\"summary_large_image\" \/>\n<meta name=\"twitter:site\" content=\"@INDEREN_ENERGIA\" \/>\n<meta name=\"twitter:label1\" content=\"Tiempo de lectura\" \/>\n\t<meta name=\"twitter:data1\" content=\"3 minutos\" \/>\n<script type=\"application\/ld+json\" class=\"yoast-schema-graph\">{\"@context\":\"https:\\\/\\\/schema.org\",\"@graph\":[{\"@type\":\"WebPage\",\"@id\":\"https:\\\/\\\/inderen.es\\\/es\\\/clausula-adicional-gestion-proveedores\\\/\",\"url\":\"https:\\\/\\\/inderen.es\\\/es\\\/clausula-adicional-gestion-proveedores\\\/\",\"name\":\"Cl\u00e1usula Adicional Gesti\u00f3n de Proveedores - INDEREN\",\"isPartOf\":{\"@id\":\"https:\\\/\\\/inderen.es\\\/es\\\/#website\"},\"datePublished\":\"2019-05-07T13:30:17+00:00\",\"dateModified\":\"2023-03-08T17:49:36+00:00\",\"description\":\"Cl\u00e1usula Adicional Gesti\u00f3n de proveedores La finalidad del tratamiento es la gesti\u00f3n y atenci\u00f3n de proveedores, gesti\u00f3n administrativa, gesti\u00f3n de pedido...\",\"breadcrumb\":{\"@id\":\"https:\\\/\\\/inderen.es\\\/es\\\/clausula-adicional-gestion-proveedores\\\/#breadcrumb\"},\"inLanguage\":\"es\",\"potentialAction\":[{\"@type\":\"ReadAction\",\"target\":[\"https:\\\/\\\/inderen.es\\\/es\\\/clausula-adicional-gestion-proveedores\\\/\"]}]},{\"@type\":\"BreadcrumbList\",\"@id\":\"https:\\\/\\\/inderen.es\\\/es\\\/clausula-adicional-gestion-proveedores\\\/#breadcrumb\",\"itemListElement\":[{\"@type\":\"ListItem\",\"position\":1,\"name\":\"Home\",\"item\":\"https:\\\/\\\/inderen.es\\\/es\\\/\"},{\"@type\":\"ListItem\",\"position\":2,\"name\":\"Cl\u00e1usula Adicional Gesti\u00f3n de Proveedores\"}]},{\"@type\":\"WebSite\",\"@id\":\"https:\\\/\\\/inderen.es\\\/es\\\/#website\",\"url\":\"https:\\\/\\\/inderen.es\\\/es\\\/\",\"name\":\"INDEREN - Ingenier\u00eda y desarrollos renovables\",\"description\":\"Instaladores de energ\u00edas renovables. Ofrecemos un modelo energ\u00e9tico competitivo que proporcione rentabilidad econ\u00f3mica y valores sociales a nuestros clientes, tanto dom\u00e9sticos como industriales.\",\"publisher\":{\"@id\":\"https:\\\/\\\/inderen.es\\\/es\\\/#organization\"},\"potentialAction\":[{\"@type\":\"SearchAction\",\"target\":{\"@type\":\"EntryPoint\",\"urlTemplate\":\"https:\\\/\\\/inderen.es\\\/es\\\/?s={search_term_string}\"},\"query-input\":{\"@type\":\"PropertyValueSpecification\",\"valueRequired\":true,\"valueName\":\"search_term_string\"}}],\"inLanguage\":\"es\"},{\"@type\":\"Organization\",\"@id\":\"https:\\\/\\\/inderen.es\\\/es\\\/#organization\",\"name\":\"INDEREN (Ingenier\u00eda y desarrollos renovables, S.L.)\",\"url\":\"https:\\\/\\\/inderen.es\\\/es\\\/\",\"logo\":{\"@type\":\"ImageObject\",\"inLanguage\":\"es\",\"@id\":\"https:\\\/\\\/inderen.es\\\/es\\\/#\\\/schema\\\/logo\\\/image\\\/\",\"url\":\"https:\\\/\\\/inderen.es\\\/wp-content\\\/uploads\\\/2019\\\/04\\\/logo-inderen.jpg\",\"contentUrl\":\"https:\\\/\\\/inderen.es\\\/wp-content\\\/uploads\\\/2019\\\/04\\\/logo-inderen.jpg\",\"width\":591,\"height\":591,\"caption\":\"INDEREN (Ingenier\u00eda y desarrollos renovables, S.L.)\"},\"image\":{\"@id\":\"https:\\\/\\\/inderen.es\\\/es\\\/#\\\/schema\\\/logo\\\/image\\\/\"},\"sameAs\":[\"https:\\\/\\\/www.facebook.com\\\/INDEREN.ENERGIA\\\/\",\"https:\\\/\\\/x.com\\\/INDEREN_ENERGIA\",\"https:\\\/\\\/www.linkedin.com\\\/company\\\/inderen\\\/\"]}]}<\/script>\n<!-- \/ Yoast SEO plugin. -->","yoast_head_json":{"title":"Cl\u00e1usula Adicional Gesti\u00f3n de Proveedores - INDEREN","description":"Cl\u00e1usula Adicional Gesti\u00f3n de proveedores La finalidad del tratamiento es la gesti\u00f3n y atenci\u00f3n de proveedores, gesti\u00f3n administrativa, gesti\u00f3n de pedido...","robots":{"index":"index","follow":"follow","max-snippet":"max-snippet:-1","max-image-preview":"max-image-preview:large","max-video-preview":"max-video-preview:-1"},"canonical":"https:\/\/inderen.es\/es\/clausula-adicional-gestion-proveedores\/","og_locale":"es_ES","og_type":"article","og_title":"Cl\u00e1usula Adicional Gesti\u00f3n de Proveedores - INDEREN","og_description":"Cl\u00e1usula Adicional Gesti\u00f3n de proveedores La finalidad del tratamiento es la gesti\u00f3n y atenci\u00f3n de proveedores, gesti\u00f3n administrativa, gesti\u00f3n de pedido...","og_url":"https:\/\/inderen.es\/es\/clausula-adicional-gestion-proveedores\/","og_site_name":"INDEREN (Ingenier\u00eda y desarrollos renovables, S.L.)","article_publisher":"https:\/\/www.facebook.com\/INDEREN.ENERGIA\/","article_modified_time":"2023-03-08T17:49:36+00:00","twitter_card":"summary_large_image","twitter_site":"@INDEREN_ENERGIA","twitter_misc":{"Tiempo de lectura":"3 minutos"},"schema":{"@context":"https:\/\/schema.org","@graph":[{"@type":"WebPage","@id":"https:\/\/inderen.es\/es\/clausula-adicional-gestion-proveedores\/","url":"https:\/\/inderen.es\/es\/clausula-adicional-gestion-proveedores\/","name":"Cl\u00e1usula Adicional Gesti\u00f3n de Proveedores - INDEREN","isPartOf":{"@id":"https:\/\/inderen.es\/es\/#website"},"datePublished":"2019-05-07T13:30:17+00:00","dateModified":"2023-03-08T17:49:36+00:00","description":"Cl\u00e1usula Adicional Gesti\u00f3n de proveedores La finalidad del tratamiento es la gesti\u00f3n y atenci\u00f3n de proveedores, gesti\u00f3n administrativa, gesti\u00f3n de pedido...","breadcrumb":{"@id":"https:\/\/inderen.es\/es\/clausula-adicional-gestion-proveedores\/#breadcrumb"},"inLanguage":"es","potentialAction":[{"@type":"ReadAction","target":["https:\/\/inderen.es\/es\/clausula-adicional-gestion-proveedores\/"]}]},{"@type":"BreadcrumbList","@id":"https:\/\/inderen.es\/es\/clausula-adicional-gestion-proveedores\/#breadcrumb","itemListElement":[{"@type":"ListItem","position":1,"name":"Home","item":"https:\/\/inderen.es\/es\/"},{"@type":"ListItem","position":2,"name":"Cl\u00e1usula Adicional Gesti\u00f3n de Proveedores"}]},{"@type":"WebSite","@id":"https:\/\/inderen.es\/es\/#website","url":"https:\/\/inderen.es\/es\/","name":"INDEREN - Ingenier\u00eda y desarrollos renovables","description":"Instaladores de energ\u00edas renovables. Ofrecemos un modelo energ\u00e9tico competitivo que proporcione rentabilidad econ\u00f3mica y valores sociales a nuestros clientes, tanto dom\u00e9sticos como industriales.","publisher":{"@id":"https:\/\/inderen.es\/es\/#organization"},"potentialAction":[{"@type":"SearchAction","target":{"@type":"EntryPoint","urlTemplate":"https:\/\/inderen.es\/es\/?s={search_term_string}"},"query-input":{"@type":"PropertyValueSpecification","valueRequired":true,"valueName":"search_term_string"}}],"inLanguage":"es"},{"@type":"Organization","@id":"https:\/\/inderen.es\/es\/#organization","name":"INDEREN (Ingenier\u00eda y desarrollos renovables, S.L.)","url":"https:\/\/inderen.es\/es\/","logo":{"@type":"ImageObject","inLanguage":"es","@id":"https:\/\/inderen.es\/es\/#\/schema\/logo\/image\/","url":"https:\/\/inderen.es\/wp-content\/uploads\/2019\/04\/logo-inderen.jpg","contentUrl":"https:\/\/inderen.es\/wp-content\/uploads\/2019\/04\/logo-inderen.jpg","width":591,"height":591,"caption":"INDEREN (Ingenier\u00eda y desarrollos renovables, S.L.)"},"image":{"@id":"https:\/\/inderen.es\/es\/#\/schema\/logo\/image\/"},"sameAs":["https:\/\/www.facebook.com\/INDEREN.ENERGIA\/","https:\/\/x.com\/INDEREN_ENERGIA","https:\/\/www.linkedin.com\/company\/inderen\/"]}]}},"_links":{"self":[{"href":"https:\/\/inderen.es\/es\/wp-json\/wp\/v2\/pages\/4468","targetHints":{"allow":["GET"]}}],"collection":[{"href":"https:\/\/inderen.es\/es\/wp-json\/wp\/v2\/pages"}],"about":[{"href":"https:\/\/inderen.es\/es\/wp-json\/wp\/v2\/types\/page"}],"author":[{"embeddable":true,"href":"https:\/\/inderen.es\/es\/wp-json\/wp\/v2\/users\/4"}],"replies":[{"embeddable":true,"href":"https:\/\/inderen.es\/es\/wp-json\/wp\/v2\/comments?post=4468"}],"version-history":[{"count":13,"href":"https:\/\/inderen.es\/es\/wp-json\/wp\/v2\/pages\/4468\/revisions"}],"predecessor-version":[{"id":13210,"href":"https:\/\/inderen.es\/es\/wp-json\/wp\/v2\/pages\/4468\/revisions\/13210"}],"wp:attachment":[{"href":"https:\/\/inderen.es\/es\/wp-json\/wp\/v2\/media?parent=4468"}],"curies":[{"name":"wp","href":"https:\/\/api.w.org\/{rel}","templated":true}]}}