{"id":4535,"date":"2019-05-09T11:00:58","date_gmt":"2019-05-09T09:00:58","guid":{"rendered":"https:\/\/inderen.es\/?page_id=4535"},"modified":"2023-03-09T14:51:16","modified_gmt":"2023-03-09T13:51:16","slug":"clausula-adicional-gestion-sistemas-videovigilancia","status":"publish","type":"page","link":"https:\/\/inderen.es\/es\/clausula-adicional-gestion-sistemas-videovigilancia\/","title":{"rendered":"Cl\u00e1usula Adicional Gesti\u00f3n de Sistemas de Videovigilancia"},"content":{"rendered":"<h2 class=\"emailh2\">Cl\u00e1usula Adicional Gesti\u00f3n de Sistemas de Videovigilancia<\/h2>\n<h3 class=\"emailh3\">(En cumplimiento del Reglamento UE 2016\/679 de Protecci\u00f3n de Datos)<\/h3>\n<div>\n<p class=\"emailespacioblanco\">\n<\/div>\n<div style=\"overflow-x:auto;\">\n<table class=\"emailtableblack\">\n<colgroup span=\"2\"><\/colgroup>\n<colgroup class=\"emailcolgr\"><\/colgroup>\n<tbody>\n<tr class=\"emailfirstrow\">\n<th class=\"emailtableblack\"><\/th>\n<th class=\"emailtableblack\">Informaci\u00f3n B\u00e1sica<\/th>\n<th class=\"emailtableblack\">Informaci\u00f3n Adicional Gesti\u00f3n de Sistemas de Videovigilancia<\/th>\n<\/tr>\n<tr>\n<th class=\"emailtableblack\">Responsable<\/th>\n<td class=\"emailtableblack\">INGENIERIA Y DESARROLLOS RENOVABLES SL<\/td>\n<td class=\"emailtableblack\"><span class=\"emailspanbold01\">CIF:<\/span> B98140239<br \/>\n<span class=\"emailspanbold01\">Dir. postal:<\/span> Calle Montg\u00f3, 4-6 de Silla CP (46460) Valencia<br \/>\n<span class=\"emailspanbold01\">Tel\u00e9fono:<\/span> +34 961 24 22 32<br \/>\n<span class=\"emailspanbold01\">Email:<\/span> <a href=\"mailto:web@inderen.es\">web@inderen.es<\/a><br \/>\n<span class=\"emailspanbold01\">Web:<\/span> <a href=\"https:\/\/inderen.es\/\">https:\/\/inderen.es\/<\/a><\/td>\n<\/tr>\n<tr>\n<th class=\"emailtableblack\">Finalidad<\/th>\n<td class=\"emailtableblack\">Gesti\u00f3n de Sistemas de Videovigilancia<\/td>\n<td class=\"emailtableblack\">La finalidad del tratamiento es proceder al tratamiento de im\u00e1genes a trav\u00e9s de sistemas de c\u00e1maras o videoc\u00e1maras con la finalidad de preservar la seguridad de las personas y bienes, as\u00ed como de sus instalaciones.<\/td>\n<\/tr>\n<tr>\n<th rowspan=\"2\" class=\"emailtableblack\">Legitimaci\u00f3n<\/th>\n<td rowspan=\"2\" class=\"emailtableblack2\">Inter\u00e9s leg\u00edtimo del Responsable <\/td>\n<td class=\"emailtableblack2\">Inter\u00e9s leg\u00edtimo que perseguimos en el tratamiento de im\u00e1genes a trav\u00e9s de sistemas de c\u00e1maras o videoc\u00e1maras es la de preservar la seguridad de las personas y bienes, as\u00ed como de nuestras instalaciones.<\/td>\n<\/tr>\n<tr>\n<td class=\"emailtableblack2\">Los datos ser\u00e1n suprimidos en el plazo m\u00e1ximo de un mes desde su captaci\u00f3n, salvo cuando hubieran de ser conservadas para acreditar la comisi\u00f3n de actos que atenten contra la integridad de personas, bienes o instalaciones.<\/td>\n<\/tr>\n<tr>\n<th class=\"emailtableblack\">Destinatarios<\/th>\n<td class=\"emailtableblack\">Destinatarios previstas para las finalidades principales<\/td>\n<td class=\"emailtableblack\">Fuerzas y cuerpos de seguridad (Las im\u00e1genes podr\u00e1n ser comunicadas cuando a las Fuerzas y cuerpos de seguridad cuando existan hechos o indicios comprobados y verificados desvelen indicios de infracci\u00f3n contra la seguridad de las personas y bienes, as\u00ed como de las instalaciones del Responsable del Tratamiento.)<\/td>\n<\/tr>\n<tr>\n<th class=\"emailtableblack\">Transferencias Internacionales<\/th>\n<td class=\"emailtableblack\">Transferencias Internacionales de datos<\/td>\n<td class=\"emailtableblack\">No se realizar\u00e1n transferencias de datos personales a pa\u00edses fuera de la UE.<\/td>\n<\/tr>\n<tr>\n<th rowspan=\"5\" class=\"emailtableblack\">Derechos<\/th>\n<td rowspan=\"5\" class=\"emailtableblack\">Ejercicio de derechos<\/td>\n<td class=\"emailtableblack\">Como interesado pueden ejercitar sus derechos de acceso, rectificaci\u00f3n, supresi\u00f3n, u oposici\u00f3n. Tiene derecho a retirar el consentimiento en cualquier momento para aquellas finalidades a las que a otorgado el consentimiento.<\/td>\n<\/tr>\n<tr>\n<td class=\"emailtableblack\">El interesado tienen derecho a la portabilidad de los datos y, por lo tanto, a recibir los datos personales que le incumban en un formato estructurado, de uso com\u00fan y lectura mec\u00e1nica, para poder transmitirlos a otro responsable del tratamiento.<\/td>\n<\/tr>\n<tr>\n<td class=\"emailtableblack\">En determinadas circunstancias, el interesado podr\u00e1 solicitar la limitaci\u00f3n del tratamiento de sus datos, en cuyo caso \u00fanicamente los conservaremos para el ejercicio o la defensa de reclamaciones.<\/td>\n<\/tr>\n<tr>\n<td class=\"emailtableblack\">Los interesados tienen derecho a reclamar ante la Autoridad de Control (Agencia Espa\u00f1ola de Protecci\u00f3n de Datos <a href=\"https:\/\/www.aepd.es\/\" target=\"_blank\" rel=\"noopener noreferrer\">www.agpd.es<\/a>).<\/td>\n<\/tr>\n<tr>\n<td class=\"emailtableblack\">Puede ejercitar sus derechos presentando un escrito a la direcci\u00f3n Calle Montg\u00f3, 4-6 de Silla CP (46460) Valencia. Deber\u00e1 especificar cu\u00e1l de estos derechos solicita para que sea satisfecho y, a su vez, deber\u00e1 acompa\u00f1arse de la fotocopia del DNI o documento identificativo equivalente. Si quiere disponer de un modelo para ello podr\u00e1:<\/p>\n<ul class=\"emailul01\">\n<li>Bien utilizar un modelo oficial de la Agencia: <a href=\"https:\/\/www.aepd.es\/reglamento\/derechos\/index.html\" target=\"_blank\" rel=\"noopener noreferrer\">https:\/\/www.aepd.es\/reglamento\/derechos\/index.html<\/a><\/li>\n<li>Bien solicitarnos un modelo: <a href=\"mailto:web@inderen.es\">web@inderen.es<\/a><\/li>\n<\/ul>\n<\/td>\n<\/tr>\n<\/tbody>\n<\/table>\n<\/div>\n<div>\n<p class=\"emailespacioblanco\">\n<\/div>\n<div>\n<p class=\"emailespacioblanco\">\n<\/div>\n<div>\n<p class=\"emailespacioblanco\">\n<\/div>\n","protected":false},"excerpt":{"rendered":"<p>Cl\u00e1usula Adicional Gesti\u00f3n de Sistemas de Videovigilancia (En cumplimiento del Reglamento UE 2016\/679 de Protecci\u00f3n de Datos) Informaci\u00f3n B\u00e1sica Informaci\u00f3n Adicional Gesti\u00f3n de Sistemas de Videovigilancia Responsable INGENIERIA Y DESARROLLOS RENOVABLES SL CIF: B98140239 Dir. postal: Calle Montg\u00f3, 4-6 de&#8230;<\/p>\n","protected":false},"author":4,"featured_media":0,"parent":0,"menu_order":0,"comment_status":"closed","ping_status":"closed","template":"","meta":{"_monsterinsights_skip_tracking":false,"_monsterinsights_sitenote_active":false,"_monsterinsights_sitenote_note":"","_monsterinsights_sitenote_category":0,"footnotes":""},"class_list":["post-4535","page","type-page","status-publish","hentry"],"yoast_head":"<!-- This site is optimized with the Yoast SEO plugin v27.3 - https:\/\/yoast.com\/product\/yoast-seo-wordpress\/ -->\n<title>Cl\u00e1usula Adicional Gesti\u00f3n de Sistemas de Videovigilancia - INDEREN<\/title>\n<meta name=\"description\" content=\"Cl\u00e1usula Adicional Gesti\u00f3n de Sistemas de Videovigilancia La finalidad del tratamiento es proceder al tratamiento de im\u00e1genes a trav\u00e9s de sistemas de...\" \/>\n<meta name=\"robots\" content=\"index, follow, max-snippet:-1, max-image-preview:large, max-video-preview:-1\" \/>\n<link rel=\"canonical\" href=\"https:\/\/inderen.es\/es\/clausula-adicional-gestion-sistemas-videovigilancia\/\" \/>\n<meta property=\"og:locale\" content=\"es_ES\" \/>\n<meta property=\"og:type\" content=\"article\" \/>\n<meta property=\"og:title\" content=\"Cl\u00e1usula Adicional Gesti\u00f3n de Sistemas de Videovigilancia - INDEREN\" \/>\n<meta property=\"og:description\" content=\"Cl\u00e1usula Adicional Gesti\u00f3n de Sistemas de Videovigilancia La finalidad del tratamiento es proceder al tratamiento de im\u00e1genes a trav\u00e9s de sistemas de...\" \/>\n<meta property=\"og:url\" content=\"https:\/\/inderen.es\/es\/clausula-adicional-gestion-sistemas-videovigilancia\/\" \/>\n<meta property=\"og:site_name\" content=\"INDEREN (Ingenier\u00eda y desarrollos renovables, S.L.)\" \/>\n<meta property=\"article:publisher\" content=\"https:\/\/www.facebook.com\/INDEREN.ENERGIA\/\" \/>\n<meta property=\"article:modified_time\" content=\"2023-03-09T13:51:16+00:00\" \/>\n<meta name=\"twitter:card\" content=\"summary_large_image\" \/>\n<meta name=\"twitter:site\" content=\"@INDEREN_ENERGIA\" \/>\n<meta name=\"twitter:label1\" content=\"Tiempo de lectura\" \/>\n\t<meta name=\"twitter:data1\" content=\"2 minutos\" \/>\n<script type=\"application\/ld+json\" class=\"yoast-schema-graph\">{\"@context\":\"https:\\\/\\\/schema.org\",\"@graph\":[{\"@type\":\"WebPage\",\"@id\":\"https:\\\/\\\/inderen.es\\\/es\\\/clausula-adicional-gestion-sistemas-videovigilancia\\\/\",\"url\":\"https:\\\/\\\/inderen.es\\\/es\\\/clausula-adicional-gestion-sistemas-videovigilancia\\\/\",\"name\":\"Cl\u00e1usula Adicional Gesti\u00f3n de Sistemas de Videovigilancia - INDEREN\",\"isPartOf\":{\"@id\":\"https:\\\/\\\/inderen.es\\\/es\\\/#website\"},\"datePublished\":\"2019-05-09T09:00:58+00:00\",\"dateModified\":\"2023-03-09T13:51:16+00:00\",\"description\":\"Cl\u00e1usula Adicional Gesti\u00f3n de Sistemas de Videovigilancia La finalidad del tratamiento es proceder al tratamiento de im\u00e1genes a trav\u00e9s de sistemas de...\",\"breadcrumb\":{\"@id\":\"https:\\\/\\\/inderen.es\\\/es\\\/clausula-adicional-gestion-sistemas-videovigilancia\\\/#breadcrumb\"},\"inLanguage\":\"es\",\"potentialAction\":[{\"@type\":\"ReadAction\",\"target\":[\"https:\\\/\\\/inderen.es\\\/es\\\/clausula-adicional-gestion-sistemas-videovigilancia\\\/\"]}]},{\"@type\":\"BreadcrumbList\",\"@id\":\"https:\\\/\\\/inderen.es\\\/es\\\/clausula-adicional-gestion-sistemas-videovigilancia\\\/#breadcrumb\",\"itemListElement\":[{\"@type\":\"ListItem\",\"position\":1,\"name\":\"Home\",\"item\":\"https:\\\/\\\/inderen.es\\\/es\\\/\"},{\"@type\":\"ListItem\",\"position\":2,\"name\":\"Cl\u00e1usula Adicional Gesti\u00f3n de Sistemas de Videovigilancia\"}]},{\"@type\":\"WebSite\",\"@id\":\"https:\\\/\\\/inderen.es\\\/es\\\/#website\",\"url\":\"https:\\\/\\\/inderen.es\\\/es\\\/\",\"name\":\"INDEREN - Ingenier\u00eda y desarrollos renovables\",\"description\":\"Instaladores de energ\u00edas renovables. Ofrecemos un modelo energ\u00e9tico competitivo que proporcione rentabilidad econ\u00f3mica y valores sociales a nuestros clientes, tanto dom\u00e9sticos como industriales.\",\"publisher\":{\"@id\":\"https:\\\/\\\/inderen.es\\\/es\\\/#organization\"},\"potentialAction\":[{\"@type\":\"SearchAction\",\"target\":{\"@type\":\"EntryPoint\",\"urlTemplate\":\"https:\\\/\\\/inderen.es\\\/es\\\/?s={search_term_string}\"},\"query-input\":{\"@type\":\"PropertyValueSpecification\",\"valueRequired\":true,\"valueName\":\"search_term_string\"}}],\"inLanguage\":\"es\"},{\"@type\":\"Organization\",\"@id\":\"https:\\\/\\\/inderen.es\\\/es\\\/#organization\",\"name\":\"INDEREN (Ingenier\u00eda y desarrollos renovables, S.L.)\",\"url\":\"https:\\\/\\\/inderen.es\\\/es\\\/\",\"logo\":{\"@type\":\"ImageObject\",\"inLanguage\":\"es\",\"@id\":\"https:\\\/\\\/inderen.es\\\/es\\\/#\\\/schema\\\/logo\\\/image\\\/\",\"url\":\"https:\\\/\\\/inderen.es\\\/wp-content\\\/uploads\\\/2019\\\/04\\\/logo-inderen.jpg\",\"contentUrl\":\"https:\\\/\\\/inderen.es\\\/wp-content\\\/uploads\\\/2019\\\/04\\\/logo-inderen.jpg\",\"width\":591,\"height\":591,\"caption\":\"INDEREN (Ingenier\u00eda y desarrollos renovables, S.L.)\"},\"image\":{\"@id\":\"https:\\\/\\\/inderen.es\\\/es\\\/#\\\/schema\\\/logo\\\/image\\\/\"},\"sameAs\":[\"https:\\\/\\\/www.facebook.com\\\/INDEREN.ENERGIA\\\/\",\"https:\\\/\\\/x.com\\\/INDEREN_ENERGIA\",\"https:\\\/\\\/www.linkedin.com\\\/company\\\/inderen\\\/\"]}]}<\/script>\n<!-- \/ Yoast SEO plugin. -->","yoast_head_json":{"title":"Cl\u00e1usula Adicional Gesti\u00f3n de Sistemas de Videovigilancia - INDEREN","description":"Cl\u00e1usula Adicional Gesti\u00f3n de Sistemas de Videovigilancia La finalidad del tratamiento es proceder al tratamiento de im\u00e1genes a trav\u00e9s de sistemas de...","robots":{"index":"index","follow":"follow","max-snippet":"max-snippet:-1","max-image-preview":"max-image-preview:large","max-video-preview":"max-video-preview:-1"},"canonical":"https:\/\/inderen.es\/es\/clausula-adicional-gestion-sistemas-videovigilancia\/","og_locale":"es_ES","og_type":"article","og_title":"Cl\u00e1usula Adicional Gesti\u00f3n de Sistemas de Videovigilancia - INDEREN","og_description":"Cl\u00e1usula Adicional Gesti\u00f3n de Sistemas de Videovigilancia La finalidad del tratamiento es proceder al tratamiento de im\u00e1genes a trav\u00e9s de sistemas de...","og_url":"https:\/\/inderen.es\/es\/clausula-adicional-gestion-sistemas-videovigilancia\/","og_site_name":"INDEREN (Ingenier\u00eda y desarrollos renovables, S.L.)","article_publisher":"https:\/\/www.facebook.com\/INDEREN.ENERGIA\/","article_modified_time":"2023-03-09T13:51:16+00:00","twitter_card":"summary_large_image","twitter_site":"@INDEREN_ENERGIA","twitter_misc":{"Tiempo de lectura":"2 minutos"},"schema":{"@context":"https:\/\/schema.org","@graph":[{"@type":"WebPage","@id":"https:\/\/inderen.es\/es\/clausula-adicional-gestion-sistemas-videovigilancia\/","url":"https:\/\/inderen.es\/es\/clausula-adicional-gestion-sistemas-videovigilancia\/","name":"Cl\u00e1usula Adicional Gesti\u00f3n de Sistemas de Videovigilancia - INDEREN","isPartOf":{"@id":"https:\/\/inderen.es\/es\/#website"},"datePublished":"2019-05-09T09:00:58+00:00","dateModified":"2023-03-09T13:51:16+00:00","description":"Cl\u00e1usula Adicional Gesti\u00f3n de Sistemas de Videovigilancia La finalidad del tratamiento es proceder al tratamiento de im\u00e1genes a trav\u00e9s de sistemas de...","breadcrumb":{"@id":"https:\/\/inderen.es\/es\/clausula-adicional-gestion-sistemas-videovigilancia\/#breadcrumb"},"inLanguage":"es","potentialAction":[{"@type":"ReadAction","target":["https:\/\/inderen.es\/es\/clausula-adicional-gestion-sistemas-videovigilancia\/"]}]},{"@type":"BreadcrumbList","@id":"https:\/\/inderen.es\/es\/clausula-adicional-gestion-sistemas-videovigilancia\/#breadcrumb","itemListElement":[{"@type":"ListItem","position":1,"name":"Home","item":"https:\/\/inderen.es\/es\/"},{"@type":"ListItem","position":2,"name":"Cl\u00e1usula Adicional Gesti\u00f3n de Sistemas de Videovigilancia"}]},{"@type":"WebSite","@id":"https:\/\/inderen.es\/es\/#website","url":"https:\/\/inderen.es\/es\/","name":"INDEREN - Ingenier\u00eda y desarrollos renovables","description":"Instaladores de energ\u00edas renovables. Ofrecemos un modelo energ\u00e9tico competitivo que proporcione rentabilidad econ\u00f3mica y valores sociales a nuestros clientes, tanto dom\u00e9sticos como industriales.","publisher":{"@id":"https:\/\/inderen.es\/es\/#organization"},"potentialAction":[{"@type":"SearchAction","target":{"@type":"EntryPoint","urlTemplate":"https:\/\/inderen.es\/es\/?s={search_term_string}"},"query-input":{"@type":"PropertyValueSpecification","valueRequired":true,"valueName":"search_term_string"}}],"inLanguage":"es"},{"@type":"Organization","@id":"https:\/\/inderen.es\/es\/#organization","name":"INDEREN (Ingenier\u00eda y desarrollos renovables, S.L.)","url":"https:\/\/inderen.es\/es\/","logo":{"@type":"ImageObject","inLanguage":"es","@id":"https:\/\/inderen.es\/es\/#\/schema\/logo\/image\/","url":"https:\/\/inderen.es\/wp-content\/uploads\/2019\/04\/logo-inderen.jpg","contentUrl":"https:\/\/inderen.es\/wp-content\/uploads\/2019\/04\/logo-inderen.jpg","width":591,"height":591,"caption":"INDEREN (Ingenier\u00eda y desarrollos renovables, S.L.)"},"image":{"@id":"https:\/\/inderen.es\/es\/#\/schema\/logo\/image\/"},"sameAs":["https:\/\/www.facebook.com\/INDEREN.ENERGIA\/","https:\/\/x.com\/INDEREN_ENERGIA","https:\/\/www.linkedin.com\/company\/inderen\/"]}]}},"_links":{"self":[{"href":"https:\/\/inderen.es\/es\/wp-json\/wp\/v2\/pages\/4535","targetHints":{"allow":["GET"]}}],"collection":[{"href":"https:\/\/inderen.es\/es\/wp-json\/wp\/v2\/pages"}],"about":[{"href":"https:\/\/inderen.es\/es\/wp-json\/wp\/v2\/types\/page"}],"author":[{"embeddable":true,"href":"https:\/\/inderen.es\/es\/wp-json\/wp\/v2\/users\/4"}],"replies":[{"embeddable":true,"href":"https:\/\/inderen.es\/es\/wp-json\/wp\/v2\/comments?post=4535"}],"version-history":[{"count":4,"href":"https:\/\/inderen.es\/es\/wp-json\/wp\/v2\/pages\/4535\/revisions"}],"predecessor-version":[{"id":4547,"href":"https:\/\/inderen.es\/es\/wp-json\/wp\/v2\/pages\/4535\/revisions\/4547"}],"wp:attachment":[{"href":"https:\/\/inderen.es\/es\/wp-json\/wp\/v2\/media?parent=4535"}],"curies":[{"name":"wp","href":"https:\/\/api.w.org\/{rel}","templated":true}]}}