{"id":821,"date":"2016-03-29T11:47:28","date_gmt":"2016-03-29T10:47:28","guid":{"rendered":"http:\/\/inderen.es?page_id=821"},"modified":"2024-05-08T15:15:59","modified_gmt":"2024-05-08T13:15:59","slug":"descargas","status":"publish","type":"page","link":"https:\/\/inderen.es\/es\/descargas\/","title":{"rendered":"Descargas"},"content":{"rendered":"<h2 class=\"ymstyleh2\">Descargas<\/h2>\n<h3 class=\"ymstyleh3\">En esta p\u00e1gina se pueden descargar los siguientes documentos:<\/h3>\n<h3 class=\"ymstyleh3\">Cat\u00e1logos en castellano<\/h3>\n<div>\n<p class=\"ymstyleespacioblanco\">\n<\/div>\n<div>\n<p class=\"ymstyleespacioblanco\">\n<\/div>\n<ul class=\"ymline1outer\">\n<li class=\"ymseparateline1\"><\/li>\n<\/ul>\n<div>\n<p class=\"ymstyleespacioblanco\">\n<\/div>\n<div>\n<p class=\"ymstyleespacioblanco2\">\n<\/div>\n<div style=\"overflow-x:auto;\">\n<table class=\"ymstyletableblack\">\n<colgroup class=\"ymstylecolgr01\"><\/colgroup>\n<colgroup class=\"ymstylecolgr02\"><\/colgroup>\n<colgroup class=\"ymstylecolgr03\"><\/colgroup>\n<tbody>\n<tr class=\"ymstylefirstrow\">\n<th class=\"ymstyletableblack\">T\u00edtulo<\/th>\n<th class=\"ymstyletableblack\">Tipo<\/th>\n<th class=\"ymstyletableblack\">Descargas<\/th>\n<\/tr>\n<tr>\n<td class=\"ymstyletableblack2\">Cat\u00e1logo de INDEREN<\/th>\n<td class=\"ymstyletableblack\">PDF<\/td>\n<td class=\"ymstyletablebutton\"><button class=\"ymstylebutton\" onclick=\"window.open('https:\/\/inderen.es\/wp-content\/uploads\/2023\/03\/INDEREN-Catalogo-2022.pdf', '_blank')\"><span class=\"ymstylespan\">Descargar<\/span><\/button><\/td>\n<\/tr>\n<tr>\n<td class=\"ymstyletableblack2\">BIOG\u00c1S &#8211; Dossier de Presentaci\u00f3n<\/th>\n<td class=\"ymstyletableblack\">PDF<\/td>\n<td class=\"ymstyletablebutton\"><button class=\"ymstylebutton\" onclick=\"window.open('https:\/\/inderen.es\/wp-content\/uploads\/2024\/02\/V15-ESP-Biogas-INDEREN-202402Feb28-small.pdf', '_blank')\"><span class=\"ymstylespan\">Descargar<\/span><\/button><\/td>\n<\/tr>\n<tr>\n<td class=\"ymstyletableblack2\">AGROVOLTAICA &#8211; Dossier de Presentaci\u00f3n<\/th>\n<td class=\"ymstyletableblack\">PDF<\/td>\n<td class=\"ymstyletablebutton\"><button class=\"ymstylebutton\" onclick=\"window.open('https:\/\/inderen.es\/wp-content\/uploads\/2024\/05\/Agrovoltaica-INDEREN-vPDF-Final-Small-03.pdf', '_blank')\"><span class=\"ymstylespan\">Descargar<\/span><\/button><\/td>\n<\/tr>\n<tr>\n<td class=\"ymstyletableblack2\">Soluciones en CONTENEDORES para Planta de Biog\u00e1s &#8211; Dossier de Presentaci\u00f3n<\/th>\n<td class=\"ymstyletableblack\">PDF<\/td>\n<td class=\"ymstyletablebutton\"><button class=\"ymstylebutton\" onclick=\"window.open('https:\/\/inderen.es\/wp-content\/uploads\/2021\/02\/Soluciones-en-Contenedores-para-Planta-de-Biogas-INDEREN.pdf', '_blank')\"><span class=\"ymstylespan\">Descargar<\/span><\/button><\/td>\n<\/tr>\n<tr>\n<td class=\"ymstyletableblack2\">CARPINTER\u00cdA MET\u00c1LICA &#8211; Dossier de Presentaci\u00f3n<\/th>\n<td class=\"ymstyletableblack\">PDF<\/td>\n<td class=\"ymstyletablebutton\"><button class=\"ymstylebutton\" onclick=\"window.open('https:\/\/inderen.es\/wp-content\/uploads\/2021\/02\/Carpinteria-Metalica-INDEREN-ESP.pdf', '_blank')\"><span class=\"ymstylespan\">Descargar<\/span><\/button><\/td>\n<\/tr>\n<tr>\n<td class=\"ymstyletableblack2\">SMART BIOGAS &#8211; Dossier de Presentaci\u00f3n<\/th>\n<td class=\"ymstyletableblack\">PDF<\/td>\n<td class=\"ymstyletablebutton\"><button class=\"ymstylebutton\" onclick=\"window.open('https:\/\/inderen.es\/wp-content\/uploads\/2017\/02\/CATALOGO-SMART-BIOGAS.pdf', '_blank')\"><span class=\"ymstylespan\">Descargar<\/span><\/button><\/td>\n<\/tr>\n<\/tbody>\n<\/table>\n<\/div>\n<div>\n<p class=\"ymstyleespacioblanco2\">\n<\/div>\n<div>\n<p class=\"ymstyleespacioblanco\">\n<\/div>\n<ul class=\"ymline1outer\">\n<li class=\"ymseparateline1\"><\/li>\n<\/ul>\n<div>\n<p class=\"ymstyleespacioblanco\">\n<\/div>\n<h3 class=\"ymstyleh3\">I+D+i<\/h3>\n<div>\n<p class=\"ymstyleespacioblanco\">\n<\/div>\n<div style=\"overflow-x:auto;\">\n<table class=\"ymstyletableblack\">\n<colgroup class=\"ymstylecolgr01\"><\/colgroup>\n<colgroup class=\"ymstylecolgr02\"><\/colgroup>\n<colgroup class=\"ymstylecolgr03\"><\/colgroup>\n<tbody>\n<tr class=\"ymstylefirstrow\">\n<th class=\"ymstyletableblack\">T\u00edtulo<\/th>\n<th class=\"ymstyletableblack\">Tipo<\/th>\n<th class=\"ymstyletableblack\">Descargas<\/th>\n<\/tr>\n<tr>\n<td class=\"ymstyletableblack2\">Certificado I+D+i<\/th>\n<td class=\"ymstyletableblack\">PDF<\/td>\n<td class=\"ymstyletablebutton\"><button class=\"ymstylebutton\" onclick=\"window.open('https:\/\/inderen.es\/wp-content\/uploads\/2017\/02\/CERTIFICADO-20160926-FI2055-Ed.06-Certificado-IDi-_INDEREN.pdf', '_blank')\"><span class=\"ymstylespan\">Descargar<\/span><\/button><\/td>\n<\/tr>\n<tr>\n<td class=\"ymstyletableblack2\">Certificado PYME innovadora<\/th>\n<td class=\"ymstyletableblack\">PDF<\/td>\n<td class=\"ymstyletablebutton\"><button class=\"ymstylebutton\" onclick=\"window.open('https:\/\/inderen.es\/wp-content\/uploads\/2021\/02\/PYMES-INNOVADORAS-INDEREN.pdf', '_blank')\"><span class=\"ymstylespan\">Descargar<\/span><\/button><\/td>\n<\/tr>\n<tr>\n<td class=\"ymstyletableblack2\">Revista RETEMA &#8211; N\u00famero 217 Especial Bioenerg\u00eda 2019<\/th>\n<td class=\"ymstyletableblack\">PDF<\/td>\n<td class=\"ymstyletablebutton\"><button class=\"ymstylebutton\" onclick=\"window.open('https:\/\/inderen.es\/wp-content\/uploads\/2019\/09\/RETEMA-217-Especial-Bioenerg\u00eda-2019.pdf', '_blank')\"><span class=\"ymstylespan\">Descargar<\/span><\/button><\/td>\n<\/tr>\n<tr>\n<td class=\"ymstyletableblack2\">Informe Layman sobre Life-ANADRY<\/th>\n<td class=\"ymstyletableblack\">PDF<\/td>\n<td class=\"ymstyletablebutton\"><button class=\"ymstylebutton\" onclick=\"window.open('https:\/\/inderen.es\/wp-content\/uploads\/2019\/06\/Informe-Layman-sobre-Life-ANADRY-ESP.pdf', '_blank')\"><span class=\"ymstylespan\">Descargar<\/span><\/button><\/td>\n<\/tr>\n<tr>\n<td class=\"ymstyletableblack2\">I+D+i &#8211; Dossier de Presentaci\u00f3n<\/th>\n<td class=\"ymstyletableblack\">PDF<\/td>\n<td class=\"ymstyletablebutton\"><button class=\"ymstylebutton\" onclick=\"window.open('https:\/\/inderen.es\/wp-content\/uploads\/2021\/10\/IDi-\u2013-Dossier-de-Presentacion-1.pdf', '_blank')\"><span class=\"ymstylespan\">Descargar<\/span><\/button><\/td>\n<\/tr>\n<tr>\n<td class=\"ymstyletableblack2\">Formulario sugerencia de idea<\/th>\n<td class=\"ymstyletableblack\">PDF<\/td>\n<td class=\"ymstyletablebutton\"><button class=\"ymstylebutton\" onclick=\"window.open('https:\/\/inderen.es\/wp-content\/uploads\/2017\/02\/FORMULARIO-R0801a-Sugerencia-de-idea-Inderen-ED01.pdf', '_blank')\"><span class=\"ymstylespan\">Descargar<\/span><\/button><\/td>\n<\/tr>\n<\/tbody>\n<\/table>\n<\/div>\n<div>\n<p class=\"ymstyleespacioblanco2\">\n<\/div>\n<div>\n<p class=\"ymstyleespacioblanco\">\n<\/div>\n<ul class=\"ymline1outer\">\n<li class=\"ymseparateline1\"><\/li>\n<\/ul>\n<div>\n<p class=\"ymstyleespacioblanco\">\n<\/div>\n<h3 class=\"ymstyleh3\">Informaci\u00f3n legal<\/h3>\n<div>\n<p class=\"ymstyleespacioblanco\">\n<\/div>\n<div style=\"overflow-x:auto;\">\n<table class=\"ymstyletableblack\">\n<colgroup class=\"ymstylecolgr01\"><\/colgroup>\n<colgroup class=\"ymstylecolgr02\"><\/colgroup>\n<colgroup class=\"ymstylecolgr03\"><\/colgroup>\n<tbody>\n<tr class=\"ymstylefirstrow\">\n<th class=\"ymstyletableblack\">T\u00edtulo<\/th>\n<th class=\"ymstyletableblack\">Tipo<\/th>\n<th class=\"ymstyletableblack\">Descargas<\/th>\n<\/tr>\n<tr>\n<td class=\"ymstyletableblack2\">Plan de Igualdad de INDEREN 2024-2028<\/th>\n<td class=\"ymstyletableblack\">PDF<\/td>\n<td class=\"ymstyletablebutton\"><button class=\"ymstylebutton\" onclick=\"window.open('https:\/\/inderen.es\/wp-content\/uploads\/2024\/02\/PLAN-DE-IGUALDAD-INDEREN-2024-2028-FIRMADO.pdf', '_blank')\"><span class=\"ymstylespan\">Descargar<\/span><\/button><\/td>\n<\/tr>\n<\/tbody>\n<\/table>\n<\/div>\n<div>\n<p class=\"ymstyleespacioblanco2\">\n<\/div>\n<div>\n<p class=\"ymstyleespacioblanco\">\n<\/div>\n<ul class=\"ymline1outer\">\n<li class=\"ymseparateline1\"><\/li>\n<\/ul>\n<div>\n<p class=\"ymstyleespacioblanco\">\n<\/div>\n<div>\n<p class=\"ymstyleespacioblanco\">\n<\/div>\n<div>\n<p class=\"ymstyleespacioblanco\">\n<\/div>\n<div>\n<p class=\"ymstyleespacioblanco\">\n<\/div>\n","protected":false},"excerpt":{"rendered":"<p>Descargas En esta p\u00e1gina se pueden descargar los siguientes documentos: Cat\u00e1logos en castellano T\u00edtulo Tipo Descargas Cat\u00e1logo de INDEREN PDF Descargar BIOG\u00c1S &#8211; Dossier de Presentaci\u00f3n PDF Descargar AGROVOLTAICA &#8211; Dossier de Presentaci\u00f3n PDF Descargar Soluciones en CONTENEDORES para Planta&#8230;<\/p>\n","protected":false},"author":1,"featured_media":0,"parent":0,"menu_order":0,"comment_status":"closed","ping_status":"closed","template":"","meta":{"_monsterinsights_skip_tracking":false,"_monsterinsights_sitenote_active":false,"_monsterinsights_sitenote_note":"","_monsterinsights_sitenote_category":0,"footnotes":""},"class_list":["post-821","page","type-page","status-publish","hentry"],"yoast_head":"<!-- This site is optimized with the Yoast SEO plugin v27.3 - https:\/\/yoast.com\/product\/yoast-seo-wordpress\/ -->\n<title>Descargas - INDEREN (Ingenier\u00eda y desarrollos renovables, S.L.)<\/title>\n<meta name=\"robots\" content=\"index, follow, max-snippet:-1, max-image-preview:large, max-video-preview:-1\" \/>\n<link rel=\"canonical\" href=\"https:\/\/inderen.es\/es\/descargas\/\" \/>\n<meta property=\"og:locale\" content=\"es_ES\" \/>\n<meta property=\"og:type\" content=\"article\" \/>\n<meta property=\"og:title\" content=\"Descargas - INDEREN (Ingenier\u00eda y desarrollos renovables, S.L.)\" \/>\n<meta property=\"og:description\" content=\"Descargas En esta p\u00e1gina se pueden descargar los siguientes documentos: Cat\u00e1logos en castellano T\u00edtulo Tipo Descargas Cat\u00e1logo de INDEREN PDF Descargar BIOG\u00c1S &#8211; Dossier de Presentaci\u00f3n PDF Descargar AGROVOLTAICA &#8211; Dossier de Presentaci\u00f3n PDF Descargar Soluciones en CONTENEDORES para Planta...\" \/>\n<meta property=\"og:url\" content=\"https:\/\/inderen.es\/es\/descargas\/\" \/>\n<meta property=\"og:site_name\" content=\"INDEREN (Ingenier\u00eda y desarrollos renovables, S.L.)\" \/>\n<meta property=\"article:publisher\" content=\"https:\/\/www.facebook.com\/INDEREN.ENERGIA\/\" \/>\n<meta property=\"article:modified_time\" content=\"2024-05-08T13:15:59+00:00\" \/>\n<meta name=\"twitter:card\" content=\"summary_large_image\" \/>\n<meta name=\"twitter:site\" content=\"@INDEREN_ENERGIA\" \/>\n<meta name=\"twitter:label1\" content=\"Tiempo de lectura\" \/>\n\t<meta name=\"twitter:data1\" content=\"1 minuto\" \/>\n<script type=\"application\/ld+json\" class=\"yoast-schema-graph\">{\"@context\":\"https:\\\/\\\/schema.org\",\"@graph\":[{\"@type\":\"WebPage\",\"@id\":\"https:\\\/\\\/inderen.es\\\/es\\\/descargas\\\/\",\"url\":\"https:\\\/\\\/inderen.es\\\/es\\\/descargas\\\/\",\"name\":\"Descargas - INDEREN (Ingenier\u00eda y desarrollos renovables, S.L.)\",\"isPartOf\":{\"@id\":\"https:\\\/\\\/inderen.es\\\/es\\\/#website\"},\"datePublished\":\"2016-03-29T10:47:28+00:00\",\"dateModified\":\"2024-05-08T13:15:59+00:00\",\"breadcrumb\":{\"@id\":\"https:\\\/\\\/inderen.es\\\/es\\\/descargas\\\/#breadcrumb\"},\"inLanguage\":\"es\",\"potentialAction\":[{\"@type\":\"ReadAction\",\"target\":[\"https:\\\/\\\/inderen.es\\\/es\\\/descargas\\\/\"]}]},{\"@type\":\"BreadcrumbList\",\"@id\":\"https:\\\/\\\/inderen.es\\\/es\\\/descargas\\\/#breadcrumb\",\"itemListElement\":[{\"@type\":\"ListItem\",\"position\":1,\"name\":\"Home\",\"item\":\"https:\\\/\\\/inderen.es\\\/es\\\/\"},{\"@type\":\"ListItem\",\"position\":2,\"name\":\"Descargas\"}]},{\"@type\":\"WebSite\",\"@id\":\"https:\\\/\\\/inderen.es\\\/es\\\/#website\",\"url\":\"https:\\\/\\\/inderen.es\\\/es\\\/\",\"name\":\"INDEREN - Ingenier\u00eda y desarrollos renovables\",\"description\":\"Instaladores de energ\u00edas renovables. Ofrecemos un modelo energ\u00e9tico competitivo que proporcione rentabilidad econ\u00f3mica y valores sociales a nuestros clientes, tanto dom\u00e9sticos como industriales.\",\"publisher\":{\"@id\":\"https:\\\/\\\/inderen.es\\\/es\\\/#organization\"},\"potentialAction\":[{\"@type\":\"SearchAction\",\"target\":{\"@type\":\"EntryPoint\",\"urlTemplate\":\"https:\\\/\\\/inderen.es\\\/es\\\/?s={search_term_string}\"},\"query-input\":{\"@type\":\"PropertyValueSpecification\",\"valueRequired\":true,\"valueName\":\"search_term_string\"}}],\"inLanguage\":\"es\"},{\"@type\":\"Organization\",\"@id\":\"https:\\\/\\\/inderen.es\\\/es\\\/#organization\",\"name\":\"INDEREN (Ingenier\u00eda y desarrollos renovables, S.L.)\",\"url\":\"https:\\\/\\\/inderen.es\\\/es\\\/\",\"logo\":{\"@type\":\"ImageObject\",\"inLanguage\":\"es\",\"@id\":\"https:\\\/\\\/inderen.es\\\/es\\\/#\\\/schema\\\/logo\\\/image\\\/\",\"url\":\"https:\\\/\\\/inderen.es\\\/wp-content\\\/uploads\\\/2019\\\/04\\\/logo-inderen.jpg\",\"contentUrl\":\"https:\\\/\\\/inderen.es\\\/wp-content\\\/uploads\\\/2019\\\/04\\\/logo-inderen.jpg\",\"width\":591,\"height\":591,\"caption\":\"INDEREN (Ingenier\u00eda y desarrollos renovables, S.L.)\"},\"image\":{\"@id\":\"https:\\\/\\\/inderen.es\\\/es\\\/#\\\/schema\\\/logo\\\/image\\\/\"},\"sameAs\":[\"https:\\\/\\\/www.facebook.com\\\/INDEREN.ENERGIA\\\/\",\"https:\\\/\\\/x.com\\\/INDEREN_ENERGIA\",\"https:\\\/\\\/www.linkedin.com\\\/company\\\/inderen\\\/\"]}]}<\/script>\n<!-- \/ Yoast SEO plugin. -->","yoast_head_json":{"title":"Descargas - INDEREN (Ingenier\u00eda y desarrollos renovables, S.L.)","robots":{"index":"index","follow":"follow","max-snippet":"max-snippet:-1","max-image-preview":"max-image-preview:large","max-video-preview":"max-video-preview:-1"},"canonical":"https:\/\/inderen.es\/es\/descargas\/","og_locale":"es_ES","og_type":"article","og_title":"Descargas - INDEREN (Ingenier\u00eda y desarrollos renovables, S.L.)","og_description":"Descargas En esta p\u00e1gina se pueden descargar los siguientes documentos: Cat\u00e1logos en castellano T\u00edtulo Tipo Descargas Cat\u00e1logo de INDEREN PDF Descargar BIOG\u00c1S &#8211; Dossier de Presentaci\u00f3n PDF Descargar AGROVOLTAICA &#8211; Dossier de Presentaci\u00f3n PDF Descargar Soluciones en CONTENEDORES para Planta...","og_url":"https:\/\/inderen.es\/es\/descargas\/","og_site_name":"INDEREN (Ingenier\u00eda y desarrollos renovables, S.L.)","article_publisher":"https:\/\/www.facebook.com\/INDEREN.ENERGIA\/","article_modified_time":"2024-05-08T13:15:59+00:00","twitter_card":"summary_large_image","twitter_site":"@INDEREN_ENERGIA","twitter_misc":{"Tiempo de lectura":"1 minuto"},"schema":{"@context":"https:\/\/schema.org","@graph":[{"@type":"WebPage","@id":"https:\/\/inderen.es\/es\/descargas\/","url":"https:\/\/inderen.es\/es\/descargas\/","name":"Descargas - INDEREN (Ingenier\u00eda y desarrollos renovables, S.L.)","isPartOf":{"@id":"https:\/\/inderen.es\/es\/#website"},"datePublished":"2016-03-29T10:47:28+00:00","dateModified":"2024-05-08T13:15:59+00:00","breadcrumb":{"@id":"https:\/\/inderen.es\/es\/descargas\/#breadcrumb"},"inLanguage":"es","potentialAction":[{"@type":"ReadAction","target":["https:\/\/inderen.es\/es\/descargas\/"]}]},{"@type":"BreadcrumbList","@id":"https:\/\/inderen.es\/es\/descargas\/#breadcrumb","itemListElement":[{"@type":"ListItem","position":1,"name":"Home","item":"https:\/\/inderen.es\/es\/"},{"@type":"ListItem","position":2,"name":"Descargas"}]},{"@type":"WebSite","@id":"https:\/\/inderen.es\/es\/#website","url":"https:\/\/inderen.es\/es\/","name":"INDEREN - Ingenier\u00eda y desarrollos renovables","description":"Instaladores de energ\u00edas renovables. Ofrecemos un modelo energ\u00e9tico competitivo que proporcione rentabilidad econ\u00f3mica y valores sociales a nuestros clientes, tanto dom\u00e9sticos como industriales.","publisher":{"@id":"https:\/\/inderen.es\/es\/#organization"},"potentialAction":[{"@type":"SearchAction","target":{"@type":"EntryPoint","urlTemplate":"https:\/\/inderen.es\/es\/?s={search_term_string}"},"query-input":{"@type":"PropertyValueSpecification","valueRequired":true,"valueName":"search_term_string"}}],"inLanguage":"es"},{"@type":"Organization","@id":"https:\/\/inderen.es\/es\/#organization","name":"INDEREN (Ingenier\u00eda y desarrollos renovables, S.L.)","url":"https:\/\/inderen.es\/es\/","logo":{"@type":"ImageObject","inLanguage":"es","@id":"https:\/\/inderen.es\/es\/#\/schema\/logo\/image\/","url":"https:\/\/inderen.es\/wp-content\/uploads\/2019\/04\/logo-inderen.jpg","contentUrl":"https:\/\/inderen.es\/wp-content\/uploads\/2019\/04\/logo-inderen.jpg","width":591,"height":591,"caption":"INDEREN (Ingenier\u00eda y desarrollos renovables, S.L.)"},"image":{"@id":"https:\/\/inderen.es\/es\/#\/schema\/logo\/image\/"},"sameAs":["https:\/\/www.facebook.com\/INDEREN.ENERGIA\/","https:\/\/x.com\/INDEREN_ENERGIA","https:\/\/www.linkedin.com\/company\/inderen\/"]}]}},"_links":{"self":[{"href":"https:\/\/inderen.es\/es\/wp-json\/wp\/v2\/pages\/821","targetHints":{"allow":["GET"]}}],"collection":[{"href":"https:\/\/inderen.es\/es\/wp-json\/wp\/v2\/pages"}],"about":[{"href":"https:\/\/inderen.es\/es\/wp-json\/wp\/v2\/types\/page"}],"author":[{"embeddable":true,"href":"https:\/\/inderen.es\/es\/wp-json\/wp\/v2\/users\/1"}],"replies":[{"embeddable":true,"href":"https:\/\/inderen.es\/es\/wp-json\/wp\/v2\/comments?post=821"}],"version-history":[{"count":47,"href":"https:\/\/inderen.es\/es\/wp-json\/wp\/v2\/pages\/821\/revisions"}],"predecessor-version":[{"id":15319,"href":"https:\/\/inderen.es\/es\/wp-json\/wp\/v2\/pages\/821\/revisions\/15319"}],"wp:attachment":[{"href":"https:\/\/inderen.es\/es\/wp-json\/wp\/v2\/media?parent=821"}],"curies":[{"name":"wp","href":"https:\/\/api.w.org\/{rel}","templated":true}]}}